{"id":87528,"date":"2020-06-29T20:18:55","date_gmt":"2020-06-29T18:18:55","guid":{"rendered":"https:\/\/www.seaflowerstore.com\/nl\/red-sea-coral-pro\/"},"modified":"2024-03-19T15:42:56","modified_gmt":"2024-03-19T14:42:56","slug":"red-sea-coral-pro","status":"publish","type":"product","link":"https:\/\/www.seaflowerstore.com\/de\/red-sea-coral-pro\/","title":{"rendered":"Red Sea Coral Pro"},"content":{"rendered":"<h2>Red Sea Coral Pro Salt<\/h2>\n<p>Red Sea Coral Pro Salt eignet sich perfekt f\u00fcr Riffaquarien, insbesondere f\u00fcr LPS- und SPS-Korallen, sowie f\u00fcr die Zucht von Korallenfragmenten. Dieses Salz wird durch Verdunstung von Wasser aus dem Roten Meer und anschlie\u00dfende Anreicherung mit zus\u00e4tzlichen Mineralien hergestellt. Das Ergebnis ist ein Salz, das neben nat\u00fcrlichen Mineralien auch einen erh\u00f6hten Kalziumgehalt und eine verbesserte Pufferkapazit\u00e4t aufweist.<\/p>\n<p><img loading=\"lazy\" decoding=\"async\" class=\"wp-image-30951 size-full\" title=\"Red Sea Coral Pro Salt Elementdiagramm\" src=\"https:\/\/www.seaflowerstore.com\/nl\/wp-content\/uploads\/content\/CP-Salt.png\" alt=\"Red Sea Coral Pro Salt Elementdiagramm\" width=\"738\" height=\"200\" \/><\/p>\n<p class=\"wp-caption-text\">Red Sea Coral Pro Salt Elementdiagramm<\/p>\n","protected":false},"excerpt":{"rendered":"<p>Red Sea Coral Pro salt is available in 7kg bucket and 20kg box<\/p>\n","protected":false},"featured_media":79443,"template":"","meta":[],"pwb-brand":[2125],"product_cat":[1404,1443,515,741],"product_tag":[],"class_list":{"0":"post-87528","1":"product","2":"type-product","3":"status-publish","4":"has-post-thumbnail","6":"pwb-brand-red-sea","7":"product_cat-redsea-de","8":"product_cat-salzig","9":"product_cat-additives","10":"product_cat-brands","11":"pa_content-22-kg","12":"pa_content-20-kg-box","13":"pa_content-7-kg","14":"pa_inhoud-20-kg-box-de","15":"pa_inhoud-22-kg-de","16":"pa_inhoud-7-kg-de","18":"first","19":"instock","20":"taxable","21":"shipping-taxable","22":"purchasable","23":"product-type-variable"},"acf":[],"brands":[{"id":2125,"name":"Red Sea","slug":"red-sea"}],"_links":{"self":[{"href":"https:\/\/www.seaflowerstore.com\/de\/wp-json\/wp\/v2\/product\/87528","targetHints":{"allow":["GET"]}}],"collection":[{"href":"https:\/\/www.seaflowerstore.com\/de\/wp-json\/wp\/v2\/product"}],"about":[{"href":"https:\/\/www.seaflowerstore.com\/de\/wp-json\/wp\/v2\/types\/product"}],"wp:featuredmedia":[{"embeddable":true,"href":"https:\/\/www.seaflowerstore.com\/de\/wp-json\/wp\/v2\/media\/79443"}],"wp:attachment":[{"href":"https:\/\/www.seaflowerstore.com\/de\/wp-json\/wp\/v2\/media?parent=87528"}],"wp:term":[{"taxonomy":"pwb-brand","embeddable":true,"href":"https:\/\/www.seaflowerstore.com\/de\/wp-json\/wp\/v2\/pwb-brand?post=87528"},{"taxonomy":"product_cat","embeddable":true,"href":"https:\/\/www.seaflowerstore.com\/de\/wp-json\/wp\/v2\/product_cat?post=87528"},{"taxonomy":"product_tag","embeddable":true,"href":"https:\/\/www.seaflowerstore.com\/de\/wp-json\/wp\/v2\/product_tag?post=87528"}],"curies":[{"name":"wp","href":"https:\/\/api.w.org\/{rel}","templated":true}]}}