{"id":87532,"date":"2017-02-13T18:12:09","date_gmt":"2017-02-13T17:12:09","guid":{"rendered":"https:\/\/www.seaflowerstore.com\/nl\/de-jong-finest-salt\/"},"modified":"2024-03-20T16:40:38","modified_gmt":"2024-03-20T15:40:38","slug":"de-jong-finest-salt","status":"publish","type":"product","link":"https:\/\/www.seaflowerstore.com\/de\/de-jong-finest-salt\/","title":{"rendered":"De Jong Finest Salt"},"content":{"rendered":"<h2>De Jong Finest Salt is a perfect complete reef salt for your aquarium<\/h2>\n<p><strong>Beschreibung von De Jong:<\/strong><\/p>\n<p>Unser Salz ist bereits bei den meisten Einzelh\u00e4ndlern erh\u00e4ltlich. Jede Woche produzieren wir mit diesem Salz Tausende Gallonen Meerwasser, um unsere Korallenbecken zu f\u00fcllen und frisch zu halten.<\/p>\n<p>Wir verwenden dieses Salz f\u00fcr unsere Korallen und es hilft Steinkorallen wie Acropora, ihre leuchtenden Farben zu behalten.<\/p>\n<p>Obwohl dieses Salz von hoher Qualit\u00e4t ist, freuen wir uns, es zu einem sehr wettbewerbsf\u00e4higen Preis anbieten zu k\u00f6nnen.<\/p>\n","protected":false},"excerpt":{"rendered":"<p>De Jong Finest Salt is a perfect complete reef salt for your aquarium<\/p>\n","protected":false},"featured_media":79440,"template":"","meta":[],"pwb-brand":[2147],"product_cat":[1443,515],"product_tag":[],"class_list":{"0":"post-87532","1":"product","2":"type-product","3":"status-publish","4":"has-post-thumbnail","6":"pwb-brand-djml","7":"product_cat-salzig","8":"product_cat-additives","9":"pa_inhoud-20-kg-de","10":"pa_inhoud-8-kg-de","12":"first","13":"instock","14":"taxable","15":"shipping-taxable","16":"purchasable","17":"product-type-variable"},"acf":[],"brands":[{"id":2147,"name":"DJML","slug":"djml"}],"_links":{"self":[{"href":"https:\/\/www.seaflowerstore.com\/de\/wp-json\/wp\/v2\/product\/87532","targetHints":{"allow":["GET"]}}],"collection":[{"href":"https:\/\/www.seaflowerstore.com\/de\/wp-json\/wp\/v2\/product"}],"about":[{"href":"https:\/\/www.seaflowerstore.com\/de\/wp-json\/wp\/v2\/types\/product"}],"wp:featuredmedia":[{"embeddable":true,"href":"https:\/\/www.seaflowerstore.com\/de\/wp-json\/wp\/v2\/media\/79440"}],"wp:attachment":[{"href":"https:\/\/www.seaflowerstore.com\/de\/wp-json\/wp\/v2\/media?parent=87532"}],"wp:term":[{"taxonomy":"pwb-brand","embeddable":true,"href":"https:\/\/www.seaflowerstore.com\/de\/wp-json\/wp\/v2\/pwb-brand?post=87532"},{"taxonomy":"product_cat","embeddable":true,"href":"https:\/\/www.seaflowerstore.com\/de\/wp-json\/wp\/v2\/product_cat?post=87532"},{"taxonomy":"product_tag","embeddable":true,"href":"https:\/\/www.seaflowerstore.com\/de\/wp-json\/wp\/v2\/product_tag?post=87532"}],"curies":[{"name":"wp","href":"https:\/\/api.w.org\/{rel}","templated":true}]}}