{"id":87535,"date":"2017-02-13T17:41:26","date_gmt":"2017-02-13T16:41:26","guid":{"rendered":"https:\/\/www.seaflowerstore.com\/nl\/d-d-h2ocean-salt\/"},"modified":"2024-03-20T16:40:37","modified_gmt":"2024-03-20T15:40:37","slug":"d-d-h2ocean-salt","status":"publish","type":"product","link":"https:\/\/www.seaflowerstore.com\/de\/d-d-h2ocean-salt\/","title":{"rendered":"D-D H2Ocean salt"},"content":{"rendered":"<h2>D-D H2Ocean salt<\/h2>\n<p>Die Rezeptur f\u00fcr H2Ocean+-Salz wurde von D-D nach monatelangen Tests und Bewertungen entwickelt. Dieses Salz ist so konzipiert, dass es sich schnell und einfach aufl\u00f6st und eine spezielle Chemie aufweist, die unserer Meinung nach die beste Rezeptur f\u00fcr die Erhaltung eines gesunden Riffs ist. Es erm\u00f6glicht auch regelm\u00e4\u00dfige Wasserwechsel bei gleichzeitiger Wahrung des nat\u00fcrlichen Gleichgewichts.<\/p>\n<p>Die Kalzium- und Magnesiumwerte werden erh\u00f6ht, um den durch das Korallenwachstum im Aquarium verbrauchten Bedarf zu ersetzen, w\u00e4hrend die Chloridwerte leicht gesenkt werden, um die Zugabe von Kalzium- und Magnesiumchlorid mit minimalen Auswirkungen auf den Chloridhaushalt zu erleichtern.<\/p>\n<p>Seine nat\u00fcrliche Herkunft stellt sicher, dass das Salz alle 70 Haupt- und Spurenelemente in den richtigen Proportionen enth\u00e4lt, die von Natur aus zu einer homogenen Mischung vermischt werden.<\/p>\n<h2 class=\"sub-title increase-decrease-\">Ausgewogene Rezeptur<\/h2>\n<p>In der Natur besteht ein nat\u00fcrliches Gleichgewicht zwischen Kalzium-, Alkalinit\u00e4ts- und Magnesiumwerten. Viele Salze haben entweder einen unnat\u00fcrlich hohen Kalzium- oder Alkalinit\u00e4tsgehalt, was bedeutet, dass oft zus\u00e4tzlicher Puffer oder Kalzium erforderlich ist, um das nat\u00fcrliche Gleichgewicht wiederherzustellen. H2Ocean-Riffsalz h\u00e4lt Kalzium und Alkalinit\u00e4t im richtigen Verh\u00e4ltnis und h\u00e4lt das Ionengleichgewicht im Gleichgewicht mit den nat\u00fcrlichen Werten, was f\u00fcr ein gesundes Korallenwachstum entscheidend ist.<\/p>\n<h2 class=\"sub-title increase-decrease-\">Optimale Chemie<\/h2>\n<p>Die Rezeptur f\u00fcr H2Ocean-Salz wurde von D-D im Laufe der Jahre kontinuierlich weiterentwickelt. Dieses Salz l\u00f6st sich schnell und einfach auf und verf\u00fcgt \u00fcber eine spezielle Chemie, die wir f\u00fcr die ideale Rezeptur halten, um ein gesundes Riff zu erhalten und regelm\u00e4\u00dfige Wasserwechsel unter Wahrung des nat\u00fcrlichen Gleichgewichts zu erm\u00f6glichen. Die Kalzium- und Magnesiumwerte sind so angepasst, dass sie den durch das Korallenwachstum verbrauchten Kalzium- und Magnesiumgehalt ersetzen. Die Chloridwerte sind leicht reduziert, um die Zugabe von Kalzium- und Magnesiumchlorid zu erleichtern, ohne den Chloridhaushalt wesentlich zu beeintr\u00e4chtigen.<\/p>\n<h2 class=\"sub-title increase-decrease-\">Geringe Hydratation<\/h2>\n<p>Beide H2Ocean-Riffsalzformeln haben im Vergleich zu vielen anderen Salzen einen au\u00dfergew\u00f6hnlich niedrigen Hydratationsgrad. Dies wird durch die Produktion unter streng kontrollierten Bedingungen erreicht, um die Aufnahme von atmosph\u00e4rischer Feuchtigkeit zu verhindern, wodurch es 3 % st\u00e4rker wird. Daher erhalten Sie mehr Salz und weniger Wasser in Ihrer Packung.<\/p>\n<h2 class=\"sub-title increase-decrease-\">Magnesium Pro Plus-Formel<\/h2>\n<p>Viele Salze konzentrieren sich auf die Steigerung des Kalziumspiegels und vernachl\u00e4ssigen dabei Magnesium. Die Aufrechterhaltung der richtigen Magnesiumkonzentration ist jedoch in einem Riffaquarium ebenso wichtig und erleichtert die Aufrechterhaltung stabiler Kalzium-, pH- und Alkalinit\u00e4tswerte.<\/p>\n<h2 class=\"sub-title increase-decrease-\">Mischen und Salzgehaltsmessung<\/h2>\n<p>Die Menge an Salzwasser, die aus einem einzigen Eimer Salz hergestellt werden kann, h\u00e4ngt vom endg\u00fcltigen Salzgehalt ab, auf den die Salzl\u00f6sung gemischt wird. F\u00fcr ein Riffaquarium empfehlen wir das Mischen auf einen Salzgehalt von 35,0 ppt und empfehlen die Verwendung des tragbaren D-D SEAWATER-Refraktometers f\u00fcr genaue und konsistente Salzgehaltsmessungen. Das Salz sollte dem Aquarium hinzugef\u00fcgt werden, sobald es klar ist, normalerweise nach 30 Minuten Mischzeit. L\u00e4ngere Mischzeiten k\u00f6nnen zu Reaktionen mit CO2 in der Atmosph\u00e4re f\u00fchren, was zu einer leichten Ausf\u00e4llung von Calciumcarbonat f\u00fchrt.<\/p>\n<p>Typische Wassermengen pro Packung:<\/p>\n<ul>\n<li>6,6 kg-Kanister f\u00fcr 165\u2013200 Liter (14,55 lbs f\u00fcr 43\u201352 US-Gallonen)<\/li>\n<li>23 kg-Eimer f\u00fcr 592\u2013702 Liter (50,7 lbs f\u00fcr 156\u2013185 US-Gallonen)<\/li>\n<\/ul>\n<h2 class=\"sub-title increase-decrease-\">Verwendung von RO-Wasser<\/h2>\n<p>H2Ocean Pro+-Salz wird f\u00fcr die Verwendung mit Umkehrosmosewasser oder weichem Wasser mit einem Calciumgehalt unter 30 mg\/l empfohlen. RO-Wasser entfernt effektiv unerw\u00fcnschte Ionen wie Phosphat und Nitrat aus Ihrem Leitungswasser, die andernfalls zu l\u00e4stigen Algen in Ihrem Aquarium beitragen k\u00f6nnten. D-D bietet eine Reihe von RO-Einheiten an, die f\u00fcr jede Tankgr\u00f6\u00dfe geeignet sind.<\/p>\n","protected":false},"excerpt":{"rendered":"<p>D-D H2Ocean salt aquarium salts have a strong reputation for quality and consistent parameters, which have been producing fantastic results for reef hobbyists around the world for many years<\/p>\n","protected":false},"featured_media":122134,"template":"","meta":[],"pwb-brand":[2153],"product_cat":[1443],"product_tag":[],"class_list":{"0":"post-87535","1":"product","2":"type-product","3":"status-publish","4":"has-post-thumbnail","6":"pwb-brand-d-d-h2ocean","7":"product_cat-salzig","8":"pa_inhoud-23-kg-de","9":"pa_inhoud-6-6-kg-de","11":"first","12":"instock","13":"taxable","14":"shipping-taxable","15":"purchasable","16":"product-type-variable"},"acf":[],"brands":[{"id":2153,"name":"D-D H2Ocean","slug":"d-d-h2ocean"}],"_links":{"self":[{"href":"https:\/\/www.seaflowerstore.com\/de\/wp-json\/wp\/v2\/product\/87535","targetHints":{"allow":["GET"]}}],"collection":[{"href":"https:\/\/www.seaflowerstore.com\/de\/wp-json\/wp\/v2\/product"}],"about":[{"href":"https:\/\/www.seaflowerstore.com\/de\/wp-json\/wp\/v2\/types\/product"}],"wp:featuredmedia":[{"embeddable":true,"href":"https:\/\/www.seaflowerstore.com\/de\/wp-json\/wp\/v2\/media\/122134"}],"wp:attachment":[{"href":"https:\/\/www.seaflowerstore.com\/de\/wp-json\/wp\/v2\/media?parent=87535"}],"wp:term":[{"taxonomy":"pwb-brand","embeddable":true,"href":"https:\/\/www.seaflowerstore.com\/de\/wp-json\/wp\/v2\/pwb-brand?post=87535"},{"taxonomy":"product_cat","embeddable":true,"href":"https:\/\/www.seaflowerstore.com\/de\/wp-json\/wp\/v2\/product_cat?post=87535"},{"taxonomy":"product_tag","embeddable":true,"href":"https:\/\/www.seaflowerstore.com\/de\/wp-json\/wp\/v2\/product_tag?post=87535"}],"curies":[{"name":"wp","href":"https:\/\/api.w.org\/{rel}","templated":true}]}}