{"id":87538,"date":"2017-02-13T17:24:25","date_gmt":"2017-02-13T16:24:25","guid":{"rendered":"https:\/\/www.seaflowerstore.com\/nl\/aquaforest-sea-salt\/"},"modified":"2024-03-20T16:40:36","modified_gmt":"2024-03-20T15:40:36","slug":"aquaforest-sea-salt","status":"publish","type":"product","link":"https:\/\/www.seaflowerstore.com\/de\/aquaforest-sea-salt\/","title":{"rendered":"Aquaforest Sea Salt"},"content":{"rendered":"<h2>Aquaforest Sea Salt marine salt created for fish tanks, less demanding corals and invertebrates<\/h2>\n<p>Aquaforest Sea Salt ist ein vollsynthetisches Meersalz, das speziell f\u00fcr Fischtanks sowie f\u00fcr weniger anspruchsvolle Korallen und Wirbellose entwickelt wurde. Es ist sowohl phosphat- als auch nitratfrei und somit eine hervorragende Wahl f\u00fcr die Erhaltung einer gesunden Wasserumgebung.<\/p>\n<p>Beim Einrichten neuer Meerwassertanks ist es ratsam, mindestens 10 bis 14 Tage zu warten, bevor Sie Tiere einf\u00fchren. Dadurch kann sich das \u00d6kosystem stabilisieren und Ihren Wasserfreunden wird ein reibungsloserer \u00dcbergang gew\u00e4hrleistet.<\/p>\n<p>Zum Vergleich: 330 Gramm dieses Salzes reichen aus, um 10 Liter Wasser zu behandeln und ein spezifisches Gewicht von bis zu 1,022 zu erreichen. Hier sind die Parameter des Salzes:<\/p>\n<ul>\n<li><strong>Spezifisches Gewicht (S.G):<\/strong> 1,024<\/li>\n<li><strong>Temperatur:<\/strong> 24 \u00b0C<\/li>\n<li><strong>Magnesium (Mg):<\/strong> 1280 mg\/l<\/li>\n<li><strong>Calcium (Ca):<\/strong> 380 mg\/l<\/li>\n<li><strong>Kalium (K):<\/strong> 320 mg\/l<\/li>\n<li><strong>DKH:<\/strong> 9,0<\/li>\n<li><strong>pH:<\/strong> 8,2<\/li>\n<\/ul>\n<p>Diese Informationen helfen Ihnen, eine bl\u00fchende Umgebung f\u00fcr Ihr Meeresleben zu schaffen. Viel Spa\u00df bei Ihrer Aquascaping-Reise!<\/p>\n","protected":false},"excerpt":{"rendered":"<p>Aquaforest Sea Salt\u00a0marine salt created for fish tanks, less demanding corals and invertebrates<\/p>\n","protected":false},"featured_media":79431,"template":"","meta":[],"pwb-brand":[2199],"product_cat":[1414,1443,515,741],"product_tag":[],"class_list":{"0":"post-87538","1":"product","2":"type-product","3":"status-publish","4":"has-post-thumbnail","6":"pwb-brand-aquaforest","7":"product_cat-aquaforest-de","8":"product_cat-salzig","9":"product_cat-additives","10":"product_cat-brands","11":"pa_inhoud-22-kg-de","12":"pa_inhoud-25-kg-de","13":"pa_inhoud-5-kg-de","14":"pa_inhoud-7-5-kg-de","16":"first","17":"instock","18":"taxable","19":"shipping-taxable","20":"purchasable","21":"product-type-variable"},"acf":[],"brands":[{"id":2199,"name":"Aquaforest","slug":"aquaforest"}],"_links":{"self":[{"href":"https:\/\/www.seaflowerstore.com\/de\/wp-json\/wp\/v2\/product\/87538","targetHints":{"allow":["GET"]}}],"collection":[{"href":"https:\/\/www.seaflowerstore.com\/de\/wp-json\/wp\/v2\/product"}],"about":[{"href":"https:\/\/www.seaflowerstore.com\/de\/wp-json\/wp\/v2\/types\/product"}],"wp:featuredmedia":[{"embeddable":true,"href":"https:\/\/www.seaflowerstore.com\/de\/wp-json\/wp\/v2\/media\/79431"}],"wp:attachment":[{"href":"https:\/\/www.seaflowerstore.com\/de\/wp-json\/wp\/v2\/media?parent=87538"}],"wp:term":[{"taxonomy":"pwb-brand","embeddable":true,"href":"https:\/\/www.seaflowerstore.com\/de\/wp-json\/wp\/v2\/pwb-brand?post=87538"},{"taxonomy":"product_cat","embeddable":true,"href":"https:\/\/www.seaflowerstore.com\/de\/wp-json\/wp\/v2\/product_cat?post=87538"},{"taxonomy":"product_tag","embeddable":true,"href":"https:\/\/www.seaflowerstore.com\/de\/wp-json\/wp\/v2\/product_tag?post=87538"}],"curies":[{"name":"wp","href":"https:\/\/api.w.org\/{rel}","templated":true}]}}