{"id":87558,"date":"2017-02-13T15:36:11","date_gmt":"2017-02-13T15:36:11","guid":{"rendered":"https:\/\/www.seaflowerstore.com\/nl\/dsr-b\/"},"modified":"2024-03-20T16:40:25","modified_gmt":"2024-03-20T15:40:25","slug":"dsr-b","status":"publish","type":"product","link":"https:\/\/www.seaflowerstore.com\/de\/dsr-b\/","title":{"rendered":"DSR B+"},"content":{"rendered":"<h2>DSR B+<\/h2>\n<p><strong>DSR Bor B+<\/strong> wurde entwickelt, um den Borgehalt in Ihrem Aquarium zu erh\u00f6hen. Es unterst\u00fctzt effektiv die Ausf\u00e4llung von Kalzium, Magnesium und Bikarbonat in Korallensystemen.<\/p>\n<p><strong>Empfohlene Dosis:<\/strong> Verwenden Sie 12,7 ml pro 100 Liter, um eine Erh\u00f6hung des Borgehalts um 1 ppm zu erreichen.<\/p>\n<p>F\u00fcr eine genaue Messung empfehlen wir die Verwendung des <strong>Salifert Boron-Testkits<\/strong>.<\/p>\n","protected":false},"excerpt":{"rendered":"<p>DSR Boron Support the Precipitation of Calcium within SPS\/LPS corals.<br \/>\nAvaible in 500ml and 1000ml<\/p>\n","protected":false},"featured_media":79404,"template":"","meta":[],"pwb-brand":[2183],"product_cat":[1391,1409],"product_tag":[],"class_list":{"0":"post-87558","1":"product","2":"type-product","3":"status-publish","4":"has-post-thumbnail","6":"pwb-brand-dsr","7":"product_cat-ergaenzungen","8":"product_cat-dsr-de","9":"pa_inhoud-1000-ml-de","10":"pa_inhoud-500-ml-de","12":"first","13":"instock","14":"sale","15":"taxable","16":"shipping-taxable","17":"purchasable","18":"product-type-variable"},"acf":[],"brands":[{"id":2183,"name":"DSR","slug":"dsr"}],"_links":{"self":[{"href":"https:\/\/www.seaflowerstore.com\/de\/wp-json\/wp\/v2\/product\/87558","targetHints":{"allow":["GET"]}}],"collection":[{"href":"https:\/\/www.seaflowerstore.com\/de\/wp-json\/wp\/v2\/product"}],"about":[{"href":"https:\/\/www.seaflowerstore.com\/de\/wp-json\/wp\/v2\/types\/product"}],"wp:featuredmedia":[{"embeddable":true,"href":"https:\/\/www.seaflowerstore.com\/de\/wp-json\/wp\/v2\/media\/79404"}],"wp:attachment":[{"href":"https:\/\/www.seaflowerstore.com\/de\/wp-json\/wp\/v2\/media?parent=87558"}],"wp:term":[{"taxonomy":"pwb-brand","embeddable":true,"href":"https:\/\/www.seaflowerstore.com\/de\/wp-json\/wp\/v2\/pwb-brand?post=87558"},{"taxonomy":"product_cat","embeddable":true,"href":"https:\/\/www.seaflowerstore.com\/de\/wp-json\/wp\/v2\/product_cat?post=87558"},{"taxonomy":"product_tag","embeddable":true,"href":"https:\/\/www.seaflowerstore.com\/de\/wp-json\/wp\/v2\/product_tag?post=87558"}],"curies":[{"name":"wp","href":"https:\/\/api.w.org\/{rel}","templated":true}]}}