{"id":87569,"date":"2017-02-13T15:07:27","date_gmt":"2017-02-13T15:07:27","guid":{"rendered":"https:\/\/www.seaflowerstore.com\/nl\/dsr-fe\/"},"modified":"2024-03-20T16:40:19","modified_gmt":"2024-03-20T15:40:19","slug":"dsr-fe","status":"publish","type":"product","link":"https:\/\/www.seaflowerstore.com\/de\/dsr-fe\/","title":{"rendered":"DSR Fe+"},"content":{"rendered":"<h2>DSR Fe+<\/h2>\n<p><strong>DSR Fe+<\/strong> ist ein fl\u00fcssiger Phosphat-Entferner auf Eisenbasis, der Phosphat (PO4) durch Ausf\u00e4llung und Absch\u00e4umung effektiv eliminiert.<\/p>\n<p>Bitte achten Sie bei einer Erh\u00f6hung der Dosierung auf das Verhalten der Tiere. Bei dieser Methode ist es unbedingt erforderlich, immer einen Kraftfilter zu verwenden.<\/p>\n<p><strong>Konzentration:<\/strong> 0,15 ml pro 100 Liter f\u00fchren zu einer Erh\u00f6hung um 0,03 ppm.<\/p>\n<p><strong>Maximale Dosierung:<\/strong> 0,75 ml pro 100 Liter f\u00fchren zu einer Erh\u00f6hung um 0,15 ppm. Bitte nicht \u00fcberdosieren.<\/p>\n<p><strong>Startdosierung:<\/strong> Beginnen Sie mit 0,15 ml pro 100 Liter und erh\u00f6hen Sie die Menge \u00fcber vier Tage um dieselbe Menge, um die maximale Dosierung zu erreichen.<\/p>\n<p><strong>Hinweis:<\/strong> 5L Fe+ ist nur auf Sonderbestellung erh\u00e4ltlich und die Lieferung kann einige Tage l\u00e4nger dauern.<\/p>\n","protected":false},"excerpt":{"rendered":"<p>DSR Fe+ Iron based liquid PO4 remover.<br \/>\nAvailable in 250m, 500ml and 1000ml<\/p>\n","protected":false},"featured_media":79389,"template":"","meta":[],"pwb-brand":[2183],"product_cat":[1391,1409,1453],"product_tag":[],"class_list":{"0":"post-87569","1":"product","2":"type-product","3":"status-publish","4":"has-post-thumbnail","6":"pwb-brand-dsr","7":"product_cat-ergaenzungen","8":"product_cat-dsr-de","9":"product_cat-nitrat-und-phosphatentferner","10":"pa_inhoud-1000-ml-de","11":"pa_inhoud-250-ml-de","12":"pa_inhoud-5-l-de","13":"pa_inhoud-500-ml-de","15":"first","16":"instock","17":"sale","18":"taxable","19":"shipping-taxable","20":"purchasable","21":"product-type-variable"},"acf":[],"brands":[{"id":2183,"name":"DSR","slug":"dsr"}],"_links":{"self":[{"href":"https:\/\/www.seaflowerstore.com\/de\/wp-json\/wp\/v2\/product\/87569","targetHints":{"allow":["GET"]}}],"collection":[{"href":"https:\/\/www.seaflowerstore.com\/de\/wp-json\/wp\/v2\/product"}],"about":[{"href":"https:\/\/www.seaflowerstore.com\/de\/wp-json\/wp\/v2\/types\/product"}],"wp:featuredmedia":[{"embeddable":true,"href":"https:\/\/www.seaflowerstore.com\/de\/wp-json\/wp\/v2\/media\/79389"}],"wp:attachment":[{"href":"https:\/\/www.seaflowerstore.com\/de\/wp-json\/wp\/v2\/media?parent=87569"}],"wp:term":[{"taxonomy":"pwb-brand","embeddable":true,"href":"https:\/\/www.seaflowerstore.com\/de\/wp-json\/wp\/v2\/pwb-brand?post=87569"},{"taxonomy":"product_cat","embeddable":true,"href":"https:\/\/www.seaflowerstore.com\/de\/wp-json\/wp\/v2\/product_cat?post=87569"},{"taxonomy":"product_tag","embeddable":true,"href":"https:\/\/www.seaflowerstore.com\/de\/wp-json\/wp\/v2\/product_tag?post=87569"}],"curies":[{"name":"wp","href":"https:\/\/api.w.org\/{rel}","templated":true}]}}