{"id":87574,"date":"2017-02-13T14:42:16","date_gmt":"2017-02-13T14:42:16","guid":{"rendered":"https:\/\/www.seaflowerstore.com\/nl\/dsr-carbon-v-s\/"},"modified":"2025-02-07T19:10:50","modified_gmt":"2025-02-07T18:10:50","slug":"dsr-carbon-v-s","status":"publish","type":"product","link":"https:\/\/www.seaflowerstore.com\/de\/dsr-carbon-v-s\/","title":{"rendered":"DSR Carbon v\/s"},"content":{"rendered":"<h2>DSR Carbon v\/s as a source for bacteria in your reef tank to reduce the nitrate level<\/h2>\n<p><strong>DSR Carbon<\/strong> senkt den Nitratgehalt effektiv, indem die t\u00e4gliche Dosis schrittweise in 20 %-Schritten erh\u00f6ht wird, bis Sie Ihren gew\u00fcnschten Wert oder die H\u00f6chstdosis erreicht haben. Wenn Sie eine Tr\u00fcbung bemerken oder der Nitratgehalt unter 0,5 ppm liegt, sollten Sie die Dosis halbieren.<\/p>\n<p><strong>Dosierungsrichtlinien:<\/strong><\/p>\n<ul>\n<li>Mindestdosis: 0,5 ml pro 100 Liter<\/li>\n<li>H\u00f6chstdosis: 5 ml pro 100 Liter<\/li>\n<\/ul>\n<p><strong>CarbonVS<\/strong> stimuliert nicht nur eine gesunde Bakterienkultur, sondern erh\u00e4lt sie auch aufrecht, was es zu einer hervorragenden Nahrungsquelle f\u00fcr <em>Schw\u00e4mme<\/em> und <em>Filtrierer<\/em> macht. Daher ist es wichtig, immer eine Mindestdosis CarbonVS einzuhalten. Bei Bedarf k\u00f6nnen Sie <strong>DSR NO3+<\/strong> hinzuf\u00fcgen, um den Nitratgehalt aufrechtzuerhalten.<\/p>\n<p>Die Verwendung von Kohlenstoffquellen wie Essig oder Zucker kann zur Senkung des Nitratgehalts beitragen und gleichzeitig Phosphat verbrauchen, was zu einer Verringerung der Tr\u00fcbung f\u00fchren kann.<\/p>\n","protected":false},"excerpt":{"rendered":"<p>DSR Carbon as a source for bacteria in your reef tank to reduce the nitrate level<br \/>\nAvailable in 500ml, 1000ml and 5L<\/p>\n","protected":false},"featured_media":79383,"template":"","meta":[],"pwb-brand":[2183],"product_cat":[1391,1409],"product_tag":[],"class_list":{"0":"post-87574","1":"product","2":"type-product","3":"status-publish","4":"has-post-thumbnail","6":"pwb-brand-dsr","7":"product_cat-ergaenzungen","8":"product_cat-dsr-de","9":"pa_inhoud-10-l-de","10":"pa_inhoud-1000-ml-de","11":"pa_inhoud-5-l-de","12":"pa_inhoud-500-ml-de","14":"first","15":"instock","16":"sale","17":"taxable","18":"shipping-taxable","19":"purchasable","20":"product-type-variable"},"acf":[],"brands":[{"id":2183,"name":"DSR","slug":"dsr"}],"_links":{"self":[{"href":"https:\/\/www.seaflowerstore.com\/de\/wp-json\/wp\/v2\/product\/87574","targetHints":{"allow":["GET"]}}],"collection":[{"href":"https:\/\/www.seaflowerstore.com\/de\/wp-json\/wp\/v2\/product"}],"about":[{"href":"https:\/\/www.seaflowerstore.com\/de\/wp-json\/wp\/v2\/types\/product"}],"wp:featuredmedia":[{"embeddable":true,"href":"https:\/\/www.seaflowerstore.com\/de\/wp-json\/wp\/v2\/media\/79383"}],"wp:attachment":[{"href":"https:\/\/www.seaflowerstore.com\/de\/wp-json\/wp\/v2\/media?parent=87574"}],"wp:term":[{"taxonomy":"pwb-brand","embeddable":true,"href":"https:\/\/www.seaflowerstore.com\/de\/wp-json\/wp\/v2\/pwb-brand?post=87574"},{"taxonomy":"product_cat","embeddable":true,"href":"https:\/\/www.seaflowerstore.com\/de\/wp-json\/wp\/v2\/product_cat?post=87574"},{"taxonomy":"product_tag","embeddable":true,"href":"https:\/\/www.seaflowerstore.com\/de\/wp-json\/wp\/v2\/product_tag?post=87574"}],"curies":[{"name":"wp","href":"https:\/\/api.w.org\/{rel}","templated":true}]}}