{"id":87585,"date":"2017-02-13T14:05:53","date_gmt":"2017-02-13T13:05:53","guid":{"rendered":"https:\/\/www.seaflowerstore.com\/nl\/dsr-fe-trace\/"},"modified":"2024-03-20T16:40:12","modified_gmt":"2024-03-20T15:40:12","slug":"dsr-fe-trace","status":"publish","type":"product","link":"https:\/\/www.seaflowerstore.com\/de\/dsr-fe-trace\/","title":{"rendered":"DSR Fe Trace"},"content":{"rendered":"<h2>DSR FE Trace enhances red and green coloring of SPS, enhances polyp expansion of LPS<\/h2>\n<p>Fe-Spuren sind f\u00fcr eine l\u00e4ngere Verweildauer im Wasser konzipiert und m\u00fcssen vor der automatischen Dosierung genau \u00fcberwacht werden.<\/p>\n<p><strong>Dosierung:<\/strong><\/p>\n<ul>\n<li>0,1 ml\/100 l = 0,02 ppm<\/li>\n<\/ul>\n","protected":false},"excerpt":{"rendered":"<p>DSR FE Trace enhances red and green coloring of SPS, enhances polyp expansion of LPS.<br \/>\nAvailable in 100ml, 250ml and 500ml<\/p>\n","protected":false},"featured_media":79370,"template":"","meta":[],"pwb-brand":[2183],"product_cat":[1409,1391,515,741],"product_tag":[],"class_list":{"0":"post-87585","1":"product","2":"type-product","3":"status-publish","4":"has-post-thumbnail","6":"pwb-brand-dsr","7":"product_cat-dsr-de","8":"product_cat-ergaenzungen","9":"product_cat-additives","10":"product_cat-brands","11":"pa_inhoud-100-ml-de","12":"pa_inhoud-250-ml-de","13":"pa_inhoud-500-ml-de","15":"first","16":"instock","17":"sale","18":"taxable","19":"shipping-taxable","20":"purchasable","21":"product-type-variable"},"acf":[],"brands":[{"id":2183,"name":"DSR","slug":"dsr"}],"_links":{"self":[{"href":"https:\/\/www.seaflowerstore.com\/de\/wp-json\/wp\/v2\/product\/87585","targetHints":{"allow":["GET"]}}],"collection":[{"href":"https:\/\/www.seaflowerstore.com\/de\/wp-json\/wp\/v2\/product"}],"about":[{"href":"https:\/\/www.seaflowerstore.com\/de\/wp-json\/wp\/v2\/types\/product"}],"wp:featuredmedia":[{"embeddable":true,"href":"https:\/\/www.seaflowerstore.com\/de\/wp-json\/wp\/v2\/media\/79370"}],"wp:attachment":[{"href":"https:\/\/www.seaflowerstore.com\/de\/wp-json\/wp\/v2\/media?parent=87585"}],"wp:term":[{"taxonomy":"pwb-brand","embeddable":true,"href":"https:\/\/www.seaflowerstore.com\/de\/wp-json\/wp\/v2\/pwb-brand?post=87585"},{"taxonomy":"product_cat","embeddable":true,"href":"https:\/\/www.seaflowerstore.com\/de\/wp-json\/wp\/v2\/product_cat?post=87585"},{"taxonomy":"product_tag","embeddable":true,"href":"https:\/\/www.seaflowerstore.com\/de\/wp-json\/wp\/v2\/product_tag?post=87585"}],"curies":[{"name":"wp","href":"https:\/\/api.w.org\/{rel}","templated":true}]}}