{"id":87595,"date":"2017-02-13T13:44:59","date_gmt":"2017-02-13T13:44:59","guid":{"rendered":"https:\/\/www.seaflowerstore.com\/nl\/dsr-kh\/"},"modified":"2024-03-20T16:40:09","modified_gmt":"2024-03-20T15:40:09","slug":"dsr-kh","status":"publish","type":"product","link":"https:\/\/www.seaflowerstore.com\/de\/dsr-kh\/","title":{"rendered":"DSR KH+"},"content":{"rendered":"<h2>DSR KH+ to Increase KH Level<\/h2>\n<p><strong>Natriumbicarbonat<\/strong> ist der bevorzugte Tester: Salifert KH. KH ist f\u00fcr das Wachstum von Kalkalgen und die Bildung des Kalkskeletts in Korallen unerl\u00e4sslich. Wenn der KH-Wert im Aquarienwasser sinkt, kann sich dies negativ auf die Korallen auswirken. Wenn der KH-Wert l\u00e4nger als eine Woche unter etwa 5 f\u00e4llt, kann dies zu Bleichen an den Spitzen verschiedener Acropora f\u00fchren und im Laufe der Zeit zu Algenwachstum f\u00fchren. Dar\u00fcber hinaus kann sich auf verschiedenen SPS- und LPS-Korallen Gewebe entwickeln, wodurch sich die Polypen zur\u00fcckziehen.<\/p>\n<p>Um den KH-Gehalt in einem laufenden Aquarium zu erh\u00f6hen, k\u00f6nnen Sie Natriumbicarbonat (DSR KH+) verwenden. So gehen Sie vor:<\/p>\n<ul>\n<li>Messen Sie den KH mit einem Salifert KH-Test.<\/li>\n<li>\u00d6ffnen Sie den DSR-Rechner; nur die gelben Zellen k\u00f6nnen ge\u00e4ndert werden, \u00fcberpr\u00fcfen Sie diese also bitte.<\/li>\n<li>Geben Sie den gemessenen KH-Wert in den DSR-Rechner ein.<\/li>\n<li>Stellen Sie sicher, dass das zur Berechnung verwendete Wasservolumen das Nettovolumen in Litern ist.<\/li>\n<li>W\u00e4hlen Sie die Aktion aus, die auf \u201eWerte korrigieren\u201c eingestellt werden soll.<\/li>\n<li>Geben Sie den Zielwert f\u00fcr KH an.<\/li>\n<li>Lesen Sie die zu dosierende Menge aus den Spalten \u201eKorrekturwerte\u201c und \u201eEinheit\/Rohstoff\u201c (in Gramm).<\/li>\n<li>Wenn Sie eine Stamml\u00f6sung verwenden, beachten Sie die L\u00f6sungsspalte ganz rechts (in Milliliter).<\/li>\n<\/ul>\n<p>Die Dosierung kann \u00fcber den Sumpf abseits der Saugseite der Druckerh\u00f6hungspumpe erfolgen, oder sie kann nach und nach in das Aquarium gegossen werden, w\u00e4hrend alle Str\u00f6mungspumpen eingeschaltet sind.<\/p>\n","protected":false},"excerpt":{"rendered":"<p>DSR KH+ increase with Natriumbicarbonaat<\/p>\n","protected":false},"featured_media":79358,"template":"","meta":[],"pwb-brand":[2183],"product_cat":[1409,1391],"product_tag":[],"class_list":{"0":"post-87595","1":"product","2":"type-product","3":"status-publish","4":"has-post-thumbnail","6":"pwb-brand-dsr","7":"product_cat-dsr-de","8":"product_cat-ergaenzungen","9":"pa_inhoud-1100-gr-de","10":"pa_inhoud-2100-gr-de","11":"pa_inhoud-6100-gr-de","13":"first","14":"instock","15":"sale","16":"taxable","17":"shipping-taxable","18":"purchasable","19":"product-type-variable"},"acf":[],"brands":[{"id":2183,"name":"DSR","slug":"dsr"}],"_links":{"self":[{"href":"https:\/\/www.seaflowerstore.com\/de\/wp-json\/wp\/v2\/product\/87595","targetHints":{"allow":["GET"]}}],"collection":[{"href":"https:\/\/www.seaflowerstore.com\/de\/wp-json\/wp\/v2\/product"}],"about":[{"href":"https:\/\/www.seaflowerstore.com\/de\/wp-json\/wp\/v2\/types\/product"}],"wp:featuredmedia":[{"embeddable":true,"href":"https:\/\/www.seaflowerstore.com\/de\/wp-json\/wp\/v2\/media\/79358"}],"wp:attachment":[{"href":"https:\/\/www.seaflowerstore.com\/de\/wp-json\/wp\/v2\/media?parent=87595"}],"wp:term":[{"taxonomy":"pwb-brand","embeddable":true,"href":"https:\/\/www.seaflowerstore.com\/de\/wp-json\/wp\/v2\/pwb-brand?post=87595"},{"taxonomy":"product_cat","embeddable":true,"href":"https:\/\/www.seaflowerstore.com\/de\/wp-json\/wp\/v2\/product_cat?post=87595"},{"taxonomy":"product_tag","embeddable":true,"href":"https:\/\/www.seaflowerstore.com\/de\/wp-json\/wp\/v2\/product_tag?post=87595"}],"curies":[{"name":"wp","href":"https:\/\/api.w.org\/{rel}","templated":true}]}}