{"id":87602,"date":"2017-02-12T20:14:33","date_gmt":"2017-02-12T20:14:33","guid":{"rendered":"https:\/\/www.seaflowerstore.com\/nl\/dsr-mg\/"},"modified":"2025-03-26T16:35:11","modified_gmt":"2025-03-26T15:35:11","slug":"dsr-mg","status":"publish","type":"product","link":"https:\/\/www.seaflowerstore.com\/de\/dsr-mg\/","title":{"rendered":"DSR Mg+"},"content":{"rendered":"<h2>DSR magnesium 2200ml (Magnesium Chloride) &#8211; Mg addition<\/h2>\n<p><span style=\"font-size: small; line-height: 1.6em;\">DSR Mg+ Bevorzugter Tester: Salifert Mg<\/span><\/p>\n<p>Willkommen zu unserem \u00dcberblick \u00fcber DSR-Magnesium! Dieses Produkt wurde entwickelt, um den Magnesiumspiegel Ihres Aquariums effektiv zu verbessern. Magnesium ist f\u00fcr die Gesundheit Ihrer Wasserlebewesen lebenswichtig und die Verwendung von DSR-Magnesium kann Ihnen helfen, eine ausgewogene Umgebung aufrechtzuerhalten.<\/p>\n<p>F\u00fcr optimale Ergebnisse empfehlen wir die Verwendung des <strong>Salifert Magnesium-Testkits<\/strong>, um Ihren Magnesiumspiegel genau zu \u00fcberwachen. Regelm\u00e4\u00dfige Tests stellen sicher, dass Ihr Aquarium in optimalem Zustand bleibt.<\/p>\n<p>Wenn Sie Fragen haben oder weitere Hilfe ben\u00f6tigen, k\u00f6nnen Sie sich gerne an uns wenden!<\/p>\n<p><strong>L\u00f6slichkeit:<\/strong> 1570 g\/L (20 \u00b0C, 1570 Gramm pro 1 Liter)<\/p>\n","protected":false},"excerpt":{"rendered":"<p>DSR magnesium 2200ml (Magnesium Chloride)<\/p>\n","protected":false},"featured_media":79353,"template":"","meta":[],"pwb-brand":[2183],"product_cat":[1409,1391],"product_tag":[],"class_list":{"0":"post-87602","1":"product","2":"type-product","3":"status-publish","4":"has-post-thumbnail","6":"pwb-brand-dsr","7":"product_cat-dsr-de","8":"product_cat-ergaenzungen","9":"pa_inhoud-1100-ml-de","10":"pa_inhoud-1400-gr-de","11":"pa_inhoud-2200-ml-de","12":"pa_inhoud-4000-gr-de","13":"pa_inhoud-5500-ml-de","15":"first","16":"instock","17":"sale","18":"taxable","19":"shipping-taxable","20":"purchasable","21":"product-type-variable"},"acf":[],"brands":[{"id":2183,"name":"DSR","slug":"dsr"}],"_links":{"self":[{"href":"https:\/\/www.seaflowerstore.com\/de\/wp-json\/wp\/v2\/product\/87602","targetHints":{"allow":["GET"]}}],"collection":[{"href":"https:\/\/www.seaflowerstore.com\/de\/wp-json\/wp\/v2\/product"}],"about":[{"href":"https:\/\/www.seaflowerstore.com\/de\/wp-json\/wp\/v2\/types\/product"}],"wp:featuredmedia":[{"embeddable":true,"href":"https:\/\/www.seaflowerstore.com\/de\/wp-json\/wp\/v2\/media\/79353"}],"wp:attachment":[{"href":"https:\/\/www.seaflowerstore.com\/de\/wp-json\/wp\/v2\/media?parent=87602"}],"wp:term":[{"taxonomy":"pwb-brand","embeddable":true,"href":"https:\/\/www.seaflowerstore.com\/de\/wp-json\/wp\/v2\/pwb-brand?post=87602"},{"taxonomy":"product_cat","embeddable":true,"href":"https:\/\/www.seaflowerstore.com\/de\/wp-json\/wp\/v2\/product_cat?post=87602"},{"taxonomy":"product_tag","embeddable":true,"href":"https:\/\/www.seaflowerstore.com\/de\/wp-json\/wp\/v2\/product_tag?post=87602"}],"curies":[{"name":"wp","href":"https:\/\/api.w.org\/{rel}","templated":true}]}}