{"id":87611,"date":"2017-02-12T19:52:31","date_gmt":"2017-02-12T19:52:31","guid":{"rendered":"https:\/\/www.seaflowerstore.com\/nl\/dsr-ph\/"},"modified":"2025-04-18T08:39:35","modified_gmt":"2025-04-18T06:39:35","slug":"dsr-ph","status":"publish","type":"product","link":"https:\/\/www.seaflowerstore.com\/de\/dsr-ph\/","title":{"rendered":"DSR PH+"},"content":{"rendered":"<h2>DSR PH+ to make your own solution is a balanced KH mix with a PH stabilizer<\/h2>\n<p><strong>PH +<\/strong> ist eine ausgewogene KH-Mischung mit PH-Stabilisator. Diese Mischung ist f\u00fcr eine kontinuierliche Dosierung konzipiert und doppelt so stark wie KH +.<\/p>\n<p><strong>Konzentration:<\/strong> 16,7 ml pro 100 Liter erh\u00f6hen Ihren dKH um 1.<\/p>\n<p><strong>Anfangsdosis:<\/strong> Ungef\u00e4hr 5 ml pro 100 Liter pro Tag erh\u00f6hen Ihren dKH um 0,3. Sie k\u00f6nnen diese Menge entsprechend Ihrem tats\u00e4chlichen Verbrauch anpassen.<\/p>\n<p>Bitte denken Sie daran, dass <strong>PH +<\/strong> niemals zur KH-Korrektur verwendet werden sollte!<\/p>\n<p>Um die L\u00f6sung vorzubereiten, r\u00fchren Sie den gesamten Topf auf einmal um und l\u00f6sen Sie ihn mit Osmosewasser auf, um das gew\u00fcnschte Volumen (2, 5, 10 oder 20 Liter) der <strong>PH +<\/strong>-L\u00f6sung zu erhalten.<\/p>\n<p>Weitere Informationen und Nutzungsrichtlinien finden Sie im <a href=\"http:\/\/dsrreefing.nl\/forum\/index.php?topic=499.0\" rel=\"nofollow noopener\" target=\"_blank\">DSRreefing-Forum<\/a>.<\/p>\n","protected":false},"excerpt":{"rendered":"<p>DSR PH + to make your own solution is a balanced KH mix with a PH stabilizer<\/p>\n<p><strong><a href=\"http:\/\/dsrreefing.nl\/forum\/index.php?topic=499.0\" target=\"_blank\" rel=\"noopener noreferrer\">\u00a0<\/a><\/strong><\/p>\n","protected":false},"featured_media":79342,"template":"","meta":[],"pwb-brand":[2183],"product_cat":[1391,1409],"product_tag":[],"class_list":{"0":"post-87611","1":"product","2":"type-product","3":"status-publish","4":"has-post-thumbnail","6":"pwb-brand-dsr","7":"product_cat-ergaenzungen","8":"product_cat-dsr-de","9":"pa_inhoud-10-l-de","10":"pa_inhoud-2-l-de","11":"pa_inhoud-20-l-de","12":"pa_inhoud-5-l-de","14":"first","15":"instock","16":"sale","17":"taxable","18":"shipping-taxable","19":"purchasable","20":"product-type-variable"},"acf":[],"brands":[{"id":2183,"name":"DSR","slug":"dsr"}],"_links":{"self":[{"href":"https:\/\/www.seaflowerstore.com\/de\/wp-json\/wp\/v2\/product\/87611","targetHints":{"allow":["GET"]}}],"collection":[{"href":"https:\/\/www.seaflowerstore.com\/de\/wp-json\/wp\/v2\/product"}],"about":[{"href":"https:\/\/www.seaflowerstore.com\/de\/wp-json\/wp\/v2\/types\/product"}],"wp:featuredmedia":[{"embeddable":true,"href":"https:\/\/www.seaflowerstore.com\/de\/wp-json\/wp\/v2\/media\/79342"}],"wp:attachment":[{"href":"https:\/\/www.seaflowerstore.com\/de\/wp-json\/wp\/v2\/media?parent=87611"}],"wp:term":[{"taxonomy":"pwb-brand","embeddable":true,"href":"https:\/\/www.seaflowerstore.com\/de\/wp-json\/wp\/v2\/pwb-brand?post=87611"},{"taxonomy":"product_cat","embeddable":true,"href":"https:\/\/www.seaflowerstore.com\/de\/wp-json\/wp\/v2\/product_cat?post=87611"},{"taxonomy":"product_tag","embeddable":true,"href":"https:\/\/www.seaflowerstore.com\/de\/wp-json\/wp\/v2\/product_tag?post=87611"}],"curies":[{"name":"wp","href":"https:\/\/api.w.org\/{rel}","templated":true}]}}