{"id":87640,"date":"2017-01-08T15:44:39","date_gmt":"2017-01-08T14:44:39","guid":{"rendered":"https:\/\/www.seaflowerstore.com\/nl\/frag-board-am\/"},"modified":"2025-02-15T13:52:02","modified_gmt":"2025-02-15T12:52:02","slug":"frag-board-am","status":"publish","type":"product","link":"https:\/\/www.seaflowerstore.com\/de\/frag-board-am\/","title":{"rendered":"Frag Board (AM)"},"content":{"rendered":"<h2>Aquamedic Frag Board Retaining Plate for Holding Several Frag Plugs<\/h2>\n<p>Die Halteplatte ist f\u00fcr die Aufnahme mehrerer Korallenstifte konzipiert. Mithilfe der mitgelieferten Saugn\u00e4pfe k\u00f6nnen Sie die Halteplatte problemlos an beliebiger Stelle im Inneren Ihres Aquariums positionieren. So k\u00f6nnen Sie die Ableger an einer f\u00fcr die Beleuchtung idealen Stelle platzieren, was ihr Wachstum deutlich f\u00f6rdern kann.<\/p>\n<p><strong>Im Lieferumfang enthalten:<\/strong><\/p>\n<ul>\n<li>Ablegerbrett ca. 15 x 15 cm<\/li>\n<li>2 Halter mit Saugn\u00e4pfen<\/li>\n<li>10 Korallenstifte<\/li>\n<\/ul>\n","protected":false},"excerpt":{"rendered":"<p>Rack for placing different coral frags<\/p>\n","protected":false},"featured_media":79308,"template":"","meta":[],"pwb-brand":[2149],"product_cat":[1421,1461],"product_tag":[],"class_list":{"0":"post-87640","1":"product","2":"type-product","3":"status-publish","4":"has-post-thumbnail","6":"pwb-brand-aqua-medic","7":"product_cat-aqua-medic-de","8":"product_cat-schneidzubehoer","10":"first","11":"outofstock","12":"taxable","13":"shipping-taxable","14":"purchasable","15":"product-type-simple"},"acf":[],"brands":[{"id":2149,"name":"Aqua Medic","slug":"aqua-medic"}],"_links":{"self":[{"href":"https:\/\/www.seaflowerstore.com\/de\/wp-json\/wp\/v2\/product\/87640","targetHints":{"allow":["GET"]}}],"collection":[{"href":"https:\/\/www.seaflowerstore.com\/de\/wp-json\/wp\/v2\/product"}],"about":[{"href":"https:\/\/www.seaflowerstore.com\/de\/wp-json\/wp\/v2\/types\/product"}],"wp:featuredmedia":[{"embeddable":true,"href":"https:\/\/www.seaflowerstore.com\/de\/wp-json\/wp\/v2\/media\/79308"}],"wp:attachment":[{"href":"https:\/\/www.seaflowerstore.com\/de\/wp-json\/wp\/v2\/media?parent=87640"}],"wp:term":[{"taxonomy":"pwb-brand","embeddable":true,"href":"https:\/\/www.seaflowerstore.com\/de\/wp-json\/wp\/v2\/pwb-brand?post=87640"},{"taxonomy":"product_cat","embeddable":true,"href":"https:\/\/www.seaflowerstore.com\/de\/wp-json\/wp\/v2\/product_cat?post=87640"},{"taxonomy":"product_tag","embeddable":true,"href":"https:\/\/www.seaflowerstore.com\/de\/wp-json\/wp\/v2\/product_tag?post=87640"}],"curies":[{"name":"wp","href":"https:\/\/api.w.org\/{rel}","templated":true}]}}