{"id":87644,"date":"2017-01-07T13:31:35","date_gmt":"2017-01-07T12:31:35","guid":{"rendered":"https:\/\/www.seaflowerstore.com\/nl\/theiling-rollermat-aqua-replacement-filter-fleece-3-piece\/"},"modified":"2024-03-20T16:39:40","modified_gmt":"2024-03-20T15:39:40","slug":"theiling-rollermat-aqua-replacement-filter-fleece-3-piece","status":"publish","type":"product","link":"https:\/\/www.seaflowerstore.com\/de\/theiling-rollermat-aqua-replacement-filter-fleece-3-piece\/","title":{"rendered":"Theiling Rollermat Aqua replacement filter fleece &#8211; 3 piece"},"content":{"rendered":"<h2>Theiling Rollermat Aqua replacement filter fleece &#8211; 3 piece<\/h2>\n<p>Das <strong>Theiling Rollermat Aqua Ersatzfiltervlies<\/strong> wurde speziell f\u00fcr Ihre Aquarienbed\u00fcrfnisse entwickelt. Mit einer Dichte von <strong>40 g\/m\u00b2<\/strong> und einer gro\u00dfz\u00fcgigen L\u00e4nge von ca. <strong>45 Metern<\/strong> bietet dieses Vlies eine hervorragende Filterleistung.<\/p>\n<p>Dieses Filtervlies ist perfekt geeignet, um eine saubere und gesunde Umgebung f\u00fcr Ihre Wasserfreunde aufrechtzuerhalten. Es l\u00e4sst sich leicht installieren und austauschen und sorgt daf\u00fcr, dass Ihr Aquarium in Topzustand bleibt.<\/p>\n<p>Sie m\u00f6chten, dass Ihr Aquarium immer gut aussieht? Dann sollten Sie dieses zuverl\u00e4ssige Filtervlies f\u00fcr Ihr Filtersystem verwenden.<\/p>\n","protected":false},"excerpt":{"rendered":"<p>Filter fleece for the Theiling rollermat aquarium version<\/p>\n","protected":false},"featured_media":79302,"template":"","meta":[],"pwb-brand":[2245],"product_cat":[1403],"product_tag":[],"class_list":{"0":"post-87644","1":"product","2":"type-product","3":"status-publish","4":"has-post-thumbnail","6":"pwb-brand-theiling","7":"product_cat-beutel-filterung","9":"first","10":"instock","11":"sale","12":"taxable","13":"shipping-taxable","14":"purchasable","15":"product-type-simple"},"acf":[],"brands":[{"id":2245,"name":"Theiling","slug":"theiling"}],"_links":{"self":[{"href":"https:\/\/www.seaflowerstore.com\/de\/wp-json\/wp\/v2\/product\/87644","targetHints":{"allow":["GET"]}}],"collection":[{"href":"https:\/\/www.seaflowerstore.com\/de\/wp-json\/wp\/v2\/product"}],"about":[{"href":"https:\/\/www.seaflowerstore.com\/de\/wp-json\/wp\/v2\/types\/product"}],"wp:featuredmedia":[{"embeddable":true,"href":"https:\/\/www.seaflowerstore.com\/de\/wp-json\/wp\/v2\/media\/79302"}],"wp:attachment":[{"href":"https:\/\/www.seaflowerstore.com\/de\/wp-json\/wp\/v2\/media?parent=87644"}],"wp:term":[{"taxonomy":"pwb-brand","embeddable":true,"href":"https:\/\/www.seaflowerstore.com\/de\/wp-json\/wp\/v2\/pwb-brand?post=87644"},{"taxonomy":"product_cat","embeddable":true,"href":"https:\/\/www.seaflowerstore.com\/de\/wp-json\/wp\/v2\/product_cat?post=87644"},{"taxonomy":"product_tag","embeddable":true,"href":"https:\/\/www.seaflowerstore.com\/de\/wp-json\/wp\/v2\/product_tag?post=87644"}],"curies":[{"name":"wp","href":"https:\/\/api.w.org\/{rel}","templated":true}]}}