{"id":87646,"date":"2017-01-07T13:07:29","date_gmt":"2020-06-15T17:57:25","guid":{"rendered":"https:\/\/www.seaflowerstore.com\/nl\/theiling-rollermat-filter\/"},"modified":"2024-03-19T15:40:47","modified_gmt":"2024-03-19T14:40:47","slug":"theiling-rollermat-filter","status":"publish","type":"product","link":"https:\/\/www.seaflowerstore.com\/de\/theiling-rollermat-filter\/","title":{"rendered":"Theiling Rollermat filter"},"content":{"rendered":"<h2>Theiling Rollermat filter<\/h2>\n<p>Der Theiling Rollermat Filter ist ein automatischer mechanischer Filter f\u00fcr S\u00fc\u00df- und Salzwasseraquarien sowie Gartenteiche. Verschmutztes Wasser gelangt durch das Filtervlies in die Trommel und von dort zur\u00fcck in den Filtersumpf. Wenn sich das Vlies mit Schmutz beladen hat, verringert sich der Durchfluss und der Wasserstand au\u00dferhalb der Trommel steigt. Sobald ein bestimmter Pegel erreicht ist, aktiviert ein Niveauschalter den Motor, wodurch die Trommel rotiert und automatisch ein neuer Vliesabschnitt geladen wird. Dieser Vorgang dauert je nach Abfallproduktion in Ihrem System normalerweise etwa 4 bis 6 Monate, bis das Vlies vollst\u00e4ndig verbraucht ist und ersetzt werden muss.<\/p>\n<p>Das Vlies selbst ist sehr fein und entfernt effektiv selbst kleinste Partikel. Indem es Schmutz herausfiltert, bevor er biologisch verstoffwechselt werden kann, entlastet es den Biofilter und den Eiwei\u00dfabsch\u00e4umer in Meerwasseranlagen. Die winzigen Poren im Vlies k\u00f6nnen auch viele Protozoen wie Fischparasiten in S\u00fc\u00df- und Salzwasser zur\u00fcckhalten und sicherstellen, dass sie nicht durch das Vlies gelangen k\u00f6nnen. Diese Funktion ist ziemlich einzigartig.<\/p>\n<p>Wenn die aufnehmende Rolle voll oder die abgebende Rolle leer ist, kann sie leicht vom Filter entfernt werden. Beide Komponenten sind trennbar, so dass Sie das Vlies problemlos entsorgen k\u00f6nnen.<\/p>\n<p><strong>Merkmale der Rollermat:<\/strong><\/p>\n<ul>\n<li>Effiziente mechanische Filterung durch feines Filtervlies.<\/li>\n<li>Automatischer Transport des Vlieses.<\/li>\n<li>Einfaches Auswechseln der verbrauchten Vliesrolle.<\/li>\n<li>Die Rollen lassen sich leicht wechseln.<\/li>\n<li>Rollenbreite 15 cm, geeignet f\u00fcr Durchflussraten bis 2700 l\/h, je nach Wasserqualit\u00e4t.<\/li>\n<li>Minimaler Stromverbrauch, durchschnittlich unter 0,1 W.<\/li>\n<li>Betrieb mit sicherer 12V-Spannung.<\/li>\n<li>Spezifikationen Aquarienvlies: 40 g\/m\u00b2, 45 m lang.<\/li>\n<\/ul>\n<p><strong>Technische Daten:<\/strong><\/p>\n<ul>\n<li>Stromversorgung Motor: 12V, 50\/60Hz, 4 Watt.<\/li>\n<li>Trafo: 230V\/50 Hz.<\/li>\n<li>Wasserzulauf: D 40 Klebeanschluss, 1 \u00be\u201c Gewinde.<\/li>\n<li>Wasserablauf: D 40 Klebeanschluss, 1 \u00be\u201c Gewinde.<\/li>\n<li>\u00dcberlauf: D 25 Klebeanschluss, 1\u201c Gewinde.<\/li>\n<li>Breite der Vliesrolle: 15 cm.<\/li>\n<li>Maximaler Wasserstand bei Platzierung in einem Filtersumpf: 12,5 cm \u00fcber dem Boden der Rollermat.<\/li>\n<li>Ma\u00dfe (L x B x H): 42 x 25 x 45 cm.<\/li>\n<\/ul>\n","protected":false},"excerpt":{"rendered":"<p>Theiling Rollermat filter Fully automatic fine filtersystem for freshwater and saltwater aquariums and ponds<\/p>\n","protected":false},"featured_media":79300,"template":"","meta":[],"pwb-brand":[2245],"product_cat":[1403],"product_tag":[],"class_list":{"0":"post-87646","1":"product","2":"type-product","3":"status-publish","4":"has-post-thumbnail","6":"pwb-brand-theiling","7":"product_cat-beutel-filterung","9":"first","10":"instock","11":"sale","12":"taxable","13":"shipping-taxable","14":"purchasable","15":"product-type-simple"},"acf":[],"brands":[{"id":2245,"name":"Theiling","slug":"theiling"}],"_links":{"self":[{"href":"https:\/\/www.seaflowerstore.com\/de\/wp-json\/wp\/v2\/product\/87646","targetHints":{"allow":["GET"]}}],"collection":[{"href":"https:\/\/www.seaflowerstore.com\/de\/wp-json\/wp\/v2\/product"}],"about":[{"href":"https:\/\/www.seaflowerstore.com\/de\/wp-json\/wp\/v2\/types\/product"}],"wp:featuredmedia":[{"embeddable":true,"href":"https:\/\/www.seaflowerstore.com\/de\/wp-json\/wp\/v2\/media\/79300"}],"wp:attachment":[{"href":"https:\/\/www.seaflowerstore.com\/de\/wp-json\/wp\/v2\/media?parent=87646"}],"wp:term":[{"taxonomy":"pwb-brand","embeddable":true,"href":"https:\/\/www.seaflowerstore.com\/de\/wp-json\/wp\/v2\/pwb-brand?post=87646"},{"taxonomy":"product_cat","embeddable":true,"href":"https:\/\/www.seaflowerstore.com\/de\/wp-json\/wp\/v2\/product_cat?post=87646"},{"taxonomy":"product_tag","embeddable":true,"href":"https:\/\/www.seaflowerstore.com\/de\/wp-json\/wp\/v2\/product_tag?post=87646"}],"curies":[{"name":"wp","href":"https:\/\/api.w.org\/{rel}","templated":true}]}}