{"id":87647,"date":"2017-01-07T12:24:42","date_gmt":"2017-01-07T11:24:42","guid":{"rendered":"https:\/\/www.seaflowerstore.com\/nl\/tunze-care-magnet-strong-15-20mm\/"},"modified":"2025-04-06T18:05:40","modified_gmt":"2025-04-06T16:05:40","slug":"tunze-care-magnet-strong-15-20mm","status":"publish","type":"product","link":"https:\/\/www.seaflowerstore.com\/de\/tunze-care-magnet-strong-15-20mm\/","title":{"rendered":"Tunze Care Magnet Strong &#8211; 15-20mm"},"content":{"rendered":"<h2>Tunze Care Magnet Strong easily removes algae from the aquarium glass<\/h2>\n<p>Der Tunze Care Magnet Strong wird <strong>mit zwei Kunststoffklingen, einer Edelstahlklinge und einem Care Booster (Schwimmer) geliefert<\/strong>. Er ist f\u00fcr Glasst\u00e4rken von 15-20mm ausgelegt, hat eine Breite von 86 mm und eine L\u00e4nge von 140 mm.<\/p>\n<p><strong>Warum Care?<\/strong> Dieser Glasreiniger ist hervorragend geeignet, um Kratzer auf den Innenscheiben Ihres Aquariums zu vermeiden. Selbst auf Acrylglasscheiben k\u00f6nnen Sie die kleine Kunststoffklinge bedenkenlos verwenden. Der innere Magnet ist mehr als 3 mm vom Aquarium entfernt, was ein Verklemmen von Aquariensand verhindert.<\/p>\n<p>Die beiden Kunststoffklingen entfernen Algen deutlich besser vom Glas als eine glatte Reinigungsfl\u00e4che, fast so effizient wie eine scharfe Metallklinge. Die Lebensdauer einer Klinge kann von mehreren Monaten bis zu etwa einem Jahr betragen. Der geringe Str\u00f6mungswiderstand beim Reinigen, gepaart mit einer hohen magnetischen Kopplung, macht ein Abl\u00f6sen des Magneten nahezu unm\u00f6glich.<\/p>\n<p>Nur bei besonders hartn\u00e4ckigen Algen, wie z.B. \u00e4lteren Ablagerungen an den Seitenw\u00e4nden oder dicken Kalkalgen, sollte die gr\u00f6\u00dfere Klinge durch die mitgelieferte Edelstahlklinge ersetzt werden.<\/p>\n<div class=\"item\">\n<h3>Das patentierte Prinzip, bei dem&#8230;<\/h3>\n<p>Unterschiedlich lange Kunststoffklingen erzeugen unterschiedliche Anpressdr\u00fccke, sodass die schmale Klinge auch festsitzende Algen effektiv entfernt. Die breite Klinge erm\u00f6glicht eine gro\u00dffl\u00e4chige Algenentfernung.<\/p>\n<\/div>\n<div class=\"item\">\n<div class=\"item__content columns clearfix\">\n<div class=\"column40p\"><\/div>\n<div class=\"product-detail--spec-content column60p\">\n<h3>Dank seines schlanken&#8230;<\/h3>\n<p>Designs bleiben die Pflanzen und Korallen ungest\u00f6rt.<\/p>\n<\/div>\n<\/div>\n<\/div>\n<div class=\"item\">\n<div class=\"item__content columns clearfix\">\n<div class=\"column40p\"><\/div>\n<div class=\"product-detail--spec-content column60p\">\n<h3>Der Care Magnet kann auch&#8230;<\/h3>\n<p>auf runden Aquarienscheiben oder Rundbogenscheiben verwendet werden.<\/p>\n<\/div>\n<\/div>\n<\/div>\n<div class=\"item\">\n<div class=\"item__content columns clearfix\">\n<div class=\"column40p\"><\/div>\n<div class=\"product-detail--spec-content column60p\">\n<h3>Kunststofflamellen mit abgerundeten Kanten&#8230;<\/h3>\n<p>erm\u00f6glichen einen sanften \u00dcbergang zur n\u00e4chsten Scheibe an den Aquarienr\u00e4ndern und sch\u00fctzen die Silikonfugen vor Besch\u00e4digungen.<\/p>\n<\/div>\n<\/div>\n<\/div>\n<div class=\"item\">\n<div class=\"item__content columns clearfix\">\n<div class=\"column40p\"><\/div>\n<div class=\"product-detail--spec-content column60p\">\n<h3>Es verteilt die Algen nicht&#8230;<\/h3>\n<p>innerhalb des Aquariums als gr\u00fcner Staub; stattdessen rollt es sie vollst\u00e4ndig auf, wodurch der Algenfilm effektiv in echtes Futter f\u00fcr die Fische umgewandelt wird.<\/p>\n<\/div>\n<\/div>\n<\/div>\n<div class=\"item\">\n<div class=\"item__content columns clearfix\">\n<div class=\"column40p\"><\/div>\n<div class=\"product-detail--spec-content column60p\">\n<h3>Es kann auch verwendet werden&#8230;<\/h3>\n<p>als praktischer Schaber.<\/p>\n<\/div>\n<\/div>\n<\/div>\n","protected":false},"excerpt":{"rendered":"<p>Tunze Care Magnet Strong easily removes algae from the aquarium glass<\/p>\n","protected":false},"featured_media":79299,"template":"","meta":[],"pwb-brand":[2123],"product_cat":[1428],"product_tag":[],"class_list":{"0":"post-87647","1":"product","2":"type-product","3":"status-publish","4":"has-post-thumbnail","6":"pwb-brand-tunze","7":"product_cat-algenmagnet","9":"first","10":"outofstock","11":"taxable","12":"shipping-taxable","13":"purchasable","14":"product-type-simple"},"acf":[],"brands":[{"id":2123,"name":"Tunze","slug":"tunze"}],"_links":{"self":[{"href":"https:\/\/www.seaflowerstore.com\/de\/wp-json\/wp\/v2\/product\/87647","targetHints":{"allow":["GET"]}}],"collection":[{"href":"https:\/\/www.seaflowerstore.com\/de\/wp-json\/wp\/v2\/product"}],"about":[{"href":"https:\/\/www.seaflowerstore.com\/de\/wp-json\/wp\/v2\/types\/product"}],"wp:featuredmedia":[{"embeddable":true,"href":"https:\/\/www.seaflowerstore.com\/de\/wp-json\/wp\/v2\/media\/79299"}],"wp:attachment":[{"href":"https:\/\/www.seaflowerstore.com\/de\/wp-json\/wp\/v2\/media?parent=87647"}],"wp:term":[{"taxonomy":"pwb-brand","embeddable":true,"href":"https:\/\/www.seaflowerstore.com\/de\/wp-json\/wp\/v2\/pwb-brand?post=87647"},{"taxonomy":"product_cat","embeddable":true,"href":"https:\/\/www.seaflowerstore.com\/de\/wp-json\/wp\/v2\/product_cat?post=87647"},{"taxonomy":"product_tag","embeddable":true,"href":"https:\/\/www.seaflowerstore.com\/de\/wp-json\/wp\/v2\/product_tag?post=87647"}],"curies":[{"name":"wp","href":"https:\/\/api.w.org\/{rel}","templated":true}]}}