{"id":87652,"date":"2016-12-27T15:26:13","date_gmt":"2016-12-27T14:26:13","guid":{"rendered":"https:\/\/www.seaflowerstore.com\/nl\/ati-nickel-100-ml\/"},"modified":"2024-03-20T16:39:30","modified_gmt":"2024-03-20T15:39:30","slug":"ati-nickel-100-ml","status":"publish","type":"product","link":"https:\/\/www.seaflowerstore.com\/de\/ati-nickel-100-ml\/","title":{"rendered":"ATI Nickel 100 ml"},"content":{"rendered":"<h2>ATI Nickel 100 ml is essential for many micro-organisms<\/h2>\n<p>Nickel spielt eine wichtige Rolle f\u00fcr verschiedene Mikroorganismen und ist f\u00fcr die biologische Aktivit\u00e4t vieler Enzyme entscheidend. Im Aquarium wird Nickel schnell verbraucht, weshalb es wichtig ist, seine Konzentration regelm\u00e4\u00dfig im Labor zu \u00fcberpr\u00fcfen.<\/p>\n<p>F\u00fcr optimale Ergebnisse ist unser hochreines Nickelpr\u00e4parat zur gezielten Kompensation die beste Wahl. Bereits 1 ml dieses Pr\u00e4parats kann die Nickelkonzentration in 100 Litern Wasser auf 2 \u00b5g\/l erh\u00f6hen.<\/p>\n<p>Bitte beachten Sie, dass unser Produkt frei von EDTA und anderen Chelatbildnern ist, die sich im Laufe der Zeit ansammeln k\u00f6nnen.<\/p>\n","protected":false},"excerpt":{"rendered":"<p>1 ml ATI Nickel increases the nickel concentration of 100 litres to 2 \u00b5g\/l<\/p>\n","protected":false},"featured_media":79290,"template":"","meta":[],"pwb-brand":[2131],"product_cat":[1395,1391,515,741],"product_tag":[],"class_list":{"0":"post-87652","1":"product","2":"type-product","3":"status-publish","4":"has-post-thumbnail","6":"pwb-brand-ati","7":"product_cat-ati-de","8":"product_cat-ergaenzungen","9":"product_cat-additives","10":"product_cat-brands","12":"first","13":"outofstock","14":"taxable","15":"shipping-taxable","16":"purchasable","17":"product-type-simple"},"acf":[],"brands":[{"id":2131,"name":"ATI","slug":"ati"}],"_links":{"self":[{"href":"https:\/\/www.seaflowerstore.com\/de\/wp-json\/wp\/v2\/product\/87652","targetHints":{"allow":["GET"]}}],"collection":[{"href":"https:\/\/www.seaflowerstore.com\/de\/wp-json\/wp\/v2\/product"}],"about":[{"href":"https:\/\/www.seaflowerstore.com\/de\/wp-json\/wp\/v2\/types\/product"}],"wp:featuredmedia":[{"embeddable":true,"href":"https:\/\/www.seaflowerstore.com\/de\/wp-json\/wp\/v2\/media\/79290"}],"wp:attachment":[{"href":"https:\/\/www.seaflowerstore.com\/de\/wp-json\/wp\/v2\/media?parent=87652"}],"wp:term":[{"taxonomy":"pwb-brand","embeddable":true,"href":"https:\/\/www.seaflowerstore.com\/de\/wp-json\/wp\/v2\/pwb-brand?post=87652"},{"taxonomy":"product_cat","embeddable":true,"href":"https:\/\/www.seaflowerstore.com\/de\/wp-json\/wp\/v2\/product_cat?post=87652"},{"taxonomy":"product_tag","embeddable":true,"href":"https:\/\/www.seaflowerstore.com\/de\/wp-json\/wp\/v2\/product_tag?post=87652"}],"curies":[{"name":"wp","href":"https:\/\/api.w.org\/{rel}","templated":true}]}}