{"id":87664,"date":"2016-12-27T13:47:57","date_gmt":"2016-12-27T12:47:57","guid":{"rendered":"https:\/\/www.seaflowerstore.com\/nl\/ati-brom-1000-ml\/"},"modified":"2024-03-20T16:39:15","modified_gmt":"2024-03-20T15:39:15","slug":"ati-brom-1000-ml","status":"publish","type":"product","link":"https:\/\/www.seaflowerstore.com\/de\/ati-brom-1000-ml\/","title":{"rendered":"ATI Brom 1000 ml"},"content":{"rendered":"<h2>ATI Bromide 1000 ml increases the bromine concentration in your reeftank<\/h2>\n<p>Brom spielt f\u00fcr viele Organismen eine entscheidende Rolle, da es ihnen hilft, Substanzen zu bilden, die sie vor Fressfeinden sch\u00fctzen. Dar\u00fcber hinaus kommt es in bestimmten Algen und Gorgonien in h\u00f6heren Konzentrationen vor. In Aquarien ist der Bromgehalt jedoch tendenziell deutlich niedriger. Daher ist es wichtig, die Bromkonzentration regelm\u00e4\u00dfig in Ihrem Labor zu \u00fcberpr\u00fcfen.<\/p>\n<p>Der beste Weg, den angestrebten Ausgleich zu erreichen, ist die Verwendung unseres hochreinen Brompr\u00e4parats. Bereits 10 ml dieses Pr\u00e4parats k\u00f6nnen die Bromkonzentration in 100 Litern Wasser um 5 mg\/l erh\u00f6hen.<\/p>\n<p><strong>Achtung:<\/strong> Die Verwendung von Ozon kann zur Bildung von giftigem Bromat f\u00fchren. Um dies zu verhindern, wird empfohlen, das ozonisierte Wasser durch Aktivkohle zu leiten, um es zu neutralisieren.<\/p>\n<p>Dieses Produkt ist au\u00dferdem frei von EDTA und anderen Chelatbildnern, die sich in Ihrem Aquarium ansammeln k\u00f6nnten.<\/p>\n","protected":false},"excerpt":{"rendered":"<p>10 ml ATI Bromide increases the bromine concentration of 100 litres to 5 mg\/l<\/p>\n","protected":false},"featured_media":79269,"template":"","meta":[],"pwb-brand":[2131],"product_cat":[1395,1391],"product_tag":[],"class_list":{"0":"post-87664","1":"product","2":"type-product","3":"status-publish","4":"has-post-thumbnail","6":"pwb-brand-ati","7":"product_cat-ati-de","8":"product_cat-ergaenzungen","10":"first","11":"instock","12":"sale","13":"taxable","14":"shipping-taxable","15":"purchasable","16":"product-type-simple"},"acf":[],"brands":[{"id":2131,"name":"ATI","slug":"ati"}],"_links":{"self":[{"href":"https:\/\/www.seaflowerstore.com\/de\/wp-json\/wp\/v2\/product\/87664","targetHints":{"allow":["GET"]}}],"collection":[{"href":"https:\/\/www.seaflowerstore.com\/de\/wp-json\/wp\/v2\/product"}],"about":[{"href":"https:\/\/www.seaflowerstore.com\/de\/wp-json\/wp\/v2\/types\/product"}],"wp:featuredmedia":[{"embeddable":true,"href":"https:\/\/www.seaflowerstore.com\/de\/wp-json\/wp\/v2\/media\/79269"}],"wp:attachment":[{"href":"https:\/\/www.seaflowerstore.com\/de\/wp-json\/wp\/v2\/media?parent=87664"}],"wp:term":[{"taxonomy":"pwb-brand","embeddable":true,"href":"https:\/\/www.seaflowerstore.com\/de\/wp-json\/wp\/v2\/pwb-brand?post=87664"},{"taxonomy":"product_cat","embeddable":true,"href":"https:\/\/www.seaflowerstore.com\/de\/wp-json\/wp\/v2\/product_cat?post=87664"},{"taxonomy":"product_tag","embeddable":true,"href":"https:\/\/www.seaflowerstore.com\/de\/wp-json\/wp\/v2\/product_tag?post=87664"}],"curies":[{"name":"wp","href":"https:\/\/api.w.org\/{rel}","templated":true}]}}