{"id":87666,"date":"2016-12-26T16:36:57","date_gmt":"2016-12-26T15:36:57","guid":{"rendered":"https:\/\/www.seaflowerstore.com\/nl\/aquaforest-media-reactor-130\/"},"modified":"2024-10-21T16:39:49","modified_gmt":"2024-10-21T14:39:49","slug":"aquaforest-media-reactor-130","status":"publish","type":"product","link":"https:\/\/www.seaflowerstore.com\/de\/aquaforest-media-reactor-130\/","title":{"rendered":"Aquaforest Media reactor 130"},"content":{"rendered":"<h2>Aquaforest Media reactor 130 Universal Fluidisierungsfilter<\/h2>\n<p>Der <strong>hochwertige Aquaforest Universal-Fluidisierungsfilter<\/strong> ist speziell f\u00fcr den Einsatz mit verschiedenen Filtermedien entwickelt, wie zum Beispiel Aktivkohle, Phosphatentferner und Zeolithe. Er wurde von erfahrenen Ingenieuren und Aquarianern entwickelt und bietet erstklassige Filterleistung, selbst in den anspruchsvollsten Meerwasseraquarien. Dank seines einzigartigen Designs und der hervorragenden Abdichtung kann der Reaktor sowohl im Technikbecken als auch extern aufgestellt werden, was gro\u00dfe Flexibilit\u00e4t bei der Installation erm\u00f6glicht.<\/p>\n<p>Gefertigt aus hochwertigen Materialien, ist dieser Filter besonders kratz- und verf\u00e4rbungsresistent und somit \u00e4u\u00dferst langlebig. Das ergonomische Design und das <em>Smart-Twist<\/em>-\u00d6ffnungssystem erm\u00f6glichen einen einfachen Wechsel des Filtermediums, was den Gebrauch besonders benutzerfreundlich gestaltet. Zus\u00e4tzlich verhindern die internen Schw\u00e4mme, dass Filtermedien ins Wasser gelangen, wodurch eine saubere und sichere Filterung gew\u00e4hrleistet wird.<\/p>\n<p>F\u00fcr optimale Filterergebnisse empfehlen wir die Verwendung einer Kombination von Aquaforest Filtermedien, einschlie\u00dflich <strong>Kohle, Phosphat Minus und Zeo Mix<\/strong>. Dies garantiert eine hervorragende Wasserqualit\u00e4t und eine gesunde Umgebung f\u00fcr Ihre Aquarienbewohner.<\/p>\n<h3>Wichtige Merkmale:<\/h3>\n<ul>\n<li>Einfach zu bedienendes <strong>Smart-Twist<\/strong>-\u00d6ffnungssystem<\/li>\n<li><strong>Schneller Medienwechsel<\/strong> f\u00fcr Komfort<\/li>\n<li>Verstellbare Siebh\u00f6he f\u00fcr verschiedene Setups<\/li>\n<li>Vollst\u00e4ndig <strong>auslaufsicher<\/strong>, ideal f\u00fcr internen und externen Einsatz<\/li>\n<li>Schlauchanschl\u00fcsse sind im Lieferumfang enthalten<\/li>\n<li>Kratz- und verf\u00e4rbungsresistent f\u00fcr lange Haltbarkeit<\/li>\n<\/ul>\n<h3>Technische Daten:<\/h3>\n<ul>\n<li><strong>Kapazit\u00e4t:<\/strong> 5000 ml (169 fl. oz.)<\/li>\n<li><strong>H\u00f6he:<\/strong> 45,5 cm (17,9\u2033)<\/li>\n<li><strong>Durchmesser der Basis:<\/strong> 16,3 cm (6,4\u2033)<\/li>\n<li><strong>Acrylrohrdurchmesser:<\/strong> 133 mm (5,2\u2033)<\/li>\n<li><strong>Durchmesser der Anschl\u00fcsse:<\/strong> 23 mm (1\u2033)<\/li>\n<\/ul>\n","protected":false},"excerpt":{"rendered":"<p>hochwertige Aquaforest Universal-Fluidisierungsfilter ist speziell f\u00fcr den Einsatz mit verschiedenen Filtermedien entwickelt<\/p>\n","protected":false},"featured_media":83983,"template":"","meta":[],"pwb-brand":[2199],"product_cat":[1389,1414],"product_tag":[],"class_list":{"0":"post-87666","1":"product","2":"type-product","3":"status-publish","4":"has-post-thumbnail","6":"pwb-brand-aquaforest","7":"product_cat-wervelbedfilter-media-filter-de","8":"product_cat-aquaforest-de","10":"first","11":"instock","12":"taxable","13":"shipping-taxable","14":"purchasable","15":"product-type-simple"},"acf":[],"brands":[{"id":2199,"name":"Aquaforest","slug":"aquaforest"}],"_links":{"self":[{"href":"https:\/\/www.seaflowerstore.com\/de\/wp-json\/wp\/v2\/product\/87666","targetHints":{"allow":["GET"]}}],"collection":[{"href":"https:\/\/www.seaflowerstore.com\/de\/wp-json\/wp\/v2\/product"}],"about":[{"href":"https:\/\/www.seaflowerstore.com\/de\/wp-json\/wp\/v2\/types\/product"}],"wp:featuredmedia":[{"embeddable":true,"href":"https:\/\/www.seaflowerstore.com\/de\/wp-json\/wp\/v2\/media\/83983"}],"wp:attachment":[{"href":"https:\/\/www.seaflowerstore.com\/de\/wp-json\/wp\/v2\/media?parent=87666"}],"wp:term":[{"taxonomy":"pwb-brand","embeddable":true,"href":"https:\/\/www.seaflowerstore.com\/de\/wp-json\/wp\/v2\/pwb-brand?post=87666"},{"taxonomy":"product_cat","embeddable":true,"href":"https:\/\/www.seaflowerstore.com\/de\/wp-json\/wp\/v2\/product_cat?post=87666"},{"taxonomy":"product_tag","embeddable":true,"href":"https:\/\/www.seaflowerstore.com\/de\/wp-json\/wp\/v2\/product_tag?post=87666"}],"curies":[{"name":"wp","href":"https:\/\/api.w.org\/{rel}","templated":true}]}}