{"id":87667,"date":"2016-12-26T16:24:49","date_gmt":"2016-12-26T15:24:49","guid":{"rendered":"https:\/\/www.seaflowerstore.com\/nl\/aquaforest-media-reactor-110\/"},"modified":"2024-03-20T16:39:09","modified_gmt":"2024-03-20T15:39:09","slug":"aquaforest-media-reactor-110","status":"publish","type":"product","link":"https:\/\/www.seaflowerstore.com\/de\/aquaforest-media-reactor-110\/","title":{"rendered":"Aquaforest Media reactor 110"},"content":{"rendered":"<h2>Aquaforest Media reactor 110 (new model)<\/h2>\n<p>Der Aquaforest Media Reactor 110 ist ein vielseitiger Fluidisierungsreaktor, der f\u00fcr die Verwendung mit verschiedenen Filtermedientypen konzipiert ist. Er ist eine ausgezeichnete Wahl f\u00fcr Phosphatabsorber, Aktivkohle und Zeolithe. Dank seiner kompakten Gr\u00f6\u00dfe kann er bequem sowohl innerhalb als auch au\u00dferhalb des Filtersumpfes verwendet werden.<\/p>\n<p>Dieser Reaktor ist vollst\u00e4ndig aus hochwertigem, 100 % Acryl gefertigt und somit widerstandsf\u00e4hig gegen Besch\u00e4digungen und Verf\u00e4rbungen. Wir haben eine Silikondichtung verwendet, um den Filter vor Undichtigkeiten zu sch\u00fctzen und so f\u00fcr ein sicheres Betriebsgef\u00fchl zu sorgen.<\/p>\n<p>Im Inneren des Reaktors finden Sie Schw\u00e4mme mit einer speziellen Vorrichtung, die Verformungen verhindert. Dieses Design stellt auch sicher, dass Filtermedien wie Harze oder Absorber wie GFO sicher im Filtergeh\u00e4use verbleiben.<\/p>\n<p>Ein weiteres wichtiges Merkmal unserer Medienreaktoren ist ihre solide Konstruktion und ihr attraktives Design. F\u00fcr optimale Ergebnisse empfehlen wir die Verwendung einer Kombination aus drei Aquaforest Media-Produkten: Zeo Mix, Carbon und Phosphate Minus.<\/p>\n<ul>\n<li><strong>Durchmesser des Rohrs:<\/strong> 11,0 cm<\/li>\n<li><strong>Durchmesser der Basis:<\/strong> 14,5 cm<\/li>\n<li><strong>H\u00f6he:<\/strong> 38 cm<\/li>\n<li><strong>Anschl\u00fcsse:<\/strong> 20 mm<\/li>\n<li><strong>Geeignet f\u00fcr bis zu:<\/strong> 2800 ml Medium<\/li>\n<\/ul>\n","protected":false},"excerpt":{"rendered":"<p>Aquaforest Media reactor 110 (new model) fluidized bed reactor<\/p>\n","protected":false},"featured_media":83486,"template":"","meta":[],"pwb-brand":[2199],"product_cat":[1389,1414],"product_tag":[],"class_list":{"0":"post-87667","1":"product","2":"type-product","3":"status-publish","4":"has-post-thumbnail","6":"pwb-brand-aquaforest","7":"product_cat-wervelbedfilter-media-filter-de","8":"product_cat-aquaforest-de","10":"first","11":"instock","12":"taxable","13":"shipping-taxable","14":"purchasable","15":"product-type-simple"},"acf":[],"brands":[{"id":2199,"name":"Aquaforest","slug":"aquaforest"}],"_links":{"self":[{"href":"https:\/\/www.seaflowerstore.com\/de\/wp-json\/wp\/v2\/product\/87667","targetHints":{"allow":["GET"]}}],"collection":[{"href":"https:\/\/www.seaflowerstore.com\/de\/wp-json\/wp\/v2\/product"}],"about":[{"href":"https:\/\/www.seaflowerstore.com\/de\/wp-json\/wp\/v2\/types\/product"}],"wp:featuredmedia":[{"embeddable":true,"href":"https:\/\/www.seaflowerstore.com\/de\/wp-json\/wp\/v2\/media\/83486"}],"wp:attachment":[{"href":"https:\/\/www.seaflowerstore.com\/de\/wp-json\/wp\/v2\/media?parent=87667"}],"wp:term":[{"taxonomy":"pwb-brand","embeddable":true,"href":"https:\/\/www.seaflowerstore.com\/de\/wp-json\/wp\/v2\/pwb-brand?post=87667"},{"taxonomy":"product_cat","embeddable":true,"href":"https:\/\/www.seaflowerstore.com\/de\/wp-json\/wp\/v2\/product_cat?post=87667"},{"taxonomy":"product_tag","embeddable":true,"href":"https:\/\/www.seaflowerstore.com\/de\/wp-json\/wp\/v2\/product_tag?post=87667"}],"curies":[{"name":"wp","href":"https:\/\/api.w.org\/{rel}","templated":true}]}}