{"id":87668,"date":"2016-12-26T16:14:22","date_gmt":"2016-12-26T15:14:22","guid":{"rendered":"https:\/\/www.seaflowerstore.com\/nl\/aquaforest-media-reactor-90\/"},"modified":"2024-12-07T10:24:28","modified_gmt":"2024-12-07T09:24:28","slug":"aquaforest-media-reactor-90","status":"publish","type":"product","link":"https:\/\/www.seaflowerstore.com\/de\/aquaforest-media-reactor-90\/","title":{"rendered":"Aquaforest Media reactor 90"},"content":{"rendered":"<h2>Aquaforest Media reactor 90<\/h2>\n<p>Der Aquaforest Media Reactor ist ein Verfl\u00fcssigungsreaktor f\u00fcr verschiedene Filtermedien. Er funktioniert hervorragend mit Phosphatabsorbern, Aktivkohle und Zeolithen.<\/p>\n<p>Dank seiner kompakten Gr\u00f6\u00dfe k\u00f6nnen Sie ihn sowohl in Ihrem Filterbecken als auch extern verwenden. Der Reaktor besteht vollst\u00e4ndig aus hochwertigem, 100 % Acryl und ist somit widerstandsf\u00e4hig gegen Besch\u00e4digungen und Verf\u00e4rbungen. Wir haben eine Silikondichtung eingebaut, die wirksam vor Undichtigkeiten sch\u00fctzt.<\/p>\n<p>Im Inneren des Reaktors finden Sie Schw\u00e4mme mit einer speziellen Halterung. Dieses Design verhindert eine Verformung des inneren Schwamms und verhindert, dass das Filtermedium aus dem Geh\u00e4use entweicht, was besonders bei Harzen oder Absorbern wie GFO wichtig ist.<\/p>\n<p>Ein weiteres gro\u00dfartiges Merkmal ist die solide Konstruktion und das attraktive Design unserer Medienreaktoren.<\/p>\n<p>F\u00fcr optimale Ergebnisse empfehlen wir die gemeinsame Verwendung von drei Aquaforest-Medienprodukten: Zeo Mix, Carbon und Phosphate Minus.<\/p>\n<ul>\n<li><strong>Rohrdurchmesser:<\/strong> 90 mm<\/li>\n<li><strong>H\u00f6he:<\/strong> 30 cm<\/li>\n<li><strong>Anschl\u00fcsse:<\/strong> 16 mm<\/li>\n<li><strong>Fasst bis zu:<\/strong> 1,6 l<\/li>\n<\/ul>\n","protected":false},"excerpt":{"rendered":"<p data-format=\"%title% %sep% %sitename%\" data-empty-title=\"Click to enter custom title\">Aquaforest Media reactor 90 fluidized bed reactor<\/p>\n","protected":false},"featured_media":83483,"template":"","meta":[],"pwb-brand":[2199],"product_cat":[1389,1414],"product_tag":[],"class_list":{"0":"post-87668","1":"product","2":"type-product","3":"status-publish","4":"has-post-thumbnail","6":"pwb-brand-aquaforest","7":"product_cat-wervelbedfilter-media-filter-de","8":"product_cat-aquaforest-de","10":"first","11":"instock","12":"taxable","13":"shipping-taxable","14":"purchasable","15":"product-type-simple"},"acf":[],"brands":[{"id":2199,"name":"Aquaforest","slug":"aquaforest"}],"_links":{"self":[{"href":"https:\/\/www.seaflowerstore.com\/de\/wp-json\/wp\/v2\/product\/87668","targetHints":{"allow":["GET"]}}],"collection":[{"href":"https:\/\/www.seaflowerstore.com\/de\/wp-json\/wp\/v2\/product"}],"about":[{"href":"https:\/\/www.seaflowerstore.com\/de\/wp-json\/wp\/v2\/types\/product"}],"wp:featuredmedia":[{"embeddable":true,"href":"https:\/\/www.seaflowerstore.com\/de\/wp-json\/wp\/v2\/media\/83483"}],"wp:attachment":[{"href":"https:\/\/www.seaflowerstore.com\/de\/wp-json\/wp\/v2\/media?parent=87668"}],"wp:term":[{"taxonomy":"pwb-brand","embeddable":true,"href":"https:\/\/www.seaflowerstore.com\/de\/wp-json\/wp\/v2\/pwb-brand?post=87668"},{"taxonomy":"product_cat","embeddable":true,"href":"https:\/\/www.seaflowerstore.com\/de\/wp-json\/wp\/v2\/product_cat?post=87668"},{"taxonomy":"product_tag","embeddable":true,"href":"https:\/\/www.seaflowerstore.com\/de\/wp-json\/wp\/v2\/product_tag?post=87668"}],"curies":[{"name":"wp","href":"https:\/\/api.w.org\/{rel}","templated":true}]}}