{"id":87671,"date":"2016-12-12T16:13:04","date_gmt":"2016-12-12T15:13:04","guid":{"rendered":"https:\/\/www.seaflowerstore.com\/nl\/aquaforest-poly-glue-250ml\/"},"modified":"2024-03-20T16:39:02","modified_gmt":"2024-03-20T15:39:02","slug":"aquaforest-poly-glue-250ml","status":"publish","type":"product","link":"https:\/\/www.seaflowerstore.com\/de\/aquaforest-poly-glue-250ml\/","title":{"rendered":"Aquaforest Poly Glue 250ml"},"content":{"rendered":"<h2>Aquaforest Poly Glue 250ml Polymer glue for pasting corals<\/h2>\n<p><strong>Polymerkleber f\u00fcr Korallen.<\/strong> Mit diesem Produkt k\u00f6nnen Sie Korallen ganz einfach und sicher befestigen.<\/p>\n<p><strong>Gebrauchsanweisung:<\/strong><\/p>\n<ul>\n<li>Legen Sie die Klebepellets zun\u00e4chst in hei\u00dfes Wasser (ca. 60\u00baC).<\/li>\n<li>Nach einigen Minuten werden Sie eine leicht formbare Masse mit hervorragenden Klebeeigenschaften feststellen.<\/li>\n<li>Der Kleber h\u00e4rtet vollst\u00e4ndig aus, sobald er abk\u00fchlt oder in das Aquarium gegeben wird.<\/li>\n<li>F\u00fcr optimale Ergebnisse empfehlen wir, den Klebevorgang \u00fcber Wasser durchzuf\u00fchren.<\/li>\n<li>Nach etwa 30 Sekunden Bindezeit k\u00f6nnen Sie die Koralle ins Wasser legen.<\/li>\n<li>Machen Sie sich keine Sorgen, wenn Sie noch ungenutzte Masse \u00fcbrig haben. Es kann f\u00fcr die sp\u00e4tere Verwendung in hei\u00dfem Wasser wieder plastifiziert werden.<\/li>\n<\/ul>\n<p>Dieses Produkt ist eine gro\u00dfartige L\u00f6sung, um sicherzustellen, dass Ihre Korallen sicher befestigt sind und Ihr Aquarium sch\u00f6n und lebendig aussieht.<\/p>\n","protected":false},"excerpt":{"rendered":"<p>Aquaforest Poly Glue 250ml Polymer glue for fixating corals<\/p>\n","protected":false},"featured_media":83189,"template":"","meta":[],"pwb-brand":[2199],"product_cat":[1405,1414],"product_tag":[],"class_list":{"0":"post-87671","1":"product","2":"type-product","3":"status-publish","4":"has-post-thumbnail","6":"pwb-brand-aquaforest","7":"product_cat-korallenkleber-versiegelungsmittel","8":"product_cat-aquaforest-de","10":"first","11":"instock","12":"taxable","13":"shipping-taxable","14":"purchasable","15":"product-type-simple"},"acf":[],"brands":[{"id":2199,"name":"Aquaforest","slug":"aquaforest"}],"_links":{"self":[{"href":"https:\/\/www.seaflowerstore.com\/de\/wp-json\/wp\/v2\/product\/87671","targetHints":{"allow":["GET"]}}],"collection":[{"href":"https:\/\/www.seaflowerstore.com\/de\/wp-json\/wp\/v2\/product"}],"about":[{"href":"https:\/\/www.seaflowerstore.com\/de\/wp-json\/wp\/v2\/types\/product"}],"wp:featuredmedia":[{"embeddable":true,"href":"https:\/\/www.seaflowerstore.com\/de\/wp-json\/wp\/v2\/media\/83189"}],"wp:attachment":[{"href":"https:\/\/www.seaflowerstore.com\/de\/wp-json\/wp\/v2\/media?parent=87671"}],"wp:term":[{"taxonomy":"pwb-brand","embeddable":true,"href":"https:\/\/www.seaflowerstore.com\/de\/wp-json\/wp\/v2\/pwb-brand?post=87671"},{"taxonomy":"product_cat","embeddable":true,"href":"https:\/\/www.seaflowerstore.com\/de\/wp-json\/wp\/v2\/product_cat?post=87671"},{"taxonomy":"product_tag","embeddable":true,"href":"https:\/\/www.seaflowerstore.com\/de\/wp-json\/wp\/v2\/product_tag?post=87671"}],"curies":[{"name":"wp","href":"https:\/\/api.w.org\/{rel}","templated":true}]}}