{"id":87672,"date":"2016-12-06T21:12:50","date_gmt":"2016-12-06T20:12:50","guid":{"rendered":"https:\/\/www.seaflowerstore.com\/nl\/aqua-medic-spare-bulb-helix-max-9-watt\/"},"modified":"2024-03-20T16:39:01","modified_gmt":"2024-03-20T15:39:01","slug":"aqua-medic-spare-bulb-helix-max-9-watt","status":"publish","type":"product","link":"https:\/\/www.seaflowerstore.com\/de\/aqua-medic-spare-bulb-helix-max-9-watt\/","title":{"rendered":"Aqua Medic Spare bulb Helix Max 9 Watt"},"content":{"rendered":"<h2>Aqua Medic Spare bulb Helix Max 9 Watt<\/h2>\n<p><strong>Vorsicht:<\/strong> Bitte denken Sie daran, Latexhandschuhe zu tragen, bevor Sie die Lampe oder die H\u00fclle anfassen. Die \u00d6le Ihrer Haut k\u00f6nnen die UV-Lampe und die H\u00fclle besch\u00e4digen.<\/p>\n<p><strong>** Eine UV-Lampe ist ein empfindlicher Versandartikel. Wir verpacken sie mit gro\u00dfer Sorgfalt, k\u00f6nnen jedoch nicht f\u00fcr Bruch oder Defekte w\u00e4hrend des Transports verantwortlich gemacht werden. **<\/strong><\/p>\n","protected":false},"excerpt":{"rendered":"<p>Aqua Medic reserve 9 Watt Helix Max lamp must be replaced 1-2x per year. Radiated UV light decreases quickly<\/p>\n","protected":false},"featured_media":79239,"template":"","meta":[],"pwb-brand":[2149],"product_cat":[1421,1537,741],"product_tag":[],"class_list":{"0":"post-87672","1":"product","2":"type-product","3":"status-publish","4":"has-post-thumbnail","6":"pwb-brand-aqua-medic","7":"product_cat-aqua-medic-de","8":"product_cat-aquarientechnik","9":"product_cat-brands","11":"first","12":"instock","13":"taxable","14":"shipping-taxable","15":"purchasable","16":"product-type-simple"},"acf":[],"brands":[{"id":2149,"name":"Aqua Medic","slug":"aqua-medic"}],"_links":{"self":[{"href":"https:\/\/www.seaflowerstore.com\/de\/wp-json\/wp\/v2\/product\/87672","targetHints":{"allow":["GET"]}}],"collection":[{"href":"https:\/\/www.seaflowerstore.com\/de\/wp-json\/wp\/v2\/product"}],"about":[{"href":"https:\/\/www.seaflowerstore.com\/de\/wp-json\/wp\/v2\/types\/product"}],"wp:featuredmedia":[{"embeddable":true,"href":"https:\/\/www.seaflowerstore.com\/de\/wp-json\/wp\/v2\/media\/79239"}],"wp:attachment":[{"href":"https:\/\/www.seaflowerstore.com\/de\/wp-json\/wp\/v2\/media?parent=87672"}],"wp:term":[{"taxonomy":"pwb-brand","embeddable":true,"href":"https:\/\/www.seaflowerstore.com\/de\/wp-json\/wp\/v2\/pwb-brand?post=87672"},{"taxonomy":"product_cat","embeddable":true,"href":"https:\/\/www.seaflowerstore.com\/de\/wp-json\/wp\/v2\/product_cat?post=87672"},{"taxonomy":"product_tag","embeddable":true,"href":"https:\/\/www.seaflowerstore.com\/de\/wp-json\/wp\/v2\/product_tag?post=87672"}],"curies":[{"name":"wp","href":"https:\/\/api.w.org\/{rel}","templated":true}]}}