{"id":87678,"date":"2016-11-13T14:25:40","date_gmt":"2016-11-13T13:25:40","guid":{"rendered":"https:\/\/www.seaflowerstore.com\/nl\/tunze-5x-filter-cartridges-135mm\/"},"modified":"2024-03-19T15:40:48","modified_gmt":"2024-03-19T14:40:48","slug":"tunze-5x-filter-cartridges-135mm","status":"publish","type":"product","link":"https:\/\/www.seaflowerstore.com\/de\/tunze-5x-filter-cartridges-135mm\/","title":{"rendered":"Tunze 5x Filter cartridges &#8211; 135mm"},"content":{"rendered":"<h2>Tunze 5x Filter cartridges &#8211; 135mm<\/h2>\n<p>Wir pr\u00e4sentieren die <strong>Tunze 5x Filterkartuschen<\/strong>, die f\u00fcr Ihre Aquarienbed\u00fcrfnisse entwickelt wurden. Jede Kartusche verf\u00fcgt \u00fcber eine langlebige gewickelte Acrylwatte und ist mit hochwertiger Aquarienwatte gef\u00fcllt. Sie k\u00f6nnen diese Kartuschen reinigen und zwei- bis f\u00fcnfmal verwenden, was sie zu einer gro\u00dfartigen Investition f\u00fcr Ihr Aquarium macht.<\/p>\n<p>Diese Kartuschen sind perfekt f\u00fcr:<\/p>\n<ul>\n<li>Turbelle e-jet<\/li>\n<li>Topffilter 820<\/li>\n<li>Kartuschenfilter 800<\/li>\n<li>Alle Comline-Filter<\/li>\n<\/ul>\n<p>Au\u00dferdem sind sie auch mit dem Powerfilter 1000 kompatibel und bieten Ihnen Flexibilit\u00e4t bei Ihren Filteroptionen.<\/p>\n<p>Halten Sie Ihr Aquarium mit diesen zuverl\u00e4ssigen Filterkartuschen sauber und florierend!<\/p>\n","protected":false},"excerpt":{"rendered":"<p>Five spare filter cartridge with wound acrylic wadding. Equipped with the best aquarium cotton wool, it can be washed two to five times.<\/p>\n","protected":false},"featured_media":83057,"template":"","meta":[],"pwb-brand":[2123],"product_cat":[1515],"product_tag":[],"class_list":{"0":"post-87678","1":"product","2":"type-product","3":"status-publish","4":"has-post-thumbnail","6":"pwb-brand-tunze","7":"product_cat-aquarium-powerfilter-de","9":"first","10":"outofstock","11":"taxable","12":"shipping-taxable","13":"purchasable","14":"product-type-simple"},"acf":[],"brands":[{"id":2123,"name":"Tunze","slug":"tunze"}],"_links":{"self":[{"href":"https:\/\/www.seaflowerstore.com\/de\/wp-json\/wp\/v2\/product\/87678","targetHints":{"allow":["GET"]}}],"collection":[{"href":"https:\/\/www.seaflowerstore.com\/de\/wp-json\/wp\/v2\/product"}],"about":[{"href":"https:\/\/www.seaflowerstore.com\/de\/wp-json\/wp\/v2\/types\/product"}],"wp:featuredmedia":[{"embeddable":true,"href":"https:\/\/www.seaflowerstore.com\/de\/wp-json\/wp\/v2\/media\/83057"}],"wp:attachment":[{"href":"https:\/\/www.seaflowerstore.com\/de\/wp-json\/wp\/v2\/media?parent=87678"}],"wp:term":[{"taxonomy":"pwb-brand","embeddable":true,"href":"https:\/\/www.seaflowerstore.com\/de\/wp-json\/wp\/v2\/pwb-brand?post=87678"},{"taxonomy":"product_cat","embeddable":true,"href":"https:\/\/www.seaflowerstore.com\/de\/wp-json\/wp\/v2\/product_cat?post=87678"},{"taxonomy":"product_tag","embeddable":true,"href":"https:\/\/www.seaflowerstore.com\/de\/wp-json\/wp\/v2\/product_tag?post=87678"}],"curies":[{"name":"wp","href":"https:\/\/api.w.org\/{rel}","templated":true}]}}