{"id":87680,"date":"2016-11-09T13:11:33","date_gmt":"2016-11-09T12:11:33","guid":{"rendered":"https:\/\/www.seaflowerstore.com\/nl\/zeolife-5000-ml-kz\/"},"modified":"2024-03-20T16:38:50","modified_gmt":"2024-03-20T15:38:50","slug":"zeolife-5000-ml-kz","status":"publish","type":"product","link":"https:\/\/www.seaflowerstore.com\/de\/zeolife-5000-ml-kz\/","title":{"rendered":"ZEOlife &#8211; 5000 ml (KZ)"},"content":{"rendered":"<h2>KorallenZucht ZEOlife &#8211; 10000 ml Removes yellowing compounds and turbidity in a biological way<\/h2>\n<p><strong><span class=\"caps\">ZEO<\/span>life ist ein fl\u00fcssiges Filtermedium, das bestimmte Stoffwechselprozesse in Ihrem Aquarium anregen und beschleunigen soll.<\/strong><\/p>\n<p>Dieses Produkt kann zusammen mit dem ZEOvit\u00ae-System verwendet werden, insbesondere wenn Sie mit der ZEOvit\u00ae-Methode beginnen. Es entfernt effektiv und biologisch vergilbende Verbindungen und Tr\u00fcbungen und ist daher f\u00fcr jedes Aquarium geeignet. Dar\u00fcber hinaus hilft es bei regelm\u00e4\u00dfiger Anwendung, den Nitrat- und Phosphatgehalt zu senken.<\/p>\n<p>F\u00fcr optimale Ergebnisse direkt in den Tank dosieren. Wenn m\u00f6glich, den Absch\u00e4umer f\u00fcr etwa 1 Stunde ausschalten. Wir empfehlen die Dosierung nach Wasserwechseln oder bei der Behebung von Problemen in Ihrem Aquarium. Die empfohlene Dosierung betr\u00e4gt 1000 ml auf 5000 Liter (oder 1250 Gallonen) Wasser.<\/p>\n<p>Vor Gebrauch gut sch\u00fctteln.<\/p>\n<p><strong style=\"font-size: 12px\">F\u00fcr den Dauergebrauch empfehlen wir eine Dosierung von 3 ml pro 100 Liter (oder 25 Gallonen) t\u00e4glich.<\/strong><\/p>\n","protected":false},"excerpt":{"rendered":"<p>KorallenZucht ZEOlife Removes yellowing compounds and turbidity in a biological way<\/p>\n","protected":false},"featured_media":79227,"template":"","meta":[],"pwb-brand":[2159],"product_cat":[1391],"product_tag":[],"class_list":{"0":"post-87680","1":"product","2":"type-product","3":"status-publish","4":"has-post-thumbnail","6":"pwb-brand-korallen-zucht","7":"product_cat-ergaenzungen","9":"first","10":"outofstock","11":"sale","12":"taxable","13":"shipping-taxable","14":"purchasable","15":"product-type-simple"},"acf":[],"brands":[{"id":2159,"name":"Korallen Zucht","slug":"korallen-zucht"}],"_links":{"self":[{"href":"https:\/\/www.seaflowerstore.com\/de\/wp-json\/wp\/v2\/product\/87680","targetHints":{"allow":["GET"]}}],"collection":[{"href":"https:\/\/www.seaflowerstore.com\/de\/wp-json\/wp\/v2\/product"}],"about":[{"href":"https:\/\/www.seaflowerstore.com\/de\/wp-json\/wp\/v2\/types\/product"}],"wp:featuredmedia":[{"embeddable":true,"href":"https:\/\/www.seaflowerstore.com\/de\/wp-json\/wp\/v2\/media\/79227"}],"wp:attachment":[{"href":"https:\/\/www.seaflowerstore.com\/de\/wp-json\/wp\/v2\/media?parent=87680"}],"wp:term":[{"taxonomy":"pwb-brand","embeddable":true,"href":"https:\/\/www.seaflowerstore.com\/de\/wp-json\/wp\/v2\/pwb-brand?post=87680"},{"taxonomy":"product_cat","embeddable":true,"href":"https:\/\/www.seaflowerstore.com\/de\/wp-json\/wp\/v2\/product_cat?post=87680"},{"taxonomy":"product_tag","embeddable":true,"href":"https:\/\/www.seaflowerstore.com\/de\/wp-json\/wp\/v2\/product_tag?post=87680"}],"curies":[{"name":"wp","href":"https:\/\/api.w.org\/{rel}","templated":true}]}}