{"id":87681,"date":"2016-11-09T13:10:14","date_gmt":"2016-11-09T12:10:14","guid":{"rendered":"https:\/\/www.seaflowerstore.com\/nl\/zeolife-1000-ml-kz\/"},"modified":"2024-03-20T16:38:49","modified_gmt":"2024-03-20T15:38:49","slug":"zeolife-1000-ml-kz","status":"publish","type":"product","link":"https:\/\/www.seaflowerstore.com\/de\/zeolife-1000-ml-kz\/","title":{"rendered":"ZEOlife &#8211; 1000 ml (KZ)"},"content":{"rendered":"<h2>ZEOlife &#8211; 1000 ml (KZ)<\/h2>\n<p><strong><span class=\"caps\">ZEO<\/span>life ist ein fl\u00fcssiges Filtermedium, das bestimmte Stoffwechselprozesse in Ihrem Aquarium anregt und beschleunigt.<\/strong> Dieses Produkt kann zusammen mit dem <span class=\"caps\">ZEO<\/span>vit-System verwendet werden. Es entfernt effektiv und biologisch Gelbf\u00e4rbungen und Tr\u00fcbungen und ist daher f\u00fcr jede Aquariumkonfiguration geeignet. Regelm\u00e4\u00dfige Anwendung kann zur Reduzierung des Nitrat- und Phosphatgehalts beitragen.<\/p>\n<p>Die empfohlene Dosierung ist die direkte Zugabe in das Aquarium. Wenn m\u00f6glich, schalten Sie den Absch\u00e4umer f\u00fcr etwa eine Stunde aus. Wir empfehlen die Dosierung nach Wasserwechseln oder bei der Behebung von Problemen in Ihrem Aquarium.<\/p>\n<p>Diese 1000-ml-Flasche reicht f\u00fcr 5000 Liter oder 1250 Gallonen Wasser.<\/p>\n<p><strong>Denken Sie daran, vor Gebrauch gut zu sch\u00fctteln.<\/strong><\/p>\n<p><strong>Dosierung f\u00fcr den regelm\u00e4\u00dfigen Gebrauch: 3 ml pro 100 Liter oder 25 Gallonen t\u00e4glich.<\/strong><\/p>\n","protected":false},"excerpt":{"rendered":"<p>KorallenZucht ZEOlife Removes yellowing compounds and turbidity in a biological way<\/p>\n","protected":false},"featured_media":79225,"template":"","meta":[],"pwb-brand":[2159],"product_cat":[1391],"product_tag":[],"class_list":{"0":"post-87681","1":"product","2":"type-product","3":"status-publish","4":"has-post-thumbnail","6":"pwb-brand-korallen-zucht","7":"product_cat-ergaenzungen","9":"first","10":"instock","11":"sale","12":"taxable","13":"shipping-taxable","14":"purchasable","15":"product-type-simple"},"acf":[],"brands":[{"id":2159,"name":"Korallen Zucht","slug":"korallen-zucht"}],"_links":{"self":[{"href":"https:\/\/www.seaflowerstore.com\/de\/wp-json\/wp\/v2\/product\/87681","targetHints":{"allow":["GET"]}}],"collection":[{"href":"https:\/\/www.seaflowerstore.com\/de\/wp-json\/wp\/v2\/product"}],"about":[{"href":"https:\/\/www.seaflowerstore.com\/de\/wp-json\/wp\/v2\/types\/product"}],"wp:featuredmedia":[{"embeddable":true,"href":"https:\/\/www.seaflowerstore.com\/de\/wp-json\/wp\/v2\/media\/79225"}],"wp:attachment":[{"href":"https:\/\/www.seaflowerstore.com\/de\/wp-json\/wp\/v2\/media?parent=87681"}],"wp:term":[{"taxonomy":"pwb-brand","embeddable":true,"href":"https:\/\/www.seaflowerstore.com\/de\/wp-json\/wp\/v2\/pwb-brand?post=87681"},{"taxonomy":"product_cat","embeddable":true,"href":"https:\/\/www.seaflowerstore.com\/de\/wp-json\/wp\/v2\/product_cat?post=87681"},{"taxonomy":"product_tag","embeddable":true,"href":"https:\/\/www.seaflowerstore.com\/de\/wp-json\/wp\/v2\/product_tag?post=87681"}],"curies":[{"name":"wp","href":"https:\/\/api.w.org\/{rel}","templated":true}]}}