{"id":87684,"date":"2016-11-09T09:51:07","date_gmt":"2016-11-09T08:51:07","guid":{"rendered":"https:\/\/www.seaflowerstore.com\/nl\/triton-mgci2-4kg\/"},"modified":"2024-03-20T16:38:41","modified_gmt":"2024-03-20T15:38:41","slug":"triton-mgci2-4kg","status":"publish","type":"product","link":"https:\/\/www.seaflowerstore.com\/de\/triton-mgci2-4kg\/","title":{"rendered":"Triton MgCI2 &#8211; 4kg"},"content":{"rendered":"<h2>Triton MgCI2 &#8211; 4kg Highly pure Magnesium Chloride Hexahydrate (MgCl2.6H2O) for increasing magnesium<\/h2>\n<p>Willkommen in der Welt des hochreinen Magnesiumchlorid-Hexahydrats, das speziell zur Verbesserung des Magnesiumspiegels entwickelt wurde. Bei TRITON sind wir stolz auf unsere DIY-Salze, die im eigenen Haus nur mit den besten Zutaten verpackt werden. Jede Charge wird im TRITON-Labor strengen Tests und Qualit\u00e4tskontrollen unterzogen, um sicherzustellen, dass Sie das bestm\u00f6gliche Produkt erhalten.<\/p>\n<p>Unser Magnesiumchlorid ist perfekt f\u00fcr:<\/p>\n<ul>\n<li>2-teilige Erg\u00e4nzungssysteme<\/li>\n<li>3-teilige Erg\u00e4nzungssysteme<\/li>\n<li>Andere DIY-Methoden, die von Riffliebhabern und professionellen Aquarianern verwendet werden<\/li>\n<\/ul>\n<p>W\u00e4hlen Sie TRITON f\u00fcr Ihren Magnesiumbedarf und erleben Sie den Unterschied in Qualit\u00e4t und Leistung!<\/p>\n","protected":false},"excerpt":{"rendered":"<p>Triton MgCI2 &#8211; 4kg Highly pure Magnesium Chloride Hexahydrate (MgCl2.6H2O) for increasing magnesium<\/p>\n","protected":false},"featured_media":79218,"template":"","meta":[],"pwb-brand":[2181],"product_cat":[1391,1392],"product_tag":[],"class_list":{"0":"post-87684","1":"product","2":"type-product","3":"status-publish","4":"has-post-thumbnail","6":"pwb-brand-triton","7":"product_cat-ergaenzungen","8":"product_cat-triton-de","10":"first","11":"instock","12":"taxable","13":"shipping-taxable","14":"purchasable","15":"product-type-simple"},"acf":[],"brands":[{"id":2181,"name":"Triton","slug":"triton"}],"_links":{"self":[{"href":"https:\/\/www.seaflowerstore.com\/de\/wp-json\/wp\/v2\/product\/87684","targetHints":{"allow":["GET"]}}],"collection":[{"href":"https:\/\/www.seaflowerstore.com\/de\/wp-json\/wp\/v2\/product"}],"about":[{"href":"https:\/\/www.seaflowerstore.com\/de\/wp-json\/wp\/v2\/types\/product"}],"wp:featuredmedia":[{"embeddable":true,"href":"https:\/\/www.seaflowerstore.com\/de\/wp-json\/wp\/v2\/media\/79218"}],"wp:attachment":[{"href":"https:\/\/www.seaflowerstore.com\/de\/wp-json\/wp\/v2\/media?parent=87684"}],"wp:term":[{"taxonomy":"pwb-brand","embeddable":true,"href":"https:\/\/www.seaflowerstore.com\/de\/wp-json\/wp\/v2\/pwb-brand?post=87684"},{"taxonomy":"product_cat","embeddable":true,"href":"https:\/\/www.seaflowerstore.com\/de\/wp-json\/wp\/v2\/product_cat?post=87684"},{"taxonomy":"product_tag","embeddable":true,"href":"https:\/\/www.seaflowerstore.com\/de\/wp-json\/wp\/v2\/product_tag?post=87684"}],"curies":[{"name":"wp","href":"https:\/\/api.w.org\/{rel}","templated":true}]}}