{"id":87685,"date":"2016-11-09T09:49:03","date_gmt":"2016-11-09T08:49:03","guid":{"rendered":"https:\/\/www.seaflowerstore.com\/nl\/triton-nahco3-4kg\/"},"modified":"2024-03-20T16:38:38","modified_gmt":"2024-03-20T15:38:38","slug":"triton-nahco3-4kg","status":"publish","type":"product","link":"https:\/\/www.seaflowerstore.com\/de\/triton-nahco3-4kg\/","title":{"rendered":"Triton NaHCO3 &#8211; 4kg"},"content":{"rendered":"<h2>Triton NaHCO3 &#8211; 4kg Highly pure Sodium Hydrogen Carbonate (NaHCO3) for increasing alkalinity<\/h2>\n<p><strong>Triton NaHCO3<\/strong> ist ein hochreines Natriumhydrogencarbonat (NaHCO3), das die Alkalinit\u00e4t effektiv erh\u00f6ht. Unsere TRITON-DIY-Salze werden im eigenen Haus verpackt, wodurch sichergestellt wird, dass wir nur die besten Zutaten verwenden. Jede Charge wird im TRITON-Labor strengen Tests und Qualit\u00e4tskontrollen unterzogen, um Spitzenqualit\u00e4t zu garantieren.<\/p>\n<p>Diese Produkte eignen sich perfekt f\u00fcr verschiedene Erg\u00e4nzungsmethoden, egal ob Sie 2-Komponenten-, 3-Komponenten- oder andere DIY-Ans\u00e4tze verwenden, die h\u00e4ufig von Riffpflegern und professionellen Aquarianern angewendet werden.<\/p>\n","protected":false},"excerpt":{"rendered":"<p>Triton NaHCO3 &#8211; 4kg Highly pure Sodium Hydrogen Carbonate (NaHCO3) for increasing alkalinity<\/p>\n","protected":false},"featured_media":79215,"template":"","meta":[],"pwb-brand":[2181],"product_cat":[1391,1392],"product_tag":[],"class_list":{"0":"post-87685","1":"product","2":"type-product","3":"status-publish","4":"has-post-thumbnail","6":"pwb-brand-triton","7":"product_cat-ergaenzungen","8":"product_cat-triton-de","10":"first","11":"instock","12":"taxable","13":"shipping-taxable","14":"purchasable","15":"product-type-simple"},"acf":[],"brands":[{"id":2181,"name":"Triton","slug":"triton"}],"_links":{"self":[{"href":"https:\/\/www.seaflowerstore.com\/de\/wp-json\/wp\/v2\/product\/87685","targetHints":{"allow":["GET"]}}],"collection":[{"href":"https:\/\/www.seaflowerstore.com\/de\/wp-json\/wp\/v2\/product"}],"about":[{"href":"https:\/\/www.seaflowerstore.com\/de\/wp-json\/wp\/v2\/types\/product"}],"wp:featuredmedia":[{"embeddable":true,"href":"https:\/\/www.seaflowerstore.com\/de\/wp-json\/wp\/v2\/media\/79215"}],"wp:attachment":[{"href":"https:\/\/www.seaflowerstore.com\/de\/wp-json\/wp\/v2\/media?parent=87685"}],"wp:term":[{"taxonomy":"pwb-brand","embeddable":true,"href":"https:\/\/www.seaflowerstore.com\/de\/wp-json\/wp\/v2\/pwb-brand?post=87685"},{"taxonomy":"product_cat","embeddable":true,"href":"https:\/\/www.seaflowerstore.com\/de\/wp-json\/wp\/v2\/product_cat?post=87685"},{"taxonomy":"product_tag","embeddable":true,"href":"https:\/\/www.seaflowerstore.com\/de\/wp-json\/wp\/v2\/product_tag?post=87685"}],"curies":[{"name":"wp","href":"https:\/\/api.w.org\/{rel}","templated":true}]}}