{"id":87686,"date":"2016-11-09T09:43:30","date_gmt":"2016-11-09T08:43:30","guid":{"rendered":"https:\/\/www.seaflowerstore.com\/nl\/triton-bromine-br-1000ml\/"},"modified":"2024-03-20T16:38:37","modified_gmt":"2024-03-20T15:38:37","slug":"triton-bromine-br-1000ml","status":"publish","type":"product","link":"https:\/\/www.seaflowerstore.com\/de\/triton-bromine-br-1000ml\/","title":{"rendered":"Triton Bromine (Br) &#8211; 1000ml"},"content":{"rendered":"<h2>Triton Bromine (Br) &#8211; 1000ml is Beneficial for SPS\/LPS Coral Colour and Health<\/h2>\n<p>Brom ist ein Makroelement-Meerwasserzusatz, der eine entscheidende Rolle f\u00fcr die Gesundheit und F\u00e4rbung von SPS- und LPS-Korallen spielt. Es kommt nat\u00fcrlich im Meerwasser vor und ist vorteilhaft f\u00fcr das Wohlbefinden Ihrer Korallen.<\/p>\n<p><strong>Achtung: Dieses Produkt ist nur f\u00fcr die Verwendung durch fortgeschrittene Aquarianer bestimmt.<\/strong><\/p>\n<p>In Kombination mit TRITON Lab ICP-Tests k\u00f6nnen Aquarianer pr\u00e4zise Einzelelementanpassungen vornehmen. Nur TRITON bietet fortschrittliche Aquarienhaltung und gew\u00e4hrleistet gleichzeitig eine einfache Handhabung. Detaillierte Dosierungsinformationen finden Sie auf der Registerkarte DOSIERUNG Ihrer ICP-Analyse.<\/p>\n<p>Die TRITON-Reihe von Makro- und Spurenelementzus\u00e4tzen basiert auf \u00fcber einem Jahrzehnt wissenschaftlicher Forschung mit Schwerpunkt auf der Chemie von nat\u00fcrlichem und geschlossenem Meerwassersystem.<\/p>\n","protected":false},"excerpt":{"rendered":"<p>Triton Bromine (Br) &#8211; 1000ml is Beneficial for SPS\/LPS coral colour and health<\/p>\n","protected":false},"featured_media":79213,"template":"","meta":[],"pwb-brand":[2181],"product_cat":[1391,1392],"product_tag":[],"class_list":{"0":"post-87686","1":"product","2":"type-product","3":"status-publish","4":"has-post-thumbnail","6":"pwb-brand-triton","7":"product_cat-ergaenzungen","8":"product_cat-triton-de","10":"first","11":"instock","12":"taxable","13":"shipping-taxable","14":"purchasable","15":"product-type-simple"},"acf":[],"brands":[{"id":2181,"name":"Triton","slug":"triton"}],"_links":{"self":[{"href":"https:\/\/www.seaflowerstore.com\/de\/wp-json\/wp\/v2\/product\/87686","targetHints":{"allow":["GET"]}}],"collection":[{"href":"https:\/\/www.seaflowerstore.com\/de\/wp-json\/wp\/v2\/product"}],"about":[{"href":"https:\/\/www.seaflowerstore.com\/de\/wp-json\/wp\/v2\/types\/product"}],"wp:featuredmedia":[{"embeddable":true,"href":"https:\/\/www.seaflowerstore.com\/de\/wp-json\/wp\/v2\/media\/79213"}],"wp:attachment":[{"href":"https:\/\/www.seaflowerstore.com\/de\/wp-json\/wp\/v2\/media?parent=87686"}],"wp:term":[{"taxonomy":"pwb-brand","embeddable":true,"href":"https:\/\/www.seaflowerstore.com\/de\/wp-json\/wp\/v2\/pwb-brand?post=87686"},{"taxonomy":"product_cat","embeddable":true,"href":"https:\/\/www.seaflowerstore.com\/de\/wp-json\/wp\/v2\/product_cat?post=87686"},{"taxonomy":"product_tag","embeddable":true,"href":"https:\/\/www.seaflowerstore.com\/de\/wp-json\/wp\/v2\/product_tag?post=87686"}],"curies":[{"name":"wp","href":"https:\/\/api.w.org\/{rel}","templated":true}]}}