{"id":87693,"date":"2016-11-05T11:43:22","date_gmt":"2016-11-05T10:43:22","guid":{"rendered":"https:\/\/www.seaflowerstore.com\/nl\/copepods-live-feed-100ml\/"},"modified":"2024-03-20T16:38:34","modified_gmt":"2024-03-20T15:38:34","slug":"copepods-live-feed-100ml","status":"publish","type":"product","link":"https:\/\/www.seaflowerstore.com\/de\/copepods-live-feed-100ml\/","title":{"rendered":"Copepods &#8211; live feed &#8211; 100ml"},"content":{"rendered":"<h2>Bag with live copepods, fresh delivery every Thursday<\/h2>\n<p><strong>Wir liefern unsere Ruderfu\u00dfkrebse nur, wenn die Qualit\u00e4t gut ist.<\/strong> Wenn wir sie nicht liefern k\u00f6nnen, erstatten wir Ihnen Ihre Zahlung zur\u00fcck. Bitte beachten Sie, dass der Versand auf eigenes Risiko des Kunden erfolgt und wir nicht f\u00fcr Verz\u00f6gerungen w\u00e4hrend des Transports verantwortlich gemacht werden k\u00f6nnen.<\/p>\n<p><strong>Art:<\/strong> Harpacticoide Ruderfu\u00dfkrebse<\/p>\n","protected":false},"excerpt":{"rendered":"<p>Supply \/ quality copepods varies per week. With no stock we put the order on hold or will cancel the ordered product<\/p>\n","protected":false},"featured_media":79196,"template":"","meta":[],"pwb-brand":[2161],"product_cat":[1744],"product_tag":[],"class_list":{"0":"post-87693","1":"product","2":"type-product","3":"status-publish","4":"has-post-thumbnail","6":"pwb-brand-seaflower","7":"product_cat-lebendfutter","9":"first","10":"outofstock","11":"taxable","12":"shipping-taxable","13":"purchasable","14":"product-type-simple"},"acf":[],"brands":[{"id":2161,"name":"Seaflower","slug":"seaflower"}],"_links":{"self":[{"href":"https:\/\/www.seaflowerstore.com\/de\/wp-json\/wp\/v2\/product\/87693","targetHints":{"allow":["GET"]}}],"collection":[{"href":"https:\/\/www.seaflowerstore.com\/de\/wp-json\/wp\/v2\/product"}],"about":[{"href":"https:\/\/www.seaflowerstore.com\/de\/wp-json\/wp\/v2\/types\/product"}],"wp:featuredmedia":[{"embeddable":true,"href":"https:\/\/www.seaflowerstore.com\/de\/wp-json\/wp\/v2\/media\/79196"}],"wp:attachment":[{"href":"https:\/\/www.seaflowerstore.com\/de\/wp-json\/wp\/v2\/media?parent=87693"}],"wp:term":[{"taxonomy":"pwb-brand","embeddable":true,"href":"https:\/\/www.seaflowerstore.com\/de\/wp-json\/wp\/v2\/pwb-brand?post=87693"},{"taxonomy":"product_cat","embeddable":true,"href":"https:\/\/www.seaflowerstore.com\/de\/wp-json\/wp\/v2\/product_cat?post=87693"},{"taxonomy":"product_tag","embeddable":true,"href":"https:\/\/www.seaflowerstore.com\/de\/wp-json\/wp\/v2\/product_tag?post=87693"}],"curies":[{"name":"wp","href":"https:\/\/api.w.org\/{rel}","templated":true}]}}