{"id":87694,"date":"2016-11-05T11:43:02","date_gmt":"2016-11-05T10:43:02","guid":{"rendered":"https:\/\/www.seaflowerstore.com\/nl\/artemia-live-feed-100ml\/"},"modified":"2024-03-20T16:38:32","modified_gmt":"2024-03-20T15:38:32","slug":"artemia-live-feed-100ml","status":"publish","type":"product","link":"https:\/\/www.seaflowerstore.com\/de\/artemia-live-feed-100ml\/","title":{"rendered":"Artemia &#8211; live feed &#8211; 100ml"},"content":{"rendered":"<h2>Artemia &#8211; live feed &#8211; 100ml<\/h2>\n<p><strong>Lebende Artemien<\/strong> werden nur ausgeliefert, wenn die Qualit\u00e4t unseren Standards entspricht. In manchen F\u00e4llen kann es vorkommen, dass wir sie nicht ausliefern k\u00f6nnen. In diesem Fall erstatten wir Ihnen die Zahlung umgehend zur\u00fcck.<\/p>\n<p>Der Versand erfolgt auf Risiko des Kunden und wir k\u00f6nnen keine Verantwortung f\u00fcr Verz\u00f6gerungen bei den Transportzeiten \u00fcbernehmen.<\/p>\n","protected":false},"excerpt":{"rendered":"<p>Supply \/ quality varies per week. With no stock we cancel the ordered product<\/p>\n","protected":false},"featured_media":79194,"template":"","meta":[],"pwb-brand":[2161],"product_cat":[1744],"product_tag":[],"class_list":{"0":"post-87694","1":"product","2":"type-product","3":"status-publish","4":"has-post-thumbnail","6":"pwb-brand-seaflower","7":"product_cat-lebendfutter","9":"first","10":"outofstock","11":"taxable","12":"shipping-taxable","13":"purchasable","14":"product-type-simple"},"acf":[],"brands":[{"id":2161,"name":"Seaflower","slug":"seaflower"}],"_links":{"self":[{"href":"https:\/\/www.seaflowerstore.com\/de\/wp-json\/wp\/v2\/product\/87694","targetHints":{"allow":["GET"]}}],"collection":[{"href":"https:\/\/www.seaflowerstore.com\/de\/wp-json\/wp\/v2\/product"}],"about":[{"href":"https:\/\/www.seaflowerstore.com\/de\/wp-json\/wp\/v2\/types\/product"}],"wp:featuredmedia":[{"embeddable":true,"href":"https:\/\/www.seaflowerstore.com\/de\/wp-json\/wp\/v2\/media\/79194"}],"wp:attachment":[{"href":"https:\/\/www.seaflowerstore.com\/de\/wp-json\/wp\/v2\/media?parent=87694"}],"wp:term":[{"taxonomy":"pwb-brand","embeddable":true,"href":"https:\/\/www.seaflowerstore.com\/de\/wp-json\/wp\/v2\/pwb-brand?post=87694"},{"taxonomy":"product_cat","embeddable":true,"href":"https:\/\/www.seaflowerstore.com\/de\/wp-json\/wp\/v2\/product_cat?post=87694"},{"taxonomy":"product_tag","embeddable":true,"href":"https:\/\/www.seaflowerstore.com\/de\/wp-json\/wp\/v2\/product_tag?post=87694"}],"curies":[{"name":"wp","href":"https:\/\/api.w.org\/{rel}","templated":true}]}}