{"id":87704,"date":"2016-11-01T16:12:53","date_gmt":"2016-11-01T15:12:53","guid":{"rendered":"https:\/\/www.seaflowerstore.com\/nl\/nemo-clown-fish-medium\/"},"modified":"2024-03-20T16:38:25","modified_gmt":"2024-03-20T15:38:25","slug":"nemo-clown-fish-pillow-medium","status":"publish","type":"product","link":"https:\/\/www.seaflowerstore.com\/de\/nemo-clown-fish-pillow-medium\/","title":{"rendered":"Nemo\/Clown fish pillow &#8211; medium"},"content":{"rendered":"<h2>Nemo\/Clown fish &#8211; medium pillow<\/h2>\n<p>Die L\u00e4nge betr\u00e4gt ungef\u00e4hr 50 cm.<\/p>\n","protected":false},"excerpt":{"rendered":"<p>.<\/p>\n","protected":false},"featured_media":79174,"template":"","meta":[],"pwb-brand":[2237],"product_cat":[1451],"product_tag":[],"class_list":{"0":"post-87704","1":"product","2":"type-product","3":"status-publish","4":"has-post-thumbnail","6":"pwb-brand-de-jong-marinelife","7":"product_cat-zubehoer","9":"first","10":"instock","11":"taxable","12":"shipping-taxable","13":"purchasable","14":"product-type-simple"},"acf":[],"brands":[{"id":2237,"name":"De Jong Marinelife","slug":"de-jong-marinelife"}],"_links":{"self":[{"href":"https:\/\/www.seaflowerstore.com\/de\/wp-json\/wp\/v2\/product\/87704","targetHints":{"allow":["GET"]}}],"collection":[{"href":"https:\/\/www.seaflowerstore.com\/de\/wp-json\/wp\/v2\/product"}],"about":[{"href":"https:\/\/www.seaflowerstore.com\/de\/wp-json\/wp\/v2\/types\/product"}],"wp:featuredmedia":[{"embeddable":true,"href":"https:\/\/www.seaflowerstore.com\/de\/wp-json\/wp\/v2\/media\/79174"}],"wp:attachment":[{"href":"https:\/\/www.seaflowerstore.com\/de\/wp-json\/wp\/v2\/media?parent=87704"}],"wp:term":[{"taxonomy":"pwb-brand","embeddable":true,"href":"https:\/\/www.seaflowerstore.com\/de\/wp-json\/wp\/v2\/pwb-brand?post=87704"},{"taxonomy":"product_cat","embeddable":true,"href":"https:\/\/www.seaflowerstore.com\/de\/wp-json\/wp\/v2\/product_cat?post=87704"},{"taxonomy":"product_tag","embeddable":true,"href":"https:\/\/www.seaflowerstore.com\/de\/wp-json\/wp\/v2\/product_tag?post=87704"}],"curies":[{"name":"wp","href":"https:\/\/api.w.org\/{rel}","templated":true}]}}