{"id":87709,"date":"2016-10-19T08:25:37","date_gmt":"2016-10-19T06:25:37","guid":{"rendered":"https:\/\/www.seaflowerstore.com\/nl\/apex-2016-aquacontroller-system\/"},"modified":"2024-03-20T16:38:16","modified_gmt":"2024-03-20T15:38:16","slug":"apex-2016-aquacontroller-system","status":"publish","type":"product","link":"https:\/\/www.seaflowerstore.com\/de\/apex-2016-aquacontroller-system\/","title":{"rendered":"Apex 2016 AquaController System"},"content":{"rendered":"<h2>Apex 2016 AquaController System<\/h2>\n<p><strong>Apex 2016 Basiseinheit<\/strong><\/p>\n<p>Wir freuen uns, das neue Modell des Apex vorstellen zu k\u00f6nnen, das jetzt \u00fcber ein integriertes Salzmessmodul verf\u00fcgt!<\/p>\n<p>Weitere Informationen finden Sie unter <a href=\"http:\/\/www.neptunesystems.com\/\" target=\"_blank\" rel=\"noopener nofollow\">http:\/\/www.neptunesystems.com\/<\/a>.<\/p>\n<p>Die Apex-Basiseinheit ist mit den folgenden Anschl\u00fcssen ausgestattet:<\/p>\n<ul>\n<li><strong>Temperatur<\/strong><\/li>\n<li><strong>pH-Anschluss<\/strong><\/li>\n<li><strong>pH- oder ORP-\/Redox-Anschluss<\/strong><\/li>\n<li><strong>Leitf\u00e4higkeits-\/Salzanschluss<\/strong><\/li>\n<li><strong>4 St\u00fcck 0-10-V-Anschl\u00fcsse<\/strong><\/li>\n<li><strong>E\/A-Anschluss (f\u00fcr Breakout Box)<\/strong><\/li>\n<\/ul>\n<p>Das Apex-System bietet das beste Preis-Leistungs-Verh\u00e4ltnis f\u00fcr Aquariensteuerungen auf dem Markt. F\u00fcr jeden ausgegebenen Euro erhalten Sie eine h\u00f6herwertige Steuerung mit mehr Funktionen im Vergleich zu anderen Marken. Es ist benutzerfreundlich und wird von einer gro\u00dfen, aktiven Benutzergemeinschaft unterst\u00fctzt.<\/p>\n","protected":false},"excerpt":{"rendered":"<p>Apex 2016 AquaController System New model of Apex, now with built-in salt measurement module<\/span> <\/p>\n","protected":false},"featured_media":79162,"template":"","meta":[],"pwb-brand":[2179],"product_cat":[1408,1423],"product_tag":[],"class_list":{"0":"post-87709","1":"product","2":"type-product","3":"status-publish","4":"has-post-thumbnail","6":"pwb-brand-neptune-systems","7":"product_cat-computer-de","8":"product_cat-neptune-systems-de","10":"first","11":"instock","12":"taxable","13":"shipping-taxable","14":"purchasable","15":"product-type-simple"},"acf":[],"brands":[{"id":2179,"name":"Neptune Systems","slug":"neptune-systems"}],"_links":{"self":[{"href":"https:\/\/www.seaflowerstore.com\/de\/wp-json\/wp\/v2\/product\/87709","targetHints":{"allow":["GET"]}}],"collection":[{"href":"https:\/\/www.seaflowerstore.com\/de\/wp-json\/wp\/v2\/product"}],"about":[{"href":"https:\/\/www.seaflowerstore.com\/de\/wp-json\/wp\/v2\/types\/product"}],"wp:featuredmedia":[{"embeddable":true,"href":"https:\/\/www.seaflowerstore.com\/de\/wp-json\/wp\/v2\/media\/79162"}],"wp:attachment":[{"href":"https:\/\/www.seaflowerstore.com\/de\/wp-json\/wp\/v2\/media?parent=87709"}],"wp:term":[{"taxonomy":"pwb-brand","embeddable":true,"href":"https:\/\/www.seaflowerstore.com\/de\/wp-json\/wp\/v2\/pwb-brand?post=87709"},{"taxonomy":"product_cat","embeddable":true,"href":"https:\/\/www.seaflowerstore.com\/de\/wp-json\/wp\/v2\/product_cat?post=87709"},{"taxonomy":"product_tag","embeddable":true,"href":"https:\/\/www.seaflowerstore.com\/de\/wp-json\/wp\/v2\/product_tag?post=87709"}],"curies":[{"name":"wp","href":"https:\/\/api.w.org\/{rel}","templated":true}]}}