{"id":87712,"date":"2016-10-09T09:16:33","date_gmt":"2016-10-09T07:16:33","guid":{"rendered":"https:\/\/www.seaflowerstore.com\/nl\/02-3mm-ati-fiji-white-sand-907kg\/"},"modified":"2024-03-20T16:38:14","modified_gmt":"2024-03-20T15:38:14","slug":"02-3mm-ati-fiji-white-sand-907kg","status":"publish","type":"product","link":"https:\/\/www.seaflowerstore.com\/de\/02-3mm-ati-fiji-white-sand-907kg\/","title":{"rendered":"02-3mm ATI Fiji white sand 9,07kg"},"content":{"rendered":"<h2>ATI Fiji white sand 2-3mm 9.07kg<\/h2>\n<p>Wir pr\u00e4sentieren unseren <strong>superwei\u00dfen Sand<\/strong> mit einer K\u00f6rnung von <strong>2 bis 3 Millimeter<\/strong>. Dieser Sand ist perfekt f\u00fcr Sandh\u00fcpfer und bildet eine sch\u00f6ne Basis f\u00fcr Ihr Aquarium.<\/p>\n<p>Um optimale Ergebnisse zu erzielen, sollten Sie den Sand gr\u00fcndlich aussp\u00fclen, bevor Sie ihn in Ihr Aquarium geben.<\/p>\n","protected":false},"excerpt":{"rendered":"<p>Super white sand ATI Fiji white sand 2-3mm 9.07kg<\/p>\n","protected":false},"featured_media":79156,"template":"","meta":[],"pwb-brand":[2131],"product_cat":[1473],"product_tag":[],"class_list":{"0":"post-87712","1":"product","2":"type-product","3":"status-publish","4":"has-post-thumbnail","6":"pwb-brand-ati","7":"product_cat-korallensand-kies-brueche","9":"first","10":"outofstock","11":"taxable","12":"shipping-taxable","13":"purchasable","14":"product-type-simple"},"acf":[],"brands":[{"id":2131,"name":"ATI","slug":"ati"}],"_links":{"self":[{"href":"https:\/\/www.seaflowerstore.com\/de\/wp-json\/wp\/v2\/product\/87712","targetHints":{"allow":["GET"]}}],"collection":[{"href":"https:\/\/www.seaflowerstore.com\/de\/wp-json\/wp\/v2\/product"}],"about":[{"href":"https:\/\/www.seaflowerstore.com\/de\/wp-json\/wp\/v2\/types\/product"}],"wp:featuredmedia":[{"embeddable":true,"href":"https:\/\/www.seaflowerstore.com\/de\/wp-json\/wp\/v2\/media\/79156"}],"wp:attachment":[{"href":"https:\/\/www.seaflowerstore.com\/de\/wp-json\/wp\/v2\/media?parent=87712"}],"wp:term":[{"taxonomy":"pwb-brand","embeddable":true,"href":"https:\/\/www.seaflowerstore.com\/de\/wp-json\/wp\/v2\/pwb-brand?post=87712"},{"taxonomy":"product_cat","embeddable":true,"href":"https:\/\/www.seaflowerstore.com\/de\/wp-json\/wp\/v2\/product_cat?post=87712"},{"taxonomy":"product_tag","embeddable":true,"href":"https:\/\/www.seaflowerstore.com\/de\/wp-json\/wp\/v2\/product_tag?post=87712"}],"curies":[{"name":"wp","href":"https:\/\/api.w.org\/{rel}","templated":true}]}}