{"id":87719,"date":"2016-09-12T10:37:40","date_gmt":"2016-09-12T08:37:40","guid":{"rendered":"https:\/\/www.seaflowerstore.com\/nl\/lps-coral-food-60-g-vitalis\/"},"modified":"2025-07-21T20:10:21","modified_gmt":"2025-07-21T18:10:21","slug":"lps-coral-food-60-g-vitalis","status":"publish","type":"product","link":"https:\/\/www.seaflowerstore.com\/de\/lps-coral-food-60-g-vitalis\/","title":{"rendered":"LPS Coral Food 60 g (Vitalis)"},"content":{"rendered":"<h2>Vitalis LPS Coral Food 60 g to suit the direct feeding mechanisms of large polyp stony corals<\/h2>\n<p>Vitalis LPS Coral Food wurde speziell f\u00fcr Steinkorallen entwickelt, die oft in tieferen Gew\u00e4ssern gedeihen und weniger auf Sonnenlicht angewiesen sind, um ihren N\u00e4hrstoffbedarf zu decken. Die extra kleine Gr\u00f6\u00dfe dieser Pellets macht sie perfekt f\u00fcr Korallen, die Schwebeteilchen einfangen. Dieses Futter f\u00f6rdert eine schnellere N\u00e4hrstoffaufnahme und Verdauung und verbessert sowohl die Farben als auch das Wachstum Ihrer Korallen.<\/p>\n<p><strong>Geeignet f\u00fcr:<\/strong><\/p>\n<ul>\n<li>Catalaphyllia<\/li>\n<li>Euphyllia<\/li>\n<li>Favia<\/li>\n<li>Fungia<\/li>\n<li>Galaxia<\/li>\n<li>Goniopora<\/li>\n<li>Lobophyllia<\/li>\n<li>Plerogyra<\/li>\n<\/ul>\n<p><strong>Zusammensetzung:<\/strong><\/p>\n<p>Fisch und Fischnebenerzeugnisse, Nebenerzeugnisse veganen Ursprungs, Weichtiere, Krebstiere, Mineralien, \u00d6le und Fette.<\/p>\n<p><strong>Inhaltsanalyse:<\/strong><\/p>\n<p>Proteine \u200b\u200b50,1 %, Feuchtigkeit 20,8 %, anorganische Stoffe 17,7 %, Fette 10,3 % und Ballaststoffe 1,7 %.<\/p>\n<p><strong>Zusatzstoffe:<\/strong><\/p>\n<p>Technologische Zusatzstoffe umfassen Antioxidantien und Konservierungsmittel. Sensorische Zusatzstoffe bestehen aus Astaxanthin mit 133 mg\/kg. Zu den Nahrungserg\u00e4nzungsmitteln geh\u00f6ren Vitamin A (15.000 IE\/kg), Vitamin D3 (2.000 IE\/kg), Vitamin E (200 mg\/kg), Zinksulfatmonohydrat (208 mg\/kg), Mangansulfatmonohydrat (131 mg\/kg), Kupfersulfatpentahydrat (88,5 mg\/kg), Eisensulfatmonohydrat (28,7 mg\/kg) und Calciumjodat (wasserfrei) (12,4 mg\/kg).<\/p>\n<p><strong>Merkmale und Vorteile:<\/strong><\/p>\n<ul>\n<li>Entwickelt, um eine nat\u00fcrliche Fressreaktion zu stimulieren.<\/li>\n<li>Einzigartiges weiches, sinkendes Pellet.<\/li>\n<li>Weniger Abfall und verbesserte Wasserqualit\u00e4t.<\/li>\n<li>Nat\u00fcrliche Zutaten aus nachhaltiger Gewinnung.<\/li>\n<\/ul>\n<p>\u00dcbersetzt mit DeepL.com (kostenlos Version)<\/p>\n","protected":false},"excerpt":{"rendered":"<p>Vitalis LPS Coral Food 60 g to suit the direct feeding mechanisms of large polyp stony corals<\/p>\n","protected":false},"featured_media":83289,"template":"","meta":[],"pwb-brand":[2239],"product_cat":[1436],"product_tag":[],"class_list":{"0":"post-87719","1":"product","2":"type-product","3":"status-publish","4":"has-post-thumbnail","6":"pwb-brand-vitalis","7":"product_cat-korallenfutter","9":"first","10":"instock","11":"taxable","12":"shipping-taxable","13":"purchasable","14":"product-type-simple"},"acf":[],"brands":[{"id":2239,"name":"Vitalis","slug":"vitalis"}],"_links":{"self":[{"href":"https:\/\/www.seaflowerstore.com\/de\/wp-json\/wp\/v2\/product\/87719","targetHints":{"allow":["GET"]}}],"collection":[{"href":"https:\/\/www.seaflowerstore.com\/de\/wp-json\/wp\/v2\/product"}],"about":[{"href":"https:\/\/www.seaflowerstore.com\/de\/wp-json\/wp\/v2\/types\/product"}],"wp:featuredmedia":[{"embeddable":true,"href":"https:\/\/www.seaflowerstore.com\/de\/wp-json\/wp\/v2\/media\/83289"}],"wp:attachment":[{"href":"https:\/\/www.seaflowerstore.com\/de\/wp-json\/wp\/v2\/media?parent=87719"}],"wp:term":[{"taxonomy":"pwb-brand","embeddable":true,"href":"https:\/\/www.seaflowerstore.com\/de\/wp-json\/wp\/v2\/pwb-brand?post=87719"},{"taxonomy":"product_cat","embeddable":true,"href":"https:\/\/www.seaflowerstore.com\/de\/wp-json\/wp\/v2\/product_cat?post=87719"},{"taxonomy":"product_tag","embeddable":true,"href":"https:\/\/www.seaflowerstore.com\/de\/wp-json\/wp\/v2\/product_tag?post=87719"}],"curies":[{"name":"wp","href":"https:\/\/api.w.org\/{rel}","templated":true}]}}