{"id":87722,"date":"2016-08-20T13:47:53","date_gmt":"2016-08-20T11:47:53","guid":{"rendered":"https:\/\/www.seaflowerstore.com\/nl\/feeding-pipette-with-brush-30-cm-large-volume-50-ml\/"},"modified":"2024-03-20T16:37:56","modified_gmt":"2024-03-20T15:37:56","slug":"feeding-pipette-with-brush-30-cm-large-volume-50-ml","status":"publish","type":"product","link":"https:\/\/www.seaflowerstore.com\/de\/feeding-pipette-with-brush-30-cm-large-volume-50-ml\/","title":{"rendered":"feeding pipette with brush 30 cm, large volume 50 ml"},"content":{"rendered":"<h2>Arka multipipet is a feed pipette with brush 30 cm, large volume 50 ml<\/h2>\n<p>Mit dieser gro\u00dfen Futterpipette aus Kunststoff k\u00f6nnen Sie Futter f\u00fcr Ihre Korallen, Garnelen, scheuen Tiere, Jungtiere und mehr einfach und pr\u00e4zise dosieren. Sie k\u00f6nnen damit ein kleines Futterpellet ganz einfach und genau dort platzieren, wo Sie es haben m\u00f6chten.<\/p>\n<p>Die Dosierung erfolgt sehr sanft und ohne Schockeffekt, sodass Ihre Tiere nicht zur\u00fcckschrecken.<\/p>\n<p>Hier sind einige wichtige Merkmale:<\/p>\n<ul>\n<li><strong>L\u00e4nge:<\/strong> 30 cm<\/li>\n<li><strong>Inhalt:<\/strong> 50 ml<\/li>\n<li><strong>Enth\u00e4lt:<\/strong> Eine praktische Reinigungsb\u00fcrste<\/li>\n<\/ul>\n","protected":false},"excerpt":{"rendered":"<p>Arka multipipet is a feed pipette with brush 30 cm, large volume 50 ml<\/p>\n","protected":false},"featured_media":79127,"template":"","meta":[],"pwb-brand":[2253],"product_cat":[1402,1431],"product_tag":[],"class_list":{"0":"post-87722","1":"product","2":"type-product","3":"status-publish","4":"has-post-thumbnail","6":"pwb-brand-arka","7":"product_cat-verschieden","8":"product_cat-nuetzliche-artikel","10":"first","11":"outofstock","12":"taxable","13":"shipping-taxable","14":"purchasable","15":"product-type-simple"},"acf":[],"brands":[{"id":2253,"name":"Arka","slug":"arka"}],"_links":{"self":[{"href":"https:\/\/www.seaflowerstore.com\/de\/wp-json\/wp\/v2\/product\/87722","targetHints":{"allow":["GET"]}}],"collection":[{"href":"https:\/\/www.seaflowerstore.com\/de\/wp-json\/wp\/v2\/product"}],"about":[{"href":"https:\/\/www.seaflowerstore.com\/de\/wp-json\/wp\/v2\/types\/product"}],"wp:featuredmedia":[{"embeddable":true,"href":"https:\/\/www.seaflowerstore.com\/de\/wp-json\/wp\/v2\/media\/79127"}],"wp:attachment":[{"href":"https:\/\/www.seaflowerstore.com\/de\/wp-json\/wp\/v2\/media?parent=87722"}],"wp:term":[{"taxonomy":"pwb-brand","embeddable":true,"href":"https:\/\/www.seaflowerstore.com\/de\/wp-json\/wp\/v2\/pwb-brand?post=87722"},{"taxonomy":"product_cat","embeddable":true,"href":"https:\/\/www.seaflowerstore.com\/de\/wp-json\/wp\/v2\/product_cat?post=87722"},{"taxonomy":"product_tag","embeddable":true,"href":"https:\/\/www.seaflowerstore.com\/de\/wp-json\/wp\/v2\/product_tag?post=87722"}],"curies":[{"name":"wp","href":"https:\/\/api.w.org\/{rel}","templated":true}]}}