{"id":87730,"date":"2016-06-23T13:37:15","date_gmt":"2016-06-23T11:37:15","guid":{"rendered":"https:\/\/www.seaflowerstore.com\/nl\/dos-dual-reservoir\/"},"modified":"2024-03-20T16:37:44","modified_gmt":"2024-03-20T15:37:44","slug":"dos-dual-reservoir","status":"publish","type":"product","link":"https:\/\/www.seaflowerstore.com\/de\/dos-dual-reservoir\/","title":{"rendered":"DOS Dual Reservoir"},"content":{"rendered":"<h2>DOS Dual Reservoir made by Neptune Systems<\/h2>\n<p>Dieses attraktive Fl\u00fcssigkeitsbeh\u00e4ltersystem bewahrt Ihre Dosierfl\u00fcssigkeiten stilvoll auf und benachrichtigt Sie, wenn es Zeit zum Nachf\u00fcllen ist.<\/p>\n<ul>\n<li>Jede Seite fasst zwei Liter (2L) Fl\u00fcssigkeit.<\/li>\n<li>Wird direkt an Ihr D\u014cS angeschlossen.<\/li>\n<li>Optische Sensoren informieren Ihren APEX, wenn der F\u00fcllstand niedrig ist.<\/li>\n<li>Hergestellt aus robustem, gegossenem Acrylmaterial.<\/li>\n<li>Das flache Design stellt sicher, dass es nicht leicht umkippt.<\/li>\n<li>Das Nachf\u00fcllen ist ein Kinderspiel.<\/li>\n<li>Verf\u00fcgt \u00fcber Steckschlauchverbindungen.<\/li>\n<li>Vielseitig einsetzbar f\u00fcr 2-Komponenten (Alk\/Cal), Additive und andere Anwendungen.<\/li>\n<\/ul>\n<p><strong>Spezifikationen:<\/strong><\/p>\n<p>Gr\u00f6\u00dfe (ungef\u00e4hr): 26,7 x 21,6 x 14 cm 8,5\u2033 x 5,5\u2033)<br \/>\nFl\u00fcssigkeitskapazit\u00e4t (ca.): 2000 ml pro Seite<br \/>\nGewicht (ca.): 1 kg (2 Pfund)<\/p>\n<p><strong>Erfordert:<\/strong><\/p>\n<p>Apex, Apex Lite oder Apex Jr. und D\u014cS zum Betrieb der Sensoren.<\/p>\n<p><strong>Paket enth\u00e4lt:<\/strong><\/p>\n<p>DDR und 4 m D\u014cS-Schlauch.<\/p>\n","protected":false},"excerpt":{"rendered":"<p>DOS Dual Reservoir made by Neptune Systems is an attractive fluid containment system stores your dosing fluids in style and tells you when it\u2019s time to refill!<\/p>\n","protected":false},"featured_media":79106,"template":"","meta":[],"pwb-brand":[2179],"product_cat":[1420,1408,1423],"product_tag":[],"class_list":{"0":"post-87730","1":"product","2":"type-product","3":"status-publish","4":"has-post-thumbnail","6":"pwb-brand-neptune-systems","7":"product_cat-doseerpomp-accessoires-de","8":"product_cat-computer-de","9":"product_cat-neptune-systems-de","11":"first","12":"instock","13":"taxable","14":"shipping-taxable","15":"purchasable","16":"product-type-simple"},"acf":[],"brands":[{"id":2179,"name":"Neptune Systems","slug":"neptune-systems"}],"_links":{"self":[{"href":"https:\/\/www.seaflowerstore.com\/de\/wp-json\/wp\/v2\/product\/87730","targetHints":{"allow":["GET"]}}],"collection":[{"href":"https:\/\/www.seaflowerstore.com\/de\/wp-json\/wp\/v2\/product"}],"about":[{"href":"https:\/\/www.seaflowerstore.com\/de\/wp-json\/wp\/v2\/types\/product"}],"wp:featuredmedia":[{"embeddable":true,"href":"https:\/\/www.seaflowerstore.com\/de\/wp-json\/wp\/v2\/media\/79106"}],"wp:attachment":[{"href":"https:\/\/www.seaflowerstore.com\/de\/wp-json\/wp\/v2\/media?parent=87730"}],"wp:term":[{"taxonomy":"pwb-brand","embeddable":true,"href":"https:\/\/www.seaflowerstore.com\/de\/wp-json\/wp\/v2\/pwb-brand?post=87730"},{"taxonomy":"product_cat","embeddable":true,"href":"https:\/\/www.seaflowerstore.com\/de\/wp-json\/wp\/v2\/product_cat?post=87730"},{"taxonomy":"product_tag","embeddable":true,"href":"https:\/\/www.seaflowerstore.com\/de\/wp-json\/wp\/v2\/product_tag?post=87730"}],"curies":[{"name":"wp","href":"https:\/\/api.w.org\/{rel}","templated":true}]}}