{"id":87732,"date":"2016-05-29T06:43:54","date_gmt":"2016-05-29T04:43:54","guid":{"rendered":"https:\/\/www.seaflowerstore.com\/nl\/coral-system-4-500-ml-kz\/"},"modified":"2024-03-20T16:37:43","modified_gmt":"2024-03-20T15:37:43","slug":"coral-system-4-500-ml-kz","status":"publish","type":"product","link":"https:\/\/www.seaflowerstore.com\/de\/coral-system-4-500-ml-kz\/","title":{"rendered":"Coral System 4 &#8211; 500 ml (KZ)"},"content":{"rendered":"<h2>Korallen Zucht Coral System 4 &#8211; 500 ml to successfully cultivate and cultivate corals, to maintain and improve coloration<\/h2>\n<p>KorallenZucht Coral System ist eine exklusive Produktlinie, die Ihnen dabei helfen soll, Korallen erfolgreich zu z\u00fcchten, ihre F\u00e4rbung zu verbessern und gute Wachstumsraten sowie ein sch\u00f6nes Polypenwachstum zu f\u00f6rdern. Diese Produktlinie ist perfekt f\u00fcr Riffliebhaber, die mithilfe eines Komplettsystems wichtige Erg\u00e4nzungen vornehmen m\u00f6chten.<\/p>\n<p>Mit dem Coral System ist die automatische Dosierung mithilfe von Dosierpumpen ein Kinderspiel. Die Plattform besteht aus vier Produkten, die als zusammenh\u00e4ngende Einheit zusammenarbeiten. Mit der Coral System-Methode k\u00f6nnen Sie au\u00dfergew\u00f6hnliche Ergebnisse erzielen. Dieses System liefert lebenswichtige Elemente und Verbindungen, die f\u00fcr die F\u00e4rbung, Gesundheit und verbesserte biologische Leistung entscheidend sind.<\/p>\n<p><strong>Bitte beachten:<\/strong> Das System <strong>enth\u00e4lt kein<\/strong> Kalzium, Karbonat oder Magnesium, daher m\u00fcssen Sie diese Hauptelemente regelm\u00e4\u00dfig \u00fcberpr\u00fcfen und bei Bedarf separat verabreichen.<\/p>\n<p><strong>Enth\u00e4lt:<\/strong><\/p>\n<ul>\n<li>Gereinigtes Wasser<\/li>\n<li>K<\/li>\n<li>F<\/li>\n<li>Br<\/li>\n<li>ID<\/li>\n<\/ul>\n<p><strong>Dosierung:<\/strong> 5 ml pro 100 Liter pro Woche.<\/p>\n","protected":false},"excerpt":{"rendered":"<p>Korallen Zucht Coral System 4 &#8211; 500 ml to successfully cultivate and cultivate corals, to maintain and improve coloration<\/p>\n","protected":false},"featured_media":79062,"template":"","meta":[],"pwb-brand":[2159],"product_cat":[1391],"product_tag":[],"class_list":{"0":"post-87732","1":"product","2":"type-product","3":"status-publish","4":"has-post-thumbnail","6":"pwb-brand-korallen-zucht","7":"product_cat-ergaenzungen","9":"first","10":"instock","11":"sale","12":"taxable","13":"shipping-taxable","14":"purchasable","15":"product-type-simple"},"acf":[],"brands":[{"id":2159,"name":"Korallen Zucht","slug":"korallen-zucht"}],"_links":{"self":[{"href":"https:\/\/www.seaflowerstore.com\/de\/wp-json\/wp\/v2\/product\/87732","targetHints":{"allow":["GET"]}}],"collection":[{"href":"https:\/\/www.seaflowerstore.com\/de\/wp-json\/wp\/v2\/product"}],"about":[{"href":"https:\/\/www.seaflowerstore.com\/de\/wp-json\/wp\/v2\/types\/product"}],"wp:featuredmedia":[{"embeddable":true,"href":"https:\/\/www.seaflowerstore.com\/de\/wp-json\/wp\/v2\/media\/79062"}],"wp:attachment":[{"href":"https:\/\/www.seaflowerstore.com\/de\/wp-json\/wp\/v2\/media?parent=87732"}],"wp:term":[{"taxonomy":"pwb-brand","embeddable":true,"href":"https:\/\/www.seaflowerstore.com\/de\/wp-json\/wp\/v2\/pwb-brand?post=87732"},{"taxonomy":"product_cat","embeddable":true,"href":"https:\/\/www.seaflowerstore.com\/de\/wp-json\/wp\/v2\/product_cat?post=87732"},{"taxonomy":"product_tag","embeddable":true,"href":"https:\/\/www.seaflowerstore.com\/de\/wp-json\/wp\/v2\/product_tag?post=87732"}],"curies":[{"name":"wp","href":"https:\/\/api.w.org\/{rel}","templated":true}]}}