{"id":87733,"date":"2016-05-29T06:43:20","date_gmt":"2016-05-29T04:43:20","guid":{"rendered":"https:\/\/www.seaflowerstore.com\/nl\/coral-system-3-500-ml-kz\/"},"modified":"2024-03-20T16:37:41","modified_gmt":"2024-03-20T15:37:41","slug":"coral-system-3-500-ml-kz","status":"publish","type":"product","link":"https:\/\/www.seaflowerstore.com\/de\/coral-system-3-500-ml-kz\/","title":{"rendered":"Coral System 3 &#8211; 500 ml (KZ)"},"content":{"rendered":"<h2>Korallen Zucht Coral System 3 &#8211; 500 ml aminoacids for your corals<\/h2>\n<p>Coral System ist eine spezielle Produktlinie, die f\u00fcr die erfolgreiche Kultivierung und Zucht von Korallen entwickelt wurde. Ziel ist es, die F\u00e4rbung zu erhalten und zu verbessern und gleichzeitig gute Wachstumsraten und eine sch\u00f6ne Polypenausbreitung zu f\u00f6rdern. Diese Linie wurde speziell f\u00fcr Riffliebhaber entwickelt, die die wichtigsten Erg\u00e4nzungen mit einem kompletten System angehen m\u00f6chten.<\/p>\n<p>Eine der gro\u00dfartigen Eigenschaften des Coral Systems ist, dass es eine automatische Dosierung mit Dosierpumpen erm\u00f6glicht, was den Prozess einfach und problemlos macht. Die Coral System-Plattform besteht aus vier Produkten, die nahtlos zusammenarbeiten. Durch die Verwendung der Coral System-Methode k\u00f6nnen Sie au\u00dfergew\u00f6hnliche Ergebnisse erzielen.<\/p>\n<p>Das System bietet lebenswichtige Elemente und Verbindungen, die die F\u00e4rbung, Gesundheit und verbesserten biologischen Prozesse in Ihren Korallen unterst\u00fctzen. Beachten Sie jedoch, dass es kein Kalzium, Karbonat oder Magnesium enth\u00e4lt. Diese Schl\u00fcsselelemente sollten regelm\u00e4\u00dfig \u00fcberwacht und bei Bedarf separat dosiert werden.<\/p>\n<p><strong>Coral System 3 enth\u00e4lt:<\/strong><\/p>\n<ul>\n<li>Gereinigtes Wasser<\/li>\n<li>Arginin<\/li>\n<li>Alanin<\/li>\n<li>Serin<\/li>\n<li>Valin<\/li>\n<li>Treonin<\/li>\n<li>Histidin<\/li>\n<li>Glutamin<\/li>\n<li>Taurin<\/li>\n<li>Glysin<\/li>\n<li>Dicarbons\u00e4ure<\/li>\n<li>Saccharose<\/li>\n<li>Aloe Vera<\/li>\n<\/ul>\n<p><strong>Dosierung:<\/strong> 5 ml pro 100 Liter pro Woche.<\/p>\n","protected":false},"excerpt":{"rendered":"<p>The System provides vital elements and compounds for coloration,health and improved biology. It contains no calcium, carbonate, magnesium, these main elements have to be checked regularly and dosed separately when needed.<\/p>\n","protected":false},"featured_media":79060,"template":"","meta":[],"pwb-brand":[2159],"product_cat":[1391],"product_tag":[],"class_list":{"0":"post-87733","1":"product","2":"type-product","3":"status-publish","4":"has-post-thumbnail","6":"pwb-brand-korallen-zucht","7":"product_cat-ergaenzungen","9":"first","10":"instock","11":"sale","12":"taxable","13":"shipping-taxable","14":"purchasable","15":"product-type-simple"},"acf":[],"brands":[{"id":2159,"name":"Korallen Zucht","slug":"korallen-zucht"}],"_links":{"self":[{"href":"https:\/\/www.seaflowerstore.com\/de\/wp-json\/wp\/v2\/product\/87733","targetHints":{"allow":["GET"]}}],"collection":[{"href":"https:\/\/www.seaflowerstore.com\/de\/wp-json\/wp\/v2\/product"}],"about":[{"href":"https:\/\/www.seaflowerstore.com\/de\/wp-json\/wp\/v2\/types\/product"}],"wp:featuredmedia":[{"embeddable":true,"href":"https:\/\/www.seaflowerstore.com\/de\/wp-json\/wp\/v2\/media\/79060"}],"wp:attachment":[{"href":"https:\/\/www.seaflowerstore.com\/de\/wp-json\/wp\/v2\/media?parent=87733"}],"wp:term":[{"taxonomy":"pwb-brand","embeddable":true,"href":"https:\/\/www.seaflowerstore.com\/de\/wp-json\/wp\/v2\/pwb-brand?post=87733"},{"taxonomy":"product_cat","embeddable":true,"href":"https:\/\/www.seaflowerstore.com\/de\/wp-json\/wp\/v2\/product_cat?post=87733"},{"taxonomy":"product_tag","embeddable":true,"href":"https:\/\/www.seaflowerstore.com\/de\/wp-json\/wp\/v2\/product_tag?post=87733"}],"curies":[{"name":"wp","href":"https:\/\/api.w.org\/{rel}","templated":true}]}}