{"id":87734,"date":"2016-05-29T06:42:44","date_gmt":"2016-05-29T04:42:44","guid":{"rendered":"https:\/\/www.seaflowerstore.com\/nl\/coral-system-2-500-ml-kz\/"},"modified":"2024-03-20T16:37:38","modified_gmt":"2024-03-20T15:37:38","slug":"coral-system-2-500-ml-kz","status":"publish","type":"product","link":"https:\/\/www.seaflowerstore.com\/de\/coral-system-2-500-ml-kz\/","title":{"rendered":"Coral System 2 &#8211; 500 ml (KZ)"},"content":{"rendered":"<h2>Korallen Zucht Coral System 2 &#8211; 500 ml to maintain and enhance coloration with good growth rates and beautiful polyp expansion<\/h2>\n<p>Coral System ist eine spezielle Produktlinie, die f\u00fcr die erfolgreiche Kultivierung und Zucht von Korallen entwickelt wurde, w\u00e4hrend gleichzeitig ihre F\u00e4rbung verbessert, gesunde Wachstumsraten gef\u00f6rdert und eine sch\u00f6ne Polypenausbreitung sichergestellt wird. Diese Produktlinie ist perfekt f\u00fcr Riffliebhaber, die die wichtigsten Erg\u00e4nzungen mit einem umfassenden System angehen m\u00f6chten.<\/p>\n<p>Eine automatische Dosierung mithilfe von Dosierpumpen kann leicht implementiert werden und ist f\u00fcr Benutzer bequem.<\/p>\n<p>Die Coral System-Plattform umfasst vier wesentliche Produkte, die harmonisch zusammenarbeiten. Durch die Verwendung der Coral System-Methode k\u00f6nnen Sie au\u00dfergew\u00f6hnliche Ergebnisse erzielen. Das System bietet lebenswichtige Elemente und Verbindungen, die die F\u00e4rbung, die allgemeine Gesundheit und eine verbesserte biologische Funktion unterst\u00fctzen.<\/p>\n<p>Es ist wichtig zu beachten, dass das System kein Kalzium, Karbonat oder Magnesium enth\u00e4lt. Diese essentiellen Elemente sollten regelm\u00e4\u00dfig \u00fcberwacht und bei Bedarf separat dosiert werden.<\/p>\n<p><strong>Enth\u00e4lt:<\/strong> Gereinigtes Wasser \u2013 Na \u2013 B \u2013 Br \u2013 Str \u2013 F<\/p>\n<p><strong>Dosierung:<\/strong> 5 ml pro 100 Liter pro Woche.<\/p>\n","protected":false},"excerpt":{"rendered":"<p>Korallen Zucht Coral System 2 &#8211; 500 ml to maintain and enhance coloration with good growth rates and beautiful polyp expansion<\/p>\n","protected":false},"featured_media":79058,"template":"","meta":[],"pwb-brand":[2159],"product_cat":[1391],"product_tag":[],"class_list":{"0":"post-87734","1":"product","2":"type-product","3":"status-publish","4":"has-post-thumbnail","6":"pwb-brand-korallen-zucht","7":"product_cat-ergaenzungen","9":"first","10":"instock","11":"sale","12":"taxable","13":"shipping-taxable","14":"purchasable","15":"product-type-simple"},"acf":[],"brands":[{"id":2159,"name":"Korallen Zucht","slug":"korallen-zucht"}],"_links":{"self":[{"href":"https:\/\/www.seaflowerstore.com\/de\/wp-json\/wp\/v2\/product\/87734","targetHints":{"allow":["GET"]}}],"collection":[{"href":"https:\/\/www.seaflowerstore.com\/de\/wp-json\/wp\/v2\/product"}],"about":[{"href":"https:\/\/www.seaflowerstore.com\/de\/wp-json\/wp\/v2\/types\/product"}],"wp:featuredmedia":[{"embeddable":true,"href":"https:\/\/www.seaflowerstore.com\/de\/wp-json\/wp\/v2\/media\/79058"}],"wp:attachment":[{"href":"https:\/\/www.seaflowerstore.com\/de\/wp-json\/wp\/v2\/media?parent=87734"}],"wp:term":[{"taxonomy":"pwb-brand","embeddable":true,"href":"https:\/\/www.seaflowerstore.com\/de\/wp-json\/wp\/v2\/pwb-brand?post=87734"},{"taxonomy":"product_cat","embeddable":true,"href":"https:\/\/www.seaflowerstore.com\/de\/wp-json\/wp\/v2\/product_cat?post=87734"},{"taxonomy":"product_tag","embeddable":true,"href":"https:\/\/www.seaflowerstore.com\/de\/wp-json\/wp\/v2\/product_tag?post=87734"}],"curies":[{"name":"wp","href":"https:\/\/api.w.org\/{rel}","templated":true}]}}