{"id":87735,"date":"2016-05-29T06:41:48","date_gmt":"2016-05-29T04:41:48","guid":{"rendered":"https:\/\/www.seaflowerstore.com\/nl\/coral-system-1-500-ml-kz\/"},"modified":"2024-03-20T16:37:36","modified_gmt":"2024-03-20T15:37:36","slug":"coral-system-1-500-ml-kz","status":"publish","type":"product","link":"https:\/\/www.seaflowerstore.com\/de\/coral-system-1-500-ml-kz\/","title":{"rendered":"Coral System 1 &#8211; 500 ml (KZ)"},"content":{"rendered":"<h2>Korallen Zucht Coral System 1 &#8211; 500 ml vital elements and compounds for coloration, health and improved biology<\/h2>\n<p>Coral System 1-4 bietet wichtige Elemente und Verbindungen, die die F\u00e4rbung und Gesundheit verbessern und eine verbesserte Biologie f\u00f6rdern. Diese Produktlinie wurde speziell f\u00fcr diejenigen entwickelt, die erfolgreich Korallen kultivieren und z\u00fcchten m\u00f6chten und dabei kr\u00e4ftige Wachstumsraten und ein sch\u00f6nes Polypenwachstum sicherstellen m\u00f6chten.<\/p>\n<div id=\"description\" class=\"cmsContent\">\n<p>Diese Produktlinie richtet sich an Riffliebhaber, die eine Komplettl\u00f6sung f\u00fcr wichtige Zusatzstoffe suchen. Sie k\u00f6nnen die Dosierung problemlos mit Dosierpumpen automatisieren.<\/p>\n<p>Das Coral System umfasst vier Produkte, die harmonisch zusammenarbeiten. Durch die Verwendung der Coral System-Methode k\u00f6nnen Sie bemerkenswerte Ergebnisse erzielen. Das System liefert wichtige Elemente und Verbindungen f\u00fcr eine verbesserte F\u00e4rbung, Gesundheit und Gesamtbiologie.<\/p>\n<p>Es ist wichtig zu beachten, dass dieses System kein Kalzium, Karbonat oder Magnesium enth\u00e4lt. Diese Schl\u00fcsselelemente sollten regelm\u00e4\u00dfig \u00fcberwacht und bei Bedarf separat hinzugef\u00fcgt werden.<\/p>\n<p><strong>Enth\u00e4lt:<\/strong> Gereinigtes Wasser \u2013 Ni \u2013 Mn \u2013 F \u2013 Na \u2013 Rb \u2013 Zn \u2013 V.<\/p>\n<p><strong>Dosierung:<\/strong> 5 ml pro 100 l pro Woche.<\/p>\n<\/div>\n","protected":false},"excerpt":{"rendered":"<p>KorallenZucht Coral System 1-4: vital elements and compounds for coloration,health and improved biology.<\/p>\n","protected":false},"featured_media":79056,"template":"","meta":[],"pwb-brand":[2159],"product_cat":[1391],"product_tag":[],"class_list":{"0":"post-87735","1":"product","2":"type-product","3":"status-publish","4":"has-post-thumbnail","6":"pwb-brand-korallen-zucht","7":"product_cat-ergaenzungen","9":"first","10":"instock","11":"sale","12":"taxable","13":"shipping-taxable","14":"purchasable","15":"product-type-simple"},"acf":[],"brands":[{"id":2159,"name":"Korallen Zucht","slug":"korallen-zucht"}],"_links":{"self":[{"href":"https:\/\/www.seaflowerstore.com\/de\/wp-json\/wp\/v2\/product\/87735","targetHints":{"allow":["GET"]}}],"collection":[{"href":"https:\/\/www.seaflowerstore.com\/de\/wp-json\/wp\/v2\/product"}],"about":[{"href":"https:\/\/www.seaflowerstore.com\/de\/wp-json\/wp\/v2\/types\/product"}],"wp:featuredmedia":[{"embeddable":true,"href":"https:\/\/www.seaflowerstore.com\/de\/wp-json\/wp\/v2\/media\/79056"}],"wp:attachment":[{"href":"https:\/\/www.seaflowerstore.com\/de\/wp-json\/wp\/v2\/media?parent=87735"}],"wp:term":[{"taxonomy":"pwb-brand","embeddable":true,"href":"https:\/\/www.seaflowerstore.com\/de\/wp-json\/wp\/v2\/pwb-brand?post=87735"},{"taxonomy":"product_cat","embeddable":true,"href":"https:\/\/www.seaflowerstore.com\/de\/wp-json\/wp\/v2\/product_cat?post=87735"},{"taxonomy":"product_tag","embeddable":true,"href":"https:\/\/www.seaflowerstore.com\/de\/wp-json\/wp\/v2\/product_tag?post=87735"}],"curies":[{"name":"wp","href":"https:\/\/api.w.org\/{rel}","templated":true}]}}