{"id":87736,"date":"2016-05-29T06:41:10","date_gmt":"2016-05-29T04:41:10","guid":{"rendered":"https:\/\/www.seaflowerstore.com\/nl\/coral-system-4-250-ml-kz\/"},"modified":"2024-03-20T16:37:35","modified_gmt":"2024-03-20T15:37:35","slug":"coral-system-4-250-ml-kz","status":"publish","type":"product","link":"https:\/\/www.seaflowerstore.com\/de\/coral-system-4-250-ml-kz\/","title":{"rendered":"Coral System 4 &#8211; 250 ml (KZ)"},"content":{"rendered":"<h2>KorallenZucht Coral System 4 &#8211; 250 ml to successfully cultivate and cultivate corals, to maintain and improve coloration<\/h2>\n<p>KorallenZucht Coral System ist eine spezielle Produktlinie, die Ihnen dabei hilft, Korallen erfolgreich zu z\u00fcchten und gleichzeitig ihre F\u00e4rbung zu verbessern und gesunde Wachstumsraten sowie ein sch\u00f6nes Polypenwachstum zu f\u00f6rdern. Diese Produktlinie ist perfekt f\u00fcr Riffliebhaber, die mithilfe eines umfassenden Systems wichtige Erg\u00e4nzungen vornehmen m\u00f6chten.<\/p>\n<p>Die automatische Dosierung mit Dosierpumpen ist unkompliziert und problemlos. Die Coral System-Plattform besteht aus vier Produkten, die als komplette Einheit zusammenarbeiten. Durch die Verwendung der Coral System-Methode k\u00f6nnen Sie au\u00dfergew\u00f6hnliche Ergebnisse erzielen.<\/p>\n<p>Dieses System bietet lebenswichtige Elemente und Verbindungen, die zur Gesundheit und verbesserten Biologie Ihrer Korallen beitragen. Es enth\u00e4lt jedoch kein Kalzium, Karbonat oder Magnesium, wichtige Elemente, die \u00fcberwacht und bei Bedarf separat hinzugef\u00fcgt werden m\u00fcssen.<\/p>\n<p><strong>Enth\u00e4lt:<\/strong><\/p>\n<ul>\n<li>Gereinigtes Wasser<\/li>\n<li>K<\/li>\n<li>F<\/li>\n<li>Br<\/li>\n<li>ID<\/li>\n<\/ul>\n<p><strong>Dosierung:<\/strong> 5 ml pro 100 l pro Woche.<\/p>\n","protected":false},"excerpt":{"rendered":"<p>Korallen Zucht Coral System 4 &#8211; 250 ml to successfully cultivate and cultivate corals, to maintain and improve coloration<\/p>\n","protected":false},"featured_media":79054,"template":"","meta":[],"pwb-brand":[2159],"product_cat":[1391],"product_tag":[],"class_list":{"0":"post-87736","1":"product","2":"type-product","3":"status-publish","4":"has-post-thumbnail","6":"pwb-brand-korallen-zucht","7":"product_cat-ergaenzungen","9":"first","10":"instock","11":"sale","12":"taxable","13":"shipping-taxable","14":"purchasable","15":"product-type-simple"},"acf":[],"brands":[{"id":2159,"name":"Korallen Zucht","slug":"korallen-zucht"}],"_links":{"self":[{"href":"https:\/\/www.seaflowerstore.com\/de\/wp-json\/wp\/v2\/product\/87736","targetHints":{"allow":["GET"]}}],"collection":[{"href":"https:\/\/www.seaflowerstore.com\/de\/wp-json\/wp\/v2\/product"}],"about":[{"href":"https:\/\/www.seaflowerstore.com\/de\/wp-json\/wp\/v2\/types\/product"}],"wp:featuredmedia":[{"embeddable":true,"href":"https:\/\/www.seaflowerstore.com\/de\/wp-json\/wp\/v2\/media\/79054"}],"wp:attachment":[{"href":"https:\/\/www.seaflowerstore.com\/de\/wp-json\/wp\/v2\/media?parent=87736"}],"wp:term":[{"taxonomy":"pwb-brand","embeddable":true,"href":"https:\/\/www.seaflowerstore.com\/de\/wp-json\/wp\/v2\/pwb-brand?post=87736"},{"taxonomy":"product_cat","embeddable":true,"href":"https:\/\/www.seaflowerstore.com\/de\/wp-json\/wp\/v2\/product_cat?post=87736"},{"taxonomy":"product_tag","embeddable":true,"href":"https:\/\/www.seaflowerstore.com\/de\/wp-json\/wp\/v2\/product_tag?post=87736"}],"curies":[{"name":"wp","href":"https:\/\/api.w.org\/{rel}","templated":true}]}}