{"id":87737,"date":"2016-05-29T06:40:20","date_gmt":"2016-05-29T04:40:20","guid":{"rendered":"https:\/\/www.seaflowerstore.com\/nl\/coral-system-3-250-ml-kz\/"},"modified":"2024-03-20T16:37:34","modified_gmt":"2024-03-20T15:37:34","slug":"coral-system-3-250-ml-kz","status":"publish","type":"product","link":"https:\/\/www.seaflowerstore.com\/de\/coral-system-3-250-ml-kz\/","title":{"rendered":"Coral System 3 &#8211; 250 ml (KZ)"},"content":{"rendered":"<h2>Korallen Zucht Coral System 3 &#8211; 250 ml Aminos<\/h2>\n<p>Coral System ist eine spezielle Produktlinie, die f\u00fcr die erfolgreiche Kultivierung und Zucht von Korallen entwickelt wurde. Es hilft, die F\u00e4rbung zu erhalten und zu verbessern und f\u00f6rdert gleichzeitig gute Wachstumsraten und ein sch\u00f6nes Polypenwachstum. Diese Produktreihe wurde speziell f\u00fcr Riffliebhaber entwickelt, die die meisten notwendigen Erg\u00e4nzungen mit einem kompletten System abdecken m\u00f6chten.<\/p>\n<p>Mit dem Coral System k\u00f6nnen Sie die Dosierung mithilfe von Dosierpumpen einfach automatisieren, sodass der Vorgang problemlos abl\u00e4uft. Das System besteht aus vier Produkten, die nahtlos zusammenarbeiten. Durch die Verwendung der Coral System-Methode k\u00f6nnen Sie au\u00dfergew\u00f6hnliche Ergebnisse erzielen.<\/p>\n<p>Das System bietet wichtige Elemente und Verbindungen, die zur F\u00e4rbung, Gesundheit und verbesserten Biologie Ihrer Korallen beitragen. Es ist wichtig zu beachten, dass es kein Kalzium, Karbonat oder Magnesium enth\u00e4lt; Daher sollten diese Hauptelemente regelm\u00e4\u00dfig \u00fcberwacht und bei Bedarf separat dosiert werden.<\/p>\n<p><strong>Coral Systems 3 enth\u00e4lt:<\/strong><\/p>\n<ul>\n<li>Gereinigtes Wasser<\/li>\n<li>Arginin<\/li>\n<li>Alanin<\/li>\n<li>Serin<\/li>\n<li>Valin<\/li>\n<li>Treonin<\/li>\n<li>Histidin<\/li>\n<li>Glutamin<\/li>\n<li>Taurin<\/li>\n<li>Glysin<\/li>\n<li>Dicarbons\u00e4ure<\/li>\n<li>Saccharose<\/li>\n<li>Aloe Vera<\/li>\n<\/ul>\n<p><strong>Dosierung:<\/strong> 5 ml pro 100 Liter pro Woche.<\/p>\n","protected":false},"excerpt":{"rendered":"<p>The System provides vital elements and compounds for coloration,health and improved biology. It contains no calcium, carbonate, magnesium, these main elements have to be checked regularly and dosed separately when needed.<\/p>\n","protected":false},"featured_media":79052,"template":"","meta":[],"pwb-brand":[2159],"product_cat":[1391],"product_tag":[],"class_list":{"0":"post-87737","1":"product","2":"type-product","3":"status-publish","4":"has-post-thumbnail","6":"pwb-brand-korallen-zucht","7":"product_cat-ergaenzungen","9":"first","10":"instock","11":"sale","12":"taxable","13":"shipping-taxable","14":"purchasable","15":"product-type-simple"},"acf":[],"brands":[{"id":2159,"name":"Korallen Zucht","slug":"korallen-zucht"}],"_links":{"self":[{"href":"https:\/\/www.seaflowerstore.com\/de\/wp-json\/wp\/v2\/product\/87737","targetHints":{"allow":["GET"]}}],"collection":[{"href":"https:\/\/www.seaflowerstore.com\/de\/wp-json\/wp\/v2\/product"}],"about":[{"href":"https:\/\/www.seaflowerstore.com\/de\/wp-json\/wp\/v2\/types\/product"}],"wp:featuredmedia":[{"embeddable":true,"href":"https:\/\/www.seaflowerstore.com\/de\/wp-json\/wp\/v2\/media\/79052"}],"wp:attachment":[{"href":"https:\/\/www.seaflowerstore.com\/de\/wp-json\/wp\/v2\/media?parent=87737"}],"wp:term":[{"taxonomy":"pwb-brand","embeddable":true,"href":"https:\/\/www.seaflowerstore.com\/de\/wp-json\/wp\/v2\/pwb-brand?post=87737"},{"taxonomy":"product_cat","embeddable":true,"href":"https:\/\/www.seaflowerstore.com\/de\/wp-json\/wp\/v2\/product_cat?post=87737"},{"taxonomy":"product_tag","embeddable":true,"href":"https:\/\/www.seaflowerstore.com\/de\/wp-json\/wp\/v2\/product_tag?post=87737"}],"curies":[{"name":"wp","href":"https:\/\/api.w.org\/{rel}","templated":true}]}}