{"id":87738,"date":"2016-05-29T06:39:53","date_gmt":"2016-05-29T04:39:53","guid":{"rendered":"https:\/\/www.seaflowerstore.com\/nl\/coral-system-2-250-ml-kz\/"},"modified":"2024-03-20T16:37:33","modified_gmt":"2024-03-20T15:37:33","slug":"coral-system-2-250-ml-kz","status":"publish","type":"product","link":"https:\/\/www.seaflowerstore.com\/de\/coral-system-2-250-ml-kz\/","title":{"rendered":"Coral System 2 &#8211; 250 ml (KZ)"},"content":{"rendered":"<h2>Korallen Zucht Coral System 2 &#8211; 250 ml to maintain and enhance coloration with good growth rates and beautiful polyp expansion<\/h2>\n<p>Coral System ist eine spezielle Produktlinie, die f\u00fcr die erfolgreiche Kultivierung und Zucht von Korallen entwickelt wurde, w\u00e4hrend gleichzeitig ihre F\u00e4rbung verbessert, gute Wachstumsraten gef\u00f6rdert und eine sch\u00f6ne Polypenausbreitung sichergestellt wird. Diese Produktlinie wurde speziell f\u00fcr Riffliebhaber entwickelt, die die meisten ihrer wesentlichen Anforderungen mit einem umfassenden System erf\u00fcllen m\u00f6chten.<\/p>\n<p>Die Verwendung automatischer Dosierpumpen f\u00fcr Coral System ist nahtlos und effizient. Die Plattform besteht aus vier Produkten, die als Komplettl\u00f6sung zusammenarbeiten. Durch die Verwendung der Coral System-Methode k\u00f6nnen Sie au\u00dfergew\u00f6hnliche Ergebnisse erzielen, die wichtige Elemente und Verbindungen f\u00fcr F\u00e4rbung, Gesundheit und verbesserte biologische Funktionen liefern.<\/p>\n<p>Es ist wichtig zu beachten, dass dieses System kein Kalzium, Karbonat oder Magnesium enth\u00e4lt. Daher m\u00fcssen Sie diese Hauptelemente regelm\u00e4\u00dfig \u00fcberpr\u00fcfen und bei Bedarf separat dosieren.<\/p>\n<p><strong>Enth\u00e4lt:<\/strong> Gereinigtes Wasser \u2013 Na \u2013 B \u2013 Br \u2013 Str \u2013 F<\/p>\n<p><strong>Dosierung:<\/strong> 5 ml \/ 100 l \/ Woche.<\/p>\n","protected":false},"excerpt":{"rendered":"<p>Korallen Zucht Coral System 2 &#8211; 250 ml to maintain and enhance coloration with good growth rates and beautiful polyp expansion<\/p>\n","protected":false},"featured_media":79050,"template":"","meta":[],"pwb-brand":[2159],"product_cat":[1391],"product_tag":[],"class_list":{"0":"post-87738","1":"product","2":"type-product","3":"status-publish","4":"has-post-thumbnail","6":"pwb-brand-korallen-zucht","7":"product_cat-ergaenzungen","9":"first","10":"instock","11":"sale","12":"taxable","13":"shipping-taxable","14":"purchasable","15":"product-type-simple"},"acf":[],"brands":[{"id":2159,"name":"Korallen Zucht","slug":"korallen-zucht"}],"_links":{"self":[{"href":"https:\/\/www.seaflowerstore.com\/de\/wp-json\/wp\/v2\/product\/87738","targetHints":{"allow":["GET"]}}],"collection":[{"href":"https:\/\/www.seaflowerstore.com\/de\/wp-json\/wp\/v2\/product"}],"about":[{"href":"https:\/\/www.seaflowerstore.com\/de\/wp-json\/wp\/v2\/types\/product"}],"wp:featuredmedia":[{"embeddable":true,"href":"https:\/\/www.seaflowerstore.com\/de\/wp-json\/wp\/v2\/media\/79050"}],"wp:attachment":[{"href":"https:\/\/www.seaflowerstore.com\/de\/wp-json\/wp\/v2\/media?parent=87738"}],"wp:term":[{"taxonomy":"pwb-brand","embeddable":true,"href":"https:\/\/www.seaflowerstore.com\/de\/wp-json\/wp\/v2\/pwb-brand?post=87738"},{"taxonomy":"product_cat","embeddable":true,"href":"https:\/\/www.seaflowerstore.com\/de\/wp-json\/wp\/v2\/product_cat?post=87738"},{"taxonomy":"product_tag","embeddable":true,"href":"https:\/\/www.seaflowerstore.com\/de\/wp-json\/wp\/v2\/product_tag?post=87738"}],"curies":[{"name":"wp","href":"https:\/\/api.w.org\/{rel}","templated":true}]}}