{"id":87739,"date":"2016-05-29T06:39:02","date_gmt":"2016-05-29T04:39:02","guid":{"rendered":"https:\/\/www.seaflowerstore.com\/nl\/coral-system-1-250-ml-kz\/"},"modified":"2024-03-20T16:37:32","modified_gmt":"2024-03-20T15:37:32","slug":"coral-system-1-250-ml-kz","status":"publish","type":"product","link":"https:\/\/www.seaflowerstore.com\/de\/coral-system-1-250-ml-kz\/","title":{"rendered":"Coral System 1 &#8211; 250 ml (KZ)"},"content":{"rendered":"<h2>Korallen Zucht Coral System 1 &#8211; 250 ml vital elements and compounds for coloration, health and improved biology<\/h2>\n<p>Coral System 1-4 bietet lebenswichtige Elemente und Verbindungen, die die F\u00e4rbung, Gesundheit und die allgemeine Biologie verbessern. Diese Produktlinie wurde speziell entwickelt, um Ihnen dabei zu helfen, Korallen erfolgreich zu kultivieren und zu z\u00fcchten und gute Wachstumsraten und eine atemberaubende Polypenausbreitung sicherzustellen.<\/p>\n<p>Diese Produktreihe wurde f\u00fcr Riffliebhaber entwickelt, die die meisten ihrer notwendigen Erg\u00e4nzungen mit einem umfassenden System abdecken m\u00f6chten. Sie k\u00f6nnen die Dosierung mithilfe von Dosierpumpen einfach automatisieren, sodass es ein problemloses Erlebnis ist.<\/p>\n<p>Die Coral System-Plattform besteht aus vier Produkten, die nahtlos zusammenarbeiten. Durch die Verwendung der Coral System-Methode k\u00f6nnen Sie au\u00dfergew\u00f6hnliche Ergebnisse erzielen. Dieses System bietet wichtige Elemente und Verbindungen f\u00fcr F\u00e4rbung, Gesundheit und verbesserte Biologie. Bitte beachten Sie, dass es kein Kalzium, Karbonat oder Magnesium enth\u00e4lt; Diese Schl\u00fcsselelemente sollten regelm\u00e4\u00dfig \u00fcberwacht und bei Bedarf separat dosiert werden.<\/p>\n<p><strong>Enth\u00e4lt:<\/strong> Gereinigtes Wasser, Ni, Mn, F, Na, Rb, Zn, V.<\/p>\n<p><strong>Dosierung:<\/strong> 5 ml pro 100 Liter pro Woche.<\/p>\n","protected":false},"excerpt":{"rendered":"<p>KorallenZucht Coral System 1-4: vital elements and compounds for coloration,health and improved biology.<\/p>\n","protected":false},"featured_media":79048,"template":"","meta":[],"pwb-brand":[2159],"product_cat":[1391],"product_tag":[],"class_list":{"0":"post-87739","1":"product","2":"type-product","3":"status-publish","4":"has-post-thumbnail","6":"pwb-brand-korallen-zucht","7":"product_cat-ergaenzungen","9":"first","10":"instock","11":"sale","12":"taxable","13":"shipping-taxable","14":"purchasable","15":"product-type-simple"},"acf":[],"brands":[{"id":2159,"name":"Korallen Zucht","slug":"korallen-zucht"}],"_links":{"self":[{"href":"https:\/\/www.seaflowerstore.com\/de\/wp-json\/wp\/v2\/product\/87739","targetHints":{"allow":["GET"]}}],"collection":[{"href":"https:\/\/www.seaflowerstore.com\/de\/wp-json\/wp\/v2\/product"}],"about":[{"href":"https:\/\/www.seaflowerstore.com\/de\/wp-json\/wp\/v2\/types\/product"}],"wp:featuredmedia":[{"embeddable":true,"href":"https:\/\/www.seaflowerstore.com\/de\/wp-json\/wp\/v2\/media\/79048"}],"wp:attachment":[{"href":"https:\/\/www.seaflowerstore.com\/de\/wp-json\/wp\/v2\/media?parent=87739"}],"wp:term":[{"taxonomy":"pwb-brand","embeddable":true,"href":"https:\/\/www.seaflowerstore.com\/de\/wp-json\/wp\/v2\/pwb-brand?post=87739"},{"taxonomy":"product_cat","embeddable":true,"href":"https:\/\/www.seaflowerstore.com\/de\/wp-json\/wp\/v2\/product_cat?post=87739"},{"taxonomy":"product_tag","embeddable":true,"href":"https:\/\/www.seaflowerstore.com\/de\/wp-json\/wp\/v2\/product_tag?post=87739"}],"curies":[{"name":"wp","href":"https:\/\/api.w.org\/{rel}","templated":true}]}}