{"id":87744,"date":"2016-05-16T17:10:17","date_gmt":"2016-05-16T15:10:17","guid":{"rendered":"https:\/\/www.seaflowerstore.com\/nl\/real-reef-rock-mix-box-4th-gen-25-28kg\/"},"modified":"2024-03-20T16:37:30","modified_gmt":"2024-03-20T15:37:30","slug":"real-reef-rock-mix-box-4th-gen-25-28kg","status":"publish","type":"product","link":"https:\/\/www.seaflowerstore.com\/de\/real-reef-rock-mix-box-4th-gen-25-28kg\/","title":{"rendered":"Real Reef Rock &#8211; Mix box 4th gen. 25-28kg"},"content":{"rendered":"<h2>Real Reef Rock &#8211; Mix box 4th gen. 25-28kg<\/h2>\n<p>Willkommen beim Real Reef Rock-Erlebnis! Dieses Produkt enth\u00e4lt <strong>eine Schachtel<\/strong> gef\u00fcllt mit <strong>Steinen unterschiedlicher Gr\u00f6\u00dfe<\/strong>, perfekt zur Verbesserung Ihrer Wasserumgebung.<\/p>\n","protected":false},"excerpt":{"rendered":"<p>.<\/p>\n","protected":false},"featured_media":79038,"template":"","meta":[],"pwb-brand":[2221],"product_cat":[1386],"product_tag":[],"class_list":{"0":"post-87744","1":"product","2":"type-product","3":"status-publish","4":"has-post-thumbnail","6":"pwb-brand-real-reef","7":"product_cat-steine","9":"first","10":"outofstock","11":"taxable","12":"shipping-taxable","13":"purchasable","14":"product-type-simple"},"acf":[],"brands":[{"id":2221,"name":"Real Reef","slug":"real-reef"}],"_links":{"self":[{"href":"https:\/\/www.seaflowerstore.com\/de\/wp-json\/wp\/v2\/product\/87744","targetHints":{"allow":["GET"]}}],"collection":[{"href":"https:\/\/www.seaflowerstore.com\/de\/wp-json\/wp\/v2\/product"}],"about":[{"href":"https:\/\/www.seaflowerstore.com\/de\/wp-json\/wp\/v2\/types\/product"}],"wp:featuredmedia":[{"embeddable":true,"href":"https:\/\/www.seaflowerstore.com\/de\/wp-json\/wp\/v2\/media\/79038"}],"wp:attachment":[{"href":"https:\/\/www.seaflowerstore.com\/de\/wp-json\/wp\/v2\/media?parent=87744"}],"wp:term":[{"taxonomy":"pwb-brand","embeddable":true,"href":"https:\/\/www.seaflowerstore.com\/de\/wp-json\/wp\/v2\/pwb-brand?post=87744"},{"taxonomy":"product_cat","embeddable":true,"href":"https:\/\/www.seaflowerstore.com\/de\/wp-json\/wp\/v2\/product_cat?post=87744"},{"taxonomy":"product_tag","embeddable":true,"href":"https:\/\/www.seaflowerstore.com\/de\/wp-json\/wp\/v2\/product_tag?post=87744"}],"curies":[{"name":"wp","href":"https:\/\/api.w.org\/{rel}","templated":true}]}}