{"id":87745,"date":"2016-05-16T17:07:55","date_gmt":"2016-05-16T15:07:55","guid":{"rendered":"https:\/\/www.seaflowerstore.com\/nl\/real-reef-rock-large-box-4th-gen-25-28kg\/"},"modified":"2024-03-20T16:37:29","modified_gmt":"2024-03-20T15:37:29","slug":"real-reef-rock-large-box-4th-gen-25-28kg","status":"publish","type":"product","link":"https:\/\/www.seaflowerstore.com\/de\/real-reef-rock-large-box-4th-gen-25-28kg\/","title":{"rendered":"Real Reef Rock &#8211; Large box 4th gen. 25-28kg"},"content":{"rendered":"<h2>Real Reef Rock &#8211; Large box 4th gen. 25-28kg<\/h2>\n<p>Diese Box enth\u00e4lt <strong>gro\u00dfe<\/strong> Steine, die perfekt f\u00fcr Ihr Aquarium geeignet sind. Sie wurden entwickelt, um eine sch\u00f6ne und nat\u00fcrliche Umgebung f\u00fcr Ihr Wasserleben zu schaffen.<\/p>\n<p>Hier sind einige gro\u00dfartige Eigenschaften unseres Real Reef Rock:<\/p>\n<ul>\n<li>Leicht und einfach zu handhaben<\/li>\n<li>Hergestellt aus nat\u00fcrlichen Materialien<\/li>\n<li>F\u00f6rdert eine gesunde biologische Filterung<\/li>\n<li>Erh\u00e4ltlich in verschiedenen Gr\u00f6\u00dfen, um Ihren Anforderungen gerecht zu werden<\/li>\n<\/ul>\n<p>Mit diesem Produkt k\u00f6nnen Sie die \u00c4sthetik Ihres Aquariums verbessern und gleichzeitig das Wohlbefinden Ihrer Fische und Korallen gew\u00e4hrleisten. Viel Spa\u00df beim Erschaffen Ihres Unterwasserparadieses! <\/p>\n","protected":false},"excerpt":{"rendered":"<p>.<\/p>\n","protected":false},"featured_media":79036,"template":"","meta":[],"pwb-brand":[2221],"product_cat":[1386],"product_tag":[],"class_list":{"0":"post-87745","1":"product","2":"type-product","3":"status-publish","4":"has-post-thumbnail","6":"pwb-brand-real-reef","7":"product_cat-steine","9":"first","10":"outofstock","11":"taxable","12":"shipping-taxable","13":"purchasable","14":"product-type-simple"},"acf":[],"brands":[{"id":2221,"name":"Real Reef","slug":"real-reef"}],"_links":{"self":[{"href":"https:\/\/www.seaflowerstore.com\/de\/wp-json\/wp\/v2\/product\/87745","targetHints":{"allow":["GET"]}}],"collection":[{"href":"https:\/\/www.seaflowerstore.com\/de\/wp-json\/wp\/v2\/product"}],"about":[{"href":"https:\/\/www.seaflowerstore.com\/de\/wp-json\/wp\/v2\/types\/product"}],"wp:featuredmedia":[{"embeddable":true,"href":"https:\/\/www.seaflowerstore.com\/de\/wp-json\/wp\/v2\/media\/79036"}],"wp:attachment":[{"href":"https:\/\/www.seaflowerstore.com\/de\/wp-json\/wp\/v2\/media?parent=87745"}],"wp:term":[{"taxonomy":"pwb-brand","embeddable":true,"href":"https:\/\/www.seaflowerstore.com\/de\/wp-json\/wp\/v2\/pwb-brand?post=87745"},{"taxonomy":"product_cat","embeddable":true,"href":"https:\/\/www.seaflowerstore.com\/de\/wp-json\/wp\/v2\/product_cat?post=87745"},{"taxonomy":"product_tag","embeddable":true,"href":"https:\/\/www.seaflowerstore.com\/de\/wp-json\/wp\/v2\/product_tag?post=87745"}],"curies":[{"name":"wp","href":"https:\/\/api.w.org\/{rel}","templated":true}]}}