{"id":87746,"date":"2016-05-16T17:06:41","date_gmt":"2016-05-16T15:06:41","guid":{"rendered":"https:\/\/www.seaflowerstore.com\/nl\/real-reef-rock-medium-large-box4th-gen-25-28kg\/"},"modified":"2024-03-20T16:37:28","modified_gmt":"2024-03-20T15:37:28","slug":"real-reef-rock-medium-large-box4th-gen-25-28kg","status":"publish","type":"product","link":"https:\/\/www.seaflowerstore.com\/de\/real-reef-rock-medium-large-box4th-gen-25-28kg\/","title":{"rendered":"Real Reef Rock &#8211; Medium\/Large box4th gen 25-28kg"},"content":{"rendered":"<h2>Real Reef Rock &#8211; Medium\/Large box4th gen 25-28kg<\/h2>\n<p>Willkommen bei unserer Auswahl an Real Reef Rock! Jede Schachtel enth\u00e4lt <strong>mittelgro\u00dfe\/gro\u00dfe<\/strong> Steine, perfekt f\u00fcr Ihr Aquarium.<\/p>\n<p>Zusammenfassend erhalten Sie:<\/p>\n<ul>\n<li>1 Schachtel gef\u00fcllt mit <strong>mittelgro\u00dfen\/gro\u00dfen<\/strong> Steinen<\/li>\n<\/ul>\n<p>Diese Steine \u200b\u200bsind eine gro\u00dfartige Erg\u00e4nzung, um eine nat\u00fcrliche Umgebung f\u00fcr Ihr Wasserleben zu schaffen. Viel Spa\u00df beim Einrichten Ihres Aquariums mit unseren Qualit\u00e4tsprodukten!<\/p>\n","protected":false},"excerpt":{"rendered":"<p>.<\/p>\n","protected":false},"featured_media":79034,"template":"","meta":[],"pwb-brand":[2221],"product_cat":[1386],"product_tag":[],"class_list":{"0":"post-87746","1":"product","2":"type-product","3":"status-publish","4":"has-post-thumbnail","6":"pwb-brand-real-reef","7":"product_cat-steine","9":"first","10":"outofstock","11":"taxable","12":"shipping-taxable","13":"purchasable","14":"product-type-simple"},"acf":[],"brands":[{"id":2221,"name":"Real Reef","slug":"real-reef"}],"_links":{"self":[{"href":"https:\/\/www.seaflowerstore.com\/de\/wp-json\/wp\/v2\/product\/87746","targetHints":{"allow":["GET"]}}],"collection":[{"href":"https:\/\/www.seaflowerstore.com\/de\/wp-json\/wp\/v2\/product"}],"about":[{"href":"https:\/\/www.seaflowerstore.com\/de\/wp-json\/wp\/v2\/types\/product"}],"wp:featuredmedia":[{"embeddable":true,"href":"https:\/\/www.seaflowerstore.com\/de\/wp-json\/wp\/v2\/media\/79034"}],"wp:attachment":[{"href":"https:\/\/www.seaflowerstore.com\/de\/wp-json\/wp\/v2\/media?parent=87746"}],"wp:term":[{"taxonomy":"pwb-brand","embeddable":true,"href":"https:\/\/www.seaflowerstore.com\/de\/wp-json\/wp\/v2\/pwb-brand?post=87746"},{"taxonomy":"product_cat","embeddable":true,"href":"https:\/\/www.seaflowerstore.com\/de\/wp-json\/wp\/v2\/product_cat?post=87746"},{"taxonomy":"product_tag","embeddable":true,"href":"https:\/\/www.seaflowerstore.com\/de\/wp-json\/wp\/v2\/product_tag?post=87746"}],"curies":[{"name":"wp","href":"https:\/\/api.w.org\/{rel}","templated":true}]}}