{"id":87750,"date":"2016-04-05T16:14:01","date_gmt":"2016-04-05T14:14:01","guid":{"rendered":"https:\/\/www.seaflowerstore.com\/nl\/metasorb-500-plus\/"},"modified":"2024-03-20T16:37:23","modified_gmt":"2024-03-20T15:37:23","slug":"metasorb-500-plus","status":"publish","type":"product","link":"https:\/\/www.seaflowerstore.com\/de\/metasorb-500-plus\/","title":{"rendered":"MetaSorb 500 plus"},"content":{"rendered":"<h2>MetaSorb 500 plus for 1900+ liter aquarium water<\/h2>\n<p><strong>Rezension:<\/strong> <a href=\"https:\/\/reefbuilders.com\/2014\/03\/13\/metasorb-uhc-fishies-specialized-removing-metals\/\" rel=\"noopener noreferrer nofollow\" target=\"_blank\">https:\/\/reefbuilders.com\/2014\/03\/13\/metasorb-uhc-fishies-specialized-removing-metals\/<\/a><\/p>\n<ul>\n<li><img loading=\"lazy\" decoding=\"async\" align=\"right\" alt=\"\" border=\"0\" height=\"84\" hspace=\"3\" src=\"https:\/\/www.seaflowerstore.com\/nl\/wp-content\/uploads\/content\/logo_2fishies.jpg\" vspace=\"3\" width=\"144\"\/><strong>Aquarienfiltermedium mit ultrahoher Kapazit\u00e4t zur Entfernung von Schwermetallen<\/strong><\/li>\n<li><strong>Entfernt Schwermetalle dauerhaft, um das Aquarienwasser wiederherzustellen Qualit\u00e4t<\/strong><\/li>\n<li><strong>Mehrmals wiederverwenden \u2013 entfernen, absp\u00fclen, trocknen und f\u00fcr sp\u00e4tere Verwendung aufbewahren<\/strong><\/li>\n<\/ul>\n<p>Entfernen Sie unsichtbare Schwermetallverunreinigungen dauerhaft, um die Qualit\u00e4t Ihres Aquarienwassers wiederherzustellen. Two Little Fishies MetaSorb UHC bindet und entfernt schnell Metalle, die aus Quellwasser, Nahrungsmitteln, k\u00fcnstlichen Meerwassermischungen, therapeutischen Behandlungen, korrodierenden Metallger\u00e4ten, Magneten und Pumpen stammen k\u00f6nnen. Sie k\u00f6nnen MetaSorb UHC zur Vorbehandlung von neuem Wasser oder frisch gemischtem k\u00fcnstlichem Meerwasser, zur Entfernung von Kupfermedikamenten und zur Beseitigung von Metallen verwenden, die aus korrodierenden Ger\u00e4ten ausgelaugt werden. Dieses Produkt ist sowohl f\u00fcr S\u00fc\u00dfwasser- als auch f\u00fcr Meerwasseraquarien geeignet.<\/p>\n<p>Two Little Fishies MetaSorb UHC ist ein patentiertes Hochleistungspolymer, das f\u00fcr das Superfund-Programm der US-amerikanischen Umweltschutzbeh\u00f6rde entwickelt wurde. Es entfernt effektiv alle \u00fcbersch\u00fcssigen Metalle innerhalb von Stunden bis wenigen Tagen. Der f\u00fcr Aquarien mit 1 bis 250 Gallonen konzipierte Medienbeutel entfernt bis zu 80 ppm Metalle aus 940 Litern, w\u00e4hrend der f\u00fcr Aquarien mit 500 bis 800 Gallonen ausgelegte Beutel bis zu 120 ppm Metalle aus 500 Gallonen entfernen kann.<\/p>\n<p>Zur Verwendung legen Sie den Stoffmedienbeutel einfach in einen beliebigen Kanisterfilter, einen auf der R\u00fcckseite aufh\u00e4ngbaren Kraftfilter oder in Durchflussabschnitte eines beliebigen Sumpfes oder einer Filterkammer. MetaSorb UHC kann entfernt, getrocknet und f\u00fcr die sp\u00e4tere Verwendung aufbewahrt werden, sodass mehrere Anwendungen m\u00f6glich sind.<\/p>\n<p><strong>Wussten Sie schon?<\/strong> Wenn Schwermetalle eine toxische Schwelle erreichen, k\u00f6nnen mysteri\u00f6se Krankheiten bei Fischen, Korallen und anderen Wirbellosen auftreten.<\/p>\n<p><strong>Anleitung:<\/strong> Sp\u00fclen Sie den Stoffbeutel vor der Verwendung 30 Sekunden lang in sauberem Wasser aus. Bitte schneiden oder \u00f6ffnen Sie ihn nicht! Legen Sie den Beutel einfach in einen beliebigen Kanisterfilter, einen auf der R\u00fcckseite aufh\u00e4ngbaren Kraftfilter oder in Durchflussbereiche eines beliebigen Sumpfes oder Filters. Alternativ k\u00f6nnen Sie die Stoffschlaufe an der oberen Ecke mit einem Kabelbinder verwenden, um den Beutel an einer Stelle mit hohem Durchfluss zu befestigen. Er entfernt alle \u00fcbersch\u00fcssigen Metalle innerhalb von Stunden bis wenigen Tagen, wenn er richtig auf die Kapazit\u00e4t des Aquariums abgestimmt ist.<\/p>\n<p><strong>WICHTIG:<\/strong> MetaSorb sollte nicht l\u00e4nger als 10 Tage am St\u00fcck verwendet werden. Nach Gebrauch den Beutel herausnehmen, kurz aussp\u00fclen und flach zum Trocknen hinlegen, damit er f\u00fcr die sp\u00e4tere Verwendung aufbewahrt werden kann.<\/p>\n<p><strong>Hinweis:<\/strong> Glasperlen im Beutel lassen ihn richtig sinken. Das Polymer im Beutel kann aufgrund der Metalle, die es bindet, an Volumen zunehmen und seine Farbe \u00e4ndern. Es entfernt keine Alkalinit\u00e4t, kein Kalzium, kein Magnesium, kein Strontium und keine organischen Stoffe.<\/p>\n<p><strong>Medikamente:<\/strong> Denken Sie daran, MetaSorb aus dem Aquarium zu entfernen, wenn Sie Medikamente zur Wasserbehandlung verwenden. Nach der Behandlung kann MetaSorb verwendet werden, um Kupfermedikamente vollst\u00e4ndig aus dem Wasser zu entfernen.<\/p>\n<p><strong>Spurenelementzus\u00e4tze:<\/strong> Es wird empfohlen, MetaSorb nach der Zugabe von Vitaminen und Spurenelementen zum Wasser einen Tag lang aus dem Aquarium zu entfernen.<\/p>\n<p><strong>Kapazit\u00e4t:<\/strong> MetaSorb hat eine ultrahohe Kapazit\u00e4t zum Binden von Metallen. Die Version f\u00fcr 1-250 Gallonen (Hersteller-Nr. MET1) entfernt bis zu 80 ppm Metalle aus 940 Litern, w\u00e4hrend die Version f\u00fcr 250-800 Gallonen (Hersteller-Nr. MET500) bis zu 120 ppm Metalle aus 500 Gallonen entfernt. Es besteht keine Gefahr einer \u00dcberdosierung, und sobald die Metalle an das Polymer gebunden sind, k\u00f6nnen sie nicht wieder ins Wasser abgegeben werden. Der Beutel kann bedenkenlos \u00fcber l\u00e4ngere Zeit im Aquarium belassen werden und kann je nach Metallkonzentration und Wasservolumen mehrmals entfernt und wiederverwendet werden.<\/p>\n<p><strong>MetaSorb bindet nur die folgenden Metalle:<\/strong> Aluminium, Cadmium, Cer, Kobalt, Kupfer, Dysprosium, Erbium, Europium, Gadolinium, Gold, Holmium, Eisen, Lanthan, Blei, Lutetium, Mangan, Quecksilber, Neodym, Nickel, Samarium, Scandium, Selen, Silber, Terbium, Ytterbium und Zink.<\/p>\n<p><strong>Allgemeine Informationen:<\/strong> Ein \u00dcberschuss an Schwermetallen im Wasser ist f\u00fcr Wasserlebewesen giftig. Diese Metalle k\u00f6nnen aus der Wasserquelle, Nahrungsmitteln, k\u00fcnstlichen Meerwassermischungen, therapeutischen Behandlungen, korrodierenden Metallger\u00e4ten, Magneten, Pumpen und vielem mehr stammen. Wenn Schwermetalle eine toxische Schwelle erreichen, k\u00f6nnen mysteri\u00f6se Krankheiten bei Fischen, Korallen und anderen Wirbellosen auftreten. MetaSorb UHC wird aus patentierten Hochleistungspolymeren hergestellt, die f\u00fcr das Superfund-Programm der US-amerikanischen Umweltschutzbeh\u00f6rde entwickelt wurden. Es ist wasserunl\u00f6slich und ungiftig, sodass es Metalle sowohl aus S\u00fc\u00df- als auch aus Salzwasser schnell binden und dauerhaft entfernen kann, wodurch die Wasserqualit\u00e4t wiederhergestellt werden kann. MetaSorb UHC ist ein feines Pulver, das in einem kleinen Stoffbeutel verpackt ist, der \u00fcberall dort leicht zu finden ist, wo ein hoher Wasserdurchfluss den Kontakt mit dem Polymer erleichtert.<\/p>\n","protected":false},"excerpt":{"rendered":"<p>MetaSorb 500 plus Permanently remove unseen heavy metal pollutants to restore aquarium water quality<\/p>\n","protected":false},"featured_media":79026,"template":"","meta":[],"pwb-brand":[2231],"product_cat":[1390],"product_tag":[],"class_list":{"0":"post-87750","1":"product","2":"type-product","3":"status-publish","4":"has-post-thumbnail","6":"pwb-brand-two-little-fishies","7":"product_cat-medikamente","9":"first","10":"instock","11":"taxable","12":"shipping-taxable","13":"purchasable","14":"product-type-simple"},"acf":[],"brands":[{"id":2231,"name":"Two Little Fishies","slug":"two-little-fishies"}],"_links":{"self":[{"href":"https:\/\/www.seaflowerstore.com\/de\/wp-json\/wp\/v2\/product\/87750","targetHints":{"allow":["GET"]}}],"collection":[{"href":"https:\/\/www.seaflowerstore.com\/de\/wp-json\/wp\/v2\/product"}],"about":[{"href":"https:\/\/www.seaflowerstore.com\/de\/wp-json\/wp\/v2\/types\/product"}],"wp:featuredmedia":[{"embeddable":true,"href":"https:\/\/www.seaflowerstore.com\/de\/wp-json\/wp\/v2\/media\/79026"}],"wp:attachment":[{"href":"https:\/\/www.seaflowerstore.com\/de\/wp-json\/wp\/v2\/media?parent=87750"}],"wp:term":[{"taxonomy":"pwb-brand","embeddable":true,"href":"https:\/\/www.seaflowerstore.com\/de\/wp-json\/wp\/v2\/pwb-brand?post=87750"},{"taxonomy":"product_cat","embeddable":true,"href":"https:\/\/www.seaflowerstore.com\/de\/wp-json\/wp\/v2\/product_cat?post=87750"},{"taxonomy":"product_tag","embeddable":true,"href":"https:\/\/www.seaflowerstore.com\/de\/wp-json\/wp\/v2\/product_tag?post=87750"}],"curies":[{"name":"wp","href":"https:\/\/api.w.org\/{rel}","templated":true}]}}