{"id":87751,"date":"2016-04-05T16:05:44","date_gmt":"2016-04-05T14:05:44","guid":{"rendered":"https:\/\/www.seaflowerstore.com\/nl\/metasorb-1-250\/"},"modified":"2024-03-20T16:37:20","modified_gmt":"2024-03-20T15:37:20","slug":"metasorb-1-250","status":"publish","type":"product","link":"https:\/\/www.seaflowerstore.com\/de\/metasorb-1-250\/","title":{"rendered":"MetaSorb 1-250"},"content":{"rendered":"<h2>MetaSorb 1 &#8211; 940liter Permanently remove unseen heavy metal pollutants<\/h2>\n<p style=\"font-size: 12px\"><span style=\"font-size: 12px\">Rezension: <\/span><a href=\"https:\/\/reefbuilders.com\/2014\/03\/13\/metasorb-uhc-fishies-specialized-removing-metals\/\" rel=\"noopener nofollow\" style=\"font-size: 12px;background-color: #ffffff\" target=\"_blank\">https:\/\/reefbuilders.com\/2014\/03\/13\/metasorb-uhc-fishies-specialized-removing-metals\/<\/a><\/p>\n<ul>\n<li>Aquarienfiltermedium mit ultrahoher Kapazit\u00e4t zur effektiven Schwermetallentfernung<\/li>\n<li>Entfernt Schwermetalle dauerhaft und verbessert so die Wasserqualit\u00e4t im Aquarium<\/li>\n<li>Mehrfach wiederverwendbar \u2013 einfach herausnehmen, absp\u00fclen, trocknen und f\u00fcr sp\u00e4ter aufbewahren<\/li>\n<\/ul>\n<p>MetaSorb UHC wurde entwickelt, um versteckte Schwermetallschadstoffe dauerhaft zu entfernen und so die Qualit\u00e4t Ihres Aquarienwassers wiederherzustellen. Dieses Produkt bindet und entfernt schnell Metalle, die aus verschiedenen Quellen stammen k\u00f6nnen, wie z. B. Wasserversorgung, Nahrung, k\u00fcnstliche Meerwassermischungen, therapeutische Behandlungen und korrodierende Metallger\u00e4te wie Pumpen und Magnete.<\/p>\n<p>Sie k\u00f6nnen MetaSorb UHC f\u00fcr Folgendes verwenden:<\/p>\n<ul>\n<li>Vorbehandlung von frischem Wasser oder frisch gemischtem k\u00fcnstlichem Meerwasser<\/li>\n<li>Entfernung von Kupfermedikamenten<\/li>\n<li>Entfernung von aus korrodierenden Ger\u00e4ten ausgelaugten Metallen<\/li>\n<\/ul>\n<p>MetaSorb UHC ist ein patentiertes Polymer mit hoher Kapazit\u00e4t, das f\u00fcr das Superfund-Programm der US-amerikanischen Umweltschutzbeh\u00f6rde entwickelt wurde. Es kann alle \u00fcbersch\u00fcssigen Metalle innerhalb von nur wenigen Stunden bis wenigen Tagen entfernen. Der Medienbeutel ist f\u00fcr Aquarien von 1 bis 250 Gallonen geeignet und entfernt effektiv bis zu 80 ppm Metalle aus 940 Litern. Es ist auch ein gr\u00f6\u00dferer Beutel f\u00fcr Aquarien mit 500-800 Gallonen erh\u00e4ltlich, der bis zu 120 ppm aus 500 Gallonen entfernt.<\/p>\n<p>Legen Sie den Stoffmedienbeutel einfach in einen beliebigen Kanisterfilter, einen auf der R\u00fcckseite aufh\u00e4ngbaren Kraftfilter oder in Durchflussabschnitte eines beliebigen Sumpfes oder einer Filterkammer. Sie k\u00f6nnen MetaSorb UHC f\u00fcr die zuk\u00fcnftige Verwendung entnehmen, trocknen und aufbewahren, sodass es mehrfach verwendet werden kann.<\/p>\n<p><strong>Wussten Sie schon?<\/strong> Wenn Schwermetalle toxische Werte erreichen, k\u00f6nnen mysteri\u00f6se Gesundheitsprobleme bei Fischen, Korallen und anderen Wirbellosen auftreten.<\/p>\n<p><strong>Anleitung:<\/strong> Sp\u00fclen Sie den Stoffbeutel vor der Verwendung 30 Sekunden lang in sauberem Wasser aus. Bitte schneiden oder \u00f6ffnen Sie den Beutel nicht. Legen Sie ihn einfach in einen beliebigen Kanisterfilter, einen auf der R\u00fcckseite aufh\u00e4ngbaren Kraftfilter oder in Durchflussabschnitte eines beliebigen Sumpfes oder Filters. Alternativ k\u00f6nnen Sie die Stoffschlaufe an der oberen Ecke mit einem Kabelbinder verwenden, um den Beutel an einer Stelle mit hoher Str\u00f6mung zu befestigen. Das Produkt entfernt \u00fcbersch\u00fcssige Metalle effektiv innerhalb weniger Stunden bis weniger Tage, wenn es richtig auf die Kapazit\u00e4t Ihres Aquariums abgestimmt ist.<\/p>\n<p><strong>WICHTIG:<\/strong> MetaSorb sollte nicht l\u00e4nger als 10 Tage am St\u00fcck verwendet werden. Nach Gebrauch den Beutel herausnehmen, kurz aussp\u00fclen und flach zum Trocknen hinlegen, bevor Sie ihn f\u00fcr die sp\u00e4tere Verwendung aufbewahren.<\/p>\n<p><strong>Hinweis:<\/strong> Die Glasperlen im Beutel helfen ihm, richtig zu sinken. Das Polymer kann an Volumen zunehmen und seine Farbe \u00e4ndern, wenn es sich mit Metallen verbindet. MetaSorb entfernt keine Alkalinit\u00e4t, kein Kalzium, Magnesium, Strontium oder organische Stoffe.<\/p>\n<p><strong>Medikamente:<\/strong> Bitte entfernen Sie MetaSorb aus dem Aquarium, wenn Sie Medikamente zur Wasserbehandlung verwenden. Nach der Behandlung kann es Kupfermedikamente wirksam entfernen.<\/p>\n<p><strong>Spurenelement-Erg\u00e4nzungen:<\/strong> Entfernen Sie MetaSorb einen Tag lang aus dem Aquarium, nachdem Sie dem Wasser Vitamine und Spurenelemente hinzugef\u00fcgt haben.<\/p>\n<p><strong>Kapazit\u00e4t:<\/strong> MetaSorb hat eine ultrahohe Kapazit\u00e4t zum Binden von Metallen. Die Version f\u00fcr 1-250 Gallonen (Mfg# MET1) entfernt bis zu 80 ppm Metalle aus 940 Litern, w\u00e4hrend die Version f\u00fcr 250-800 Gallonen (Mfg# MET500) bis zu 120 ppm Metalle aus 500 Gallonen entfernt. Es besteht keine Gefahr einer \u00dcberdosierung, und sobald die Metalle an das Polymer gebunden sind, k\u00f6nnen sie nicht wieder ins Wasser abgegeben werden. Es ist unbedenklich, den Beutel l\u00e4ngere Zeit im Aquarium zu lassen, und er kann je nach Metallkonzentration und Wasservolumen mehrere Male wiederverwendet werden.<\/p>\n<p><strong>MetaSorb bindet die folgenden Metalle:<\/strong> Aluminium, Cadmium, Cer, Kobalt, Kupfer, Dysprosium, Erbium, Europium, Gadolinium, Gold, Holmium, Eisen, Lanthan, Blei, Lutetium, Mangan, Quecksilber, Neodym, Nickel, Samarium, Scandium, Selen, Silber, Terbium, Ytterbium und Zink.<\/p>\n<p><strong>Allgemeine Informationen:<\/strong> Ein \u00dcberschuss an Schwermetallen im Wasser ist sch\u00e4dlich f\u00fcr das Leben im Wasser. Diese Metalle k\u00f6nnen aus verschiedenen Quellen ins Wasser gelangen, darunter Wasserversorgung, Nahrungsmittel, k\u00fcnstliche Meerwassermischungen, therapeutische Behandlungen und korrodierende Metallger\u00e4te. Wenn Schwermetalle toxische Werte erreichen, k\u00f6nnen gesundheitliche Probleme bei Fischen, Korallen und anderen Wirbellosen auftreten. MetaSorb UHC wird aus patentierten Hochleistungspolymeren hergestellt, die f\u00fcr das Superfund-Programm der US-amerikanischen Umweltschutzbeh\u00f6rde entwickelt wurden. Es ist wasserunl\u00f6slich und ungiftig, sodass Metalle sowohl aus S\u00fc\u00df- als auch aus Salzwasser schnell gebunden und dauerhaft entfernt werden k\u00f6nnen, wodurch die Wasserqualit\u00e4t wiederhergestellt werden kann. Das Produkt ist ein feines Pulver, das in einem kleinen Stoffbeutel verpackt ist, der leicht in jedem Bereich mit hohem Wasserfluss platziert werden kann, um effektiv mit dem Polymer in Kontakt zu kommen.<\/p>\n","protected":false},"excerpt":{"rendered":"<p>MetaSorb 1-940liter Permanently remove unseen heavy metal pollutants<\/p>\n","protected":false},"featured_media":79025,"template":"","meta":[],"pwb-brand":[2231],"product_cat":[1390],"product_tag":[],"class_list":{"0":"post-87751","1":"product","2":"type-product","3":"status-publish","4":"has-post-thumbnail","6":"pwb-brand-two-little-fishies","7":"product_cat-medikamente","9":"first","10":"instock","11":"taxable","12":"shipping-taxable","13":"purchasable","14":"product-type-simple"},"acf":[],"brands":[{"id":2231,"name":"Two Little Fishies","slug":"two-little-fishies"}],"_links":{"self":[{"href":"https:\/\/www.seaflowerstore.com\/de\/wp-json\/wp\/v2\/product\/87751","targetHints":{"allow":["GET"]}}],"collection":[{"href":"https:\/\/www.seaflowerstore.com\/de\/wp-json\/wp\/v2\/product"}],"about":[{"href":"https:\/\/www.seaflowerstore.com\/de\/wp-json\/wp\/v2\/types\/product"}],"wp:featuredmedia":[{"embeddable":true,"href":"https:\/\/www.seaflowerstore.com\/de\/wp-json\/wp\/v2\/media\/79025"}],"wp:attachment":[{"href":"https:\/\/www.seaflowerstore.com\/de\/wp-json\/wp\/v2\/media?parent=87751"}],"wp:term":[{"taxonomy":"pwb-brand","embeddable":true,"href":"https:\/\/www.seaflowerstore.com\/de\/wp-json\/wp\/v2\/pwb-brand?post=87751"},{"taxonomy":"product_cat","embeddable":true,"href":"https:\/\/www.seaflowerstore.com\/de\/wp-json\/wp\/v2\/product_cat?post=87751"},{"taxonomy":"product_tag","embeddable":true,"href":"https:\/\/www.seaflowerstore.com\/de\/wp-json\/wp\/v2\/product_tag?post=87751"}],"curies":[{"name":"wp","href":"https:\/\/api.w.org\/{rel}","templated":true}]}}