{"id":87752,"date":"2016-04-05T16:01:45","date_gmt":"2016-04-05T14:01:45","guid":{"rendered":"https:\/\/www.seaflowerstore.com\/nl\/live-refugium-15lbs-68kg\/"},"modified":"2025-09-29T00:26:01","modified_gmt":"2025-09-28T22:26:01","slug":"live-refugium-15lbs-68kg","status":"publish","type":"product","link":"https:\/\/www.seaflowerstore.com\/de\/live-refugium-15lbs-68kg\/","title":{"rendered":"Live Refugium (15lbs) 6,8kg"},"content":{"rendered":"<h2>Live Refugium (15lbs) 6,8kg<\/h2>\n<p><strong>Refugite Live Refugium Sand 15Lb<\/strong> ist die perfekte Erg\u00e4nzung f\u00fcr Ihr Aquarium. Dieses fl\u00fcssige Fischfutter enth\u00e4lt lebenden, mineralstoffreichen Sand, der sich ideal f\u00fcr Refugien und Seegrasbeete eignet und besonders f\u00fcr Mangroven und LPS-Korallen wie Goniopora, Trachyphyllia und Acanthophyllia von Vorteil ist.<\/p>\n<p>Refugite unterst\u00fctzt nicht nur Ihr Wasserleben, sondern absorbiert auch Phosphate und kann f\u00fcr den weiteren Gebrauch regeneriert werden. Au\u00dferdem ist es mit <strong>Biopronto<\/strong> angereichert, um seine Wirksamkeit zu verbessern.<\/p>\n","protected":false},"excerpt":{"rendered":"<p>.<\/p>\n","protected":false},"featured_media":79024,"template":"","meta":[],"pwb-brand":[2231],"product_cat":[1483],"product_tag":[],"class_list":{"0":"post-87752","1":"product","2":"type-product","3":"status-publish","4":"has-post-thumbnail","6":"pwb-brand-two-little-fishies","7":"product_cat-refugium-de","9":"first","10":"outofstock","11":"sale","12":"taxable","13":"shipping-taxable","14":"purchasable","15":"product-type-simple"},"acf":[],"brands":[{"id":2231,"name":"Two Little Fishies","slug":"two-little-fishies"}],"_links":{"self":[{"href":"https:\/\/www.seaflowerstore.com\/de\/wp-json\/wp\/v2\/product\/87752","targetHints":{"allow":["GET"]}}],"collection":[{"href":"https:\/\/www.seaflowerstore.com\/de\/wp-json\/wp\/v2\/product"}],"about":[{"href":"https:\/\/www.seaflowerstore.com\/de\/wp-json\/wp\/v2\/types\/product"}],"wp:featuredmedia":[{"embeddable":true,"href":"https:\/\/www.seaflowerstore.com\/de\/wp-json\/wp\/v2\/media\/79024"}],"wp:attachment":[{"href":"https:\/\/www.seaflowerstore.com\/de\/wp-json\/wp\/v2\/media?parent=87752"}],"wp:term":[{"taxonomy":"pwb-brand","embeddable":true,"href":"https:\/\/www.seaflowerstore.com\/de\/wp-json\/wp\/v2\/pwb-brand?post=87752"},{"taxonomy":"product_cat","embeddable":true,"href":"https:\/\/www.seaflowerstore.com\/de\/wp-json\/wp\/v2\/product_cat?post=87752"},{"taxonomy":"product_tag","embeddable":true,"href":"https:\/\/www.seaflowerstore.com\/de\/wp-json\/wp\/v2\/product_tag?post=87752"}],"curies":[{"name":"wp","href":"https:\/\/api.w.org\/{rel}","templated":true}]}}